{"id":465,"date":"2021-04-12T10:36:49","date_gmt":"2021-04-12T08:36:49","guid":{"rendered":"http:\/\/www.geertjehansen.it\/?page_id=465"},"modified":"2021-05-26T11:31:49","modified_gmt":"2021-05-26T09:31:49","slug":"santa-croce-e-santa-maria-novella","status":"publish","type":"page","link":"https:\/\/www.geertjehansen.it\/pt-pt\/home\/tours\/museus-e-igrejas\/santa-croce-e-santa-maria-novella\/","title":{"rendered":"Santa Croce e Santa Maria Novella"},"content":{"rendered":"\n<p>Estas duas igrejas t\u00eam tanto que oferecer que podem ser considerados aut\u00eanticos museus. Desde o s\u00e9culo dezoito, <strong><em>Santa Croce<\/em><\/strong> \u00e9 tamb\u00e9m conhecida como o pante\u00e3o da cultura italiana, j\u00e1 que a igreja d\u00e1 repouso eterno a <strong><em>Michelangelo, Galileo Galilei, Macchiavelli<\/em><\/strong> e a <strong><em>Vittorio Alfieri<\/em><\/strong>, entre muitas outras personalidades igualmente importantes.<\/p>\n\n\n\n<p>Al\u00e9m disso, \u00e9 poss\u00edvel admirar tamb\u00e9m obras de arte incompar\u00e1veis, distribu\u00eddas pelas paredes de in\u00fameras capelas, que os patriarcas florentinos do passado financiaram para celebrar as suas fam\u00edlias.<\/p>\n\n\n\n<p>Este costume prolifera na maioria das igrejas italianas, embora em poucas delas se possa ter um panorama art\u00edstico t\u00e3o completo tal como o que se pode observar na Igreja de<strong> <em>Santa Maria Novella<\/em><\/strong>, de estilo g\u00f3tico. Nesta, \u00e9 poss\u00edvel apreciar obras dos mais importantes artistas como<em><strong> Giotto, Orcagna, Andrea di Bonaiuto, Masaccio, Brunelleschi, Paolo Uccello, Botticelli, Ghirlandaio, Filippino Lippi, Naldini ou Vasari<\/strong><\/em>.<\/p>\n","protected":false},"excerpt":{"rendered":"<p>Estas duas igrejas t\u00eam tanto que oferecer que podem ser considerados aut\u00eanticos museus. Desde o s\u00e9culo dezoito, Santa Croce \u00e9 tamb\u00e9m conhecida como o pante\u00e3o da cultura italiana, j\u00e1 que a igreja d\u00e1 repouso eterno a Michelangelo, Galileo Galilei, Macchiavelli e a Vittorio Alfieri, entre muitas outras personalidades igualmente importantes. Al\u00e9m disso, \u00e9 poss\u00edvel admirar [&hellip;]<\/p>\n","protected":false},"author":1,"featured_media":168,"parent":433,"menu_order":50,"comment_status":"closed","ping_status":"closed","template":"","meta":{"_acf_changed":false,"footnotes":""},"class_list":["post-465","page","type-page","status-publish","has-post-thumbnail","hentry"],"acf":[],"yoast_head":"<!-- This site is optimized with the Yoast SEO plugin v24.9 - https:\/\/yoast.com\/wordpress\/plugins\/seo\/ -->\n<title>Santa Croce e Santa Maria Novella | Geertje Hansen | Guia tur\u00edstica Floren\u00e7a<\/title>\n<meta name=\"description\" content=\"Visita guiada \u00e0 umas das maiores igrejas da cidade de Floren\u00e7a que conservam obras de valor inestim\u00e0vel como as de Giotto, Donatello, Masaccio, Ghirlandaio, Brunelleschi\" \/>\n<meta name=\"robots\" content=\"index, follow, max-snippet:-1, max-image-preview:large, max-video-preview:-1\" \/>\n<link rel=\"canonical\" href=\"https:\/\/www.geertjehansen.it\/pt-pt\/home\/tours\/museus-e-igrejas\/santa-croce-e-santa-maria-novella\/\" \/>\n<meta property=\"og:locale\" content=\"pt_PT\" \/>\n<meta property=\"og:type\" content=\"article\" \/>\n<meta property=\"og:title\" content=\"Santa Croce e Santa Maria Novella | Geertje Hansen | Guia tur\u00edstica Floren\u00e7a\" \/>\n<meta property=\"og:description\" content=\"Visita guiada \u00e0 umas das maiores igrejas da cidade de Floren\u00e7a que conservam obras de valor inestim\u00e0vel como as de Giotto, Donatello, Masaccio, Ghirlandaio, Brunelleschi\" \/>\n<meta property=\"og:url\" content=\"https:\/\/www.geertjehansen.it\/pt-pt\/home\/tours\/museus-e-igrejas\/santa-croce-e-santa-maria-novella\/\" \/>\n<meta property=\"og:site_name\" content=\"Geertje Hansen\" \/>\n<meta property=\"article:modified_time\" content=\"2021-05-26T09:31:49+00:00\" \/>\n<meta property=\"og:image\" content=\"https:\/\/www.geertjehansen.it\/wp-content\/uploads\/2021\/03\/santa-maria-novella-firenze.jpg\" \/>\n\t<meta property=\"og:image:width\" content=\"2400\" \/>\n\t<meta property=\"og:image:height\" content=\"1689\" \/>\n\t<meta property=\"og:image:type\" content=\"image\/jpeg\" \/>\n<meta name=\"twitter:card\" content=\"summary_large_image\" \/>\n<meta name=\"twitter:label1\" content=\"Tempo estimado de leitura\" \/>\n\t<meta name=\"twitter:data1\" content=\"1 minuto\" \/>\n<script type=\"application\/ld+json\" class=\"yoast-schema-graph\">{\"@context\":\"https:\/\/schema.org\",\"@graph\":[{\"@type\":\"WebPage\",\"@id\":\"https:\/\/www.geertjehansen.it\/pt-pt\/home\/tours\/museus-e-igrejas\/santa-croce-e-santa-maria-novella\/\",\"url\":\"https:\/\/www.geertjehansen.it\/pt-pt\/home\/tours\/museus-e-igrejas\/santa-croce-e-santa-maria-novella\/\",\"name\":\"Santa Croce e Santa Maria Novella | Geertje Hansen | Guia tur\u00edstica Floren\u00e7a\",\"isPartOf\":{\"@id\":\"https:\/\/www.geertjehansen.it\/pt-pt\/#website\"},\"primaryImageOfPage\":{\"@id\":\"https:\/\/www.geertjehansen.it\/pt-pt\/home\/tours\/museus-e-igrejas\/santa-croce-e-santa-maria-novella\/#primaryimage\"},\"image\":{\"@id\":\"https:\/\/www.geertjehansen.it\/pt-pt\/home\/tours\/museus-e-igrejas\/santa-croce-e-santa-maria-novella\/#primaryimage\"},\"thumbnailUrl\":\"https:\/\/www.geertjehansen.it\/wp-content\/uploads\/2021\/03\/santa-maria-novella-firenze.jpg\",\"datePublished\":\"2021-04-12T08:36:49+00:00\",\"dateModified\":\"2021-05-26T09:31:49+00:00\",\"description\":\"Visita guiada \u00e0 umas das maiores igrejas da cidade de Floren\u00e7a que conservam obras de valor inestim\u00e0vel como as de Giotto, Donatello, Masaccio, Ghirlandaio, Brunelleschi\",\"breadcrumb\":{\"@id\":\"https:\/\/www.geertjehansen.it\/pt-pt\/home\/tours\/museus-e-igrejas\/santa-croce-e-santa-maria-novella\/#breadcrumb\"},\"inLanguage\":\"pt-PT\",\"potentialAction\":[{\"@type\":\"ReadAction\",\"target\":[\"https:\/\/www.geertjehansen.it\/pt-pt\/home\/tours\/museus-e-igrejas\/santa-croce-e-santa-maria-novella\/\"]}]},{\"@type\":\"ImageObject\",\"inLanguage\":\"pt-PT\",\"@id\":\"https:\/\/www.geertjehansen.it\/pt-pt\/home\/tours\/museus-e-igrejas\/santa-croce-e-santa-maria-novella\/#primaryimage\",\"url\":\"https:\/\/www.geertjehansen.it\/wp-content\/uploads\/2021\/03\/santa-maria-novella-firenze.jpg\",\"contentUrl\":\"https:\/\/www.geertjehansen.it\/wp-content\/uploads\/2021\/03\/santa-maria-novella-firenze.jpg\",\"width\":2400,\"height\":1689},{\"@type\":\"BreadcrumbList\",\"@id\":\"https:\/\/www.geertjehansen.it\/pt-pt\/home\/tours\/museus-e-igrejas\/santa-croce-e-santa-maria-novella\/#breadcrumb\",\"itemListElement\":[{\"@type\":\"ListItem\",\"position\":1,\"name\":\"Home\",\"item\":\"https:\/\/www.geertjehansen.it\/pt-pt\/\"},{\"@type\":\"ListItem\",\"position\":2,\"name\":\"Home\",\"item\":\"https:\/\/www.geertjehansen.it\/pt-pt\/\"},{\"@type\":\"ListItem\",\"position\":3,\"name\":\"Tours\",\"item\":\"https:\/\/www.geertjehansen.it\/pt-pt\/home\/tours\/\"},{\"@type\":\"ListItem\",\"position\":4,\"name\":\"Museus e Igrejas\",\"item\":\"https:\/\/www.geertjehansen.it\/pt-pt\/home\/tours\/museus-e-igrejas\/\"},{\"@type\":\"ListItem\",\"position\":5,\"name\":\"Santa Croce e Santa Maria Novella\"}]},{\"@type\":\"WebSite\",\"@id\":\"https:\/\/www.geertjehansen.it\/pt-pt\/#website\",\"url\":\"https:\/\/www.geertjehansen.it\/pt-pt\/\",\"name\":\"Geertje Hansen\",\"description\":\"Florence Tour Guide\",\"publisher\":{\"@id\":\"https:\/\/www.geertjehansen.it\/pt-pt\/#organization\"},\"potentialAction\":[{\"@type\":\"SearchAction\",\"target\":{\"@type\":\"EntryPoint\",\"urlTemplate\":\"https:\/\/www.geertjehansen.it\/pt-pt\/?s={search_term_string}\"},\"query-input\":{\"@type\":\"PropertyValueSpecification\",\"valueRequired\":true,\"valueName\":\"search_term_string\"}}],\"inLanguage\":\"pt-PT\"},{\"@type\":\"Organization\",\"@id\":\"https:\/\/www.geertjehansen.it\/pt-pt\/#organization\",\"name\":\"Geertje Hansen\",\"url\":\"https:\/\/www.geertjehansen.it\/pt-pt\/\",\"logo\":{\"@type\":\"ImageObject\",\"inLanguage\":\"pt-PT\",\"@id\":\"https:\/\/www.geertjehansen.it\/pt-pt\/#\/schema\/logo\/image\/\",\"url\":\"https:\/\/www.geertjehansen.it\/wp-content\/uploads\/2021\/04\/geertje-hansen-logo.png\",\"contentUrl\":\"https:\/\/www.geertjehansen.it\/wp-content\/uploads\/2021\/04\/geertje-hansen-logo.png\",\"width\":465,\"height\":136,\"caption\":\"Geertje Hansen\"},\"image\":{\"@id\":\"https:\/\/www.geertjehansen.it\/pt-pt\/#\/schema\/logo\/image\/\"}}]}<\/script>\n<!-- \/ Yoast SEO plugin. -->","yoast_head_json":{"title":"Santa Croce e Santa Maria Novella | Geertje Hansen | Guia tur\u00edstica Floren\u00e7a","description":"Visita guiada \u00e0 umas das maiores igrejas da cidade de Floren\u00e7a que conservam obras de valor inestim\u00e0vel como as de Giotto, Donatello, Masaccio, Ghirlandaio, Brunelleschi","robots":{"index":"index","follow":"follow","max-snippet":"max-snippet:-1","max-image-preview":"max-image-preview:large","max-video-preview":"max-video-preview:-1"},"canonical":"https:\/\/www.geertjehansen.it\/pt-pt\/home\/tours\/museus-e-igrejas\/santa-croce-e-santa-maria-novella\/","og_locale":"pt_PT","og_type":"article","og_title":"Santa Croce e Santa Maria Novella | Geertje Hansen | Guia tur\u00edstica Floren\u00e7a","og_description":"Visita guiada \u00e0 umas das maiores igrejas da cidade de Floren\u00e7a que conservam obras de valor inestim\u00e0vel como as de Giotto, Donatello, Masaccio, Ghirlandaio, Brunelleschi","og_url":"https:\/\/www.geertjehansen.it\/pt-pt\/home\/tours\/museus-e-igrejas\/santa-croce-e-santa-maria-novella\/","og_site_name":"Geertje Hansen","article_modified_time":"2021-05-26T09:31:49+00:00","og_image":[{"width":2400,"height":1689,"url":"https:\/\/www.geertjehansen.it\/wp-content\/uploads\/2021\/03\/santa-maria-novella-firenze.jpg","type":"image\/jpeg"}],"twitter_card":"summary_large_image","twitter_misc":{"Tempo estimado de leitura":"1 minuto"},"schema":{"@context":"https:\/\/schema.org","@graph":[{"@type":"WebPage","@id":"https:\/\/www.geertjehansen.it\/pt-pt\/home\/tours\/museus-e-igrejas\/santa-croce-e-santa-maria-novella\/","url":"https:\/\/www.geertjehansen.it\/pt-pt\/home\/tours\/museus-e-igrejas\/santa-croce-e-santa-maria-novella\/","name":"Santa Croce e Santa Maria Novella | Geertje Hansen | Guia tur\u00edstica Floren\u00e7a","isPartOf":{"@id":"https:\/\/www.geertjehansen.it\/pt-pt\/#website"},"primaryImageOfPage":{"@id":"https:\/\/www.geertjehansen.it\/pt-pt\/home\/tours\/museus-e-igrejas\/santa-croce-e-santa-maria-novella\/#primaryimage"},"image":{"@id":"https:\/\/www.geertjehansen.it\/pt-pt\/home\/tours\/museus-e-igrejas\/santa-croce-e-santa-maria-novella\/#primaryimage"},"thumbnailUrl":"https:\/\/www.geertjehansen.it\/wp-content\/uploads\/2021\/03\/santa-maria-novella-firenze.jpg","datePublished":"2021-04-12T08:36:49+00:00","dateModified":"2021-05-26T09:31:49+00:00","description":"Visita guiada \u00e0 umas das maiores igrejas da cidade de Floren\u00e7a que conservam obras de valor inestim\u00e0vel como as de Giotto, Donatello, Masaccio, Ghirlandaio, Brunelleschi","breadcrumb":{"@id":"https:\/\/www.geertjehansen.it\/pt-pt\/home\/tours\/museus-e-igrejas\/santa-croce-e-santa-maria-novella\/#breadcrumb"},"inLanguage":"pt-PT","potentialAction":[{"@type":"ReadAction","target":["https:\/\/www.geertjehansen.it\/pt-pt\/home\/tours\/museus-e-igrejas\/santa-croce-e-santa-maria-novella\/"]}]},{"@type":"ImageObject","inLanguage":"pt-PT","@id":"https:\/\/www.geertjehansen.it\/pt-pt\/home\/tours\/museus-e-igrejas\/santa-croce-e-santa-maria-novella\/#primaryimage","url":"https:\/\/www.geertjehansen.it\/wp-content\/uploads\/2021\/03\/santa-maria-novella-firenze.jpg","contentUrl":"https:\/\/www.geertjehansen.it\/wp-content\/uploads\/2021\/03\/santa-maria-novella-firenze.jpg","width":2400,"height":1689},{"@type":"BreadcrumbList","@id":"https:\/\/www.geertjehansen.it\/pt-pt\/home\/tours\/museus-e-igrejas\/santa-croce-e-santa-maria-novella\/#breadcrumb","itemListElement":[{"@type":"ListItem","position":1,"name":"Home","item":"https:\/\/www.geertjehansen.it\/pt-pt\/"},{"@type":"ListItem","position":2,"name":"Home","item":"https:\/\/www.geertjehansen.it\/pt-pt\/"},{"@type":"ListItem","position":3,"name":"Tours","item":"https:\/\/www.geertjehansen.it\/pt-pt\/home\/tours\/"},{"@type":"ListItem","position":4,"name":"Museus e Igrejas","item":"https:\/\/www.geertjehansen.it\/pt-pt\/home\/tours\/museus-e-igrejas\/"},{"@type":"ListItem","position":5,"name":"Santa Croce e Santa Maria Novella"}]},{"@type":"WebSite","@id":"https:\/\/www.geertjehansen.it\/pt-pt\/#website","url":"https:\/\/www.geertjehansen.it\/pt-pt\/","name":"Geertje Hansen","description":"Florence Tour Guide","publisher":{"@id":"https:\/\/www.geertjehansen.it\/pt-pt\/#organization"},"potentialAction":[{"@type":"SearchAction","target":{"@type":"EntryPoint","urlTemplate":"https:\/\/www.geertjehansen.it\/pt-pt\/?s={search_term_string}"},"query-input":{"@type":"PropertyValueSpecification","valueRequired":true,"valueName":"search_term_string"}}],"inLanguage":"pt-PT"},{"@type":"Organization","@id":"https:\/\/www.geertjehansen.it\/pt-pt\/#organization","name":"Geertje Hansen","url":"https:\/\/www.geertjehansen.it\/pt-pt\/","logo":{"@type":"ImageObject","inLanguage":"pt-PT","@id":"https:\/\/www.geertjehansen.it\/pt-pt\/#\/schema\/logo\/image\/","url":"https:\/\/www.geertjehansen.it\/wp-content\/uploads\/2021\/04\/geertje-hansen-logo.png","contentUrl":"https:\/\/www.geertjehansen.it\/wp-content\/uploads\/2021\/04\/geertje-hansen-logo.png","width":465,"height":136,"caption":"Geertje Hansen"},"image":{"@id":"https:\/\/www.geertjehansen.it\/pt-pt\/#\/schema\/logo\/image\/"}}]}},"_links":{"self":[{"href":"https:\/\/www.geertjehansen.it\/pt-pt\/wp-json\/wp\/v2\/pages\/465","targetHints":{"allow":["GET"]}}],"collection":[{"href":"https:\/\/www.geertjehansen.it\/pt-pt\/wp-json\/wp\/v2\/pages"}],"about":[{"href":"https:\/\/www.geertjehansen.it\/pt-pt\/wp-json\/wp\/v2\/types\/page"}],"author":[{"embeddable":true,"href":"https:\/\/www.geertjehansen.it\/pt-pt\/wp-json\/wp\/v2\/users\/1"}],"replies":[{"embeddable":true,"href":"https:\/\/www.geertjehansen.it\/pt-pt\/wp-json\/wp\/v2\/comments?post=465"}],"version-history":[{"count":2,"href":"https:\/\/www.geertjehansen.it\/pt-pt\/wp-json\/wp\/v2\/pages\/465\/revisions"}],"predecessor-version":[{"id":1630,"href":"https:\/\/www.geertjehansen.it\/pt-pt\/wp-json\/wp\/v2\/pages\/465\/revisions\/1630"}],"up":[{"embeddable":true,"href":"https:\/\/www.geertjehansen.it\/pt-pt\/wp-json\/wp\/v2\/pages\/433"}],"wp:featuredmedia":[{"embeddable":true,"href":"https:\/\/www.geertjehansen.it\/pt-pt\/wp-json\/wp\/v2\/media\/168"}],"wp:attachment":[{"href":"https:\/\/www.geertjehansen.it\/pt-pt\/wp-json\/wp\/v2\/media?parent=465"}],"curies":[{"name":"wp","href":"https:\/\/api.w.org\/{rel}","templated":true}]}}