{"id":454,"date":"2021-04-12T10:30:15","date_gmt":"2021-04-12T08:30:15","guid":{"rendered":"http:\/\/www.geertjehansen.it\/?page_id=454"},"modified":"2021-05-26T12:24:33","modified_gmt":"2021-05-26T10:24:33","slug":"palazzo-pitti-e-jardins-de-boboli","status":"publish","type":"page","link":"https:\/\/www.geertjehansen.it\/pt-pt\/home\/tours\/museus-e-igrejas\/palazzo-pitti-e-jardins-de-boboli\/","title":{"rendered":"Palazzo Pitti e Jardins de Boboli"},"content":{"rendered":"\n<p>Poderia escrever p\u00e1ginas e p\u00e1ginas sobre tudo o que h\u00e1 para ver neste pal\u00e1cio, a \u00faltima resid\u00eancia da Fam\u00edlia Medici. Habitado por todos os governantes da Toscana e tamb\u00e9m pelo nosso primeiro Rei Vittorio Emanuele II, a constru\u00e7\u00e3o acolhe atualmente 6 museus (que n\u00e3o t\u00eam, obviamente, de ser visitados de uma s\u00f3 vez).<\/p>\n\n\n\n<p>Pessoalmente, recomendo a <strong><em>Galleria Palatina<\/em><\/strong>, onde poder\u00e1 admirar as pinturas que cobrem praticamente todos os espa\u00e7os das paredes, bem como os maravilhosos estuques e frescos que decoram os quartos. Com as suas 13 pinturas de <strong><em>Raffaello<\/em><\/strong>, os <strong><em>Caravaggios<\/em><\/strong>, as obras de arte de <strong><em>Rubens<\/em><\/strong>, <strong><em>Tiziano<\/em><\/strong>, <strong><em>Antonie van Dyck<\/em><\/strong>, e muitas outras, este \u00e9, certamente, um dos espa\u00e7os que recordar\u00e1 quando regressar a casa. No caso de achar que j\u00e1 viu suficiente arte antiga e de lhe apetecer um pouco de arte moderna, a \u00fanica coisa que tem de fazer \u00e9 subir ao segundo andar para apreciar a <strong><em>Galleria d\u2019ArteModerna<\/em><\/strong>, onde pode admirar pinturas desde princ\u00edpios do s\u00e9culo XIX at\u00e9 ao in\u00edcios do s\u00e9culo XX. Entre essas obras, poder\u00e1 ver as pinturas dos \u2018Macchiaioli\u2019, com um estilo pr\u00f3ximo dos impressionistas franceses. No Pal\u00e1cio Pitti tamb\u00e9m se encontra a <strong><em>Galleria degli Argenti<\/em><\/strong>, contendo o que resta do \u2018Tesouro Medici\u2019 e mostrando alguns dos melhores frescos ilusionistas (trompe l\u2019oeil) do s\u00e9culo XVII. Os cerca de 45 hectares de jardins (chamados <strong><em>Boboli<\/em><\/strong>) que se localizam na parte traseira do Pal\u00e1cio com os seus desenhos renascentistas, vegeta\u00e7\u00e3o peculiar, fontes, est\u00e1tuas e grutas, t\u00eam tamb\u00e9m muita Hist\u00f3ria que contar\u2026 assim como os <strong><em>Museus do Traje<\/em><\/strong> e da <strong><em>Porcelana<\/em><\/strong>.<\/p>\n\n\n\n<p>Al\u00e9m das propostas anteriores, pode combinar a visita de algumas partes deste Pal\u00e1cio com outras de \u2018Oltrarno\u2019 (veja a sec\u00e7\u00e3o dedicada a esta \u00e1rea) ou com os <strong><em>Jardins Bardini<\/em><\/strong> e o <strong><em>Forte Belvedere<\/em><\/strong> localizado no cimo da colina.<\/p>\n\n\n<style>.wp-block-kadence-advancedgallery .kb-gallery-type-grid.kb-gallery-id-_eb2c4c-34{margin:-5px;}.kb-gallery-type-grid.kb-gallery-id-_eb2c4c-34 .kadence-blocks-gallery-item{padding:5px;}.kb-gallery-id-_eb2c4c-34 .kadence-blocks-gallery-item .kb-gal-image-radius{border-radius:0px 0px 0px 0px;}<\/style>\n<div class=\"wp-block-kadence-advancedgallery kb-gallery-wrap-id-_eb2c4c-34\"><ul class=\"kb-gallery-ul kb-gallery-type-grid kb-gallery-id-_eb2c4c-34 kb-gallery-caption-style-bottom-hover kb-gallery-filter-none kb-gallery-magnific-init\" data-item-selector=\".kadence-blocks-gallery-item\" data-image-filter=\"none\" data-lightbox-caption=\"true\" data-columns-xxl=\"2\" data-columns-xl=\"2\" data-columns-lg=\"2\" data-columns-md=\"2\" data-columns-sm=\"1\" data-columns-xs=\"1\"><li class=\"kadence-blocks-gallery-item\"><div class=\"kadence-blocks-gallery-item-inner\"><figure class=\"kb-gallery-figure kb-gallery-item-has-link kadence-blocks-gallery-item-hide-caption kb-has-image-ratio-land32\"><a href=\"https:\/\/www.geertjehansen.it\/wp-content\/uploads\/2021\/04\/bardini-pitti-giardino.png\" class=\"kb-gallery-item-link\"><div class=\"kb-gal-image-radius\"><div class=\"kb-gallery-image-contain kadence-blocks-gallery-intrinsic kb-gallery-image-ratio-land32\"><img loading=\"lazy\" decoding=\"async\" width=\"1000\" height=\"750\" src=\"https:\/\/www.geertjehansen.it\/wp-content\/themes\/webag_3\/templates-default\/img\/t.png\" data-src=\"https:\/\/www.geertjehansen.it\/wp-content\/uploads\/2021\/04\/bardini-pitti-giardino.png\" alt=\"Glicine, giardini Firenze\" data-full-image=\"https:\/\/www.geertjehansen.it\/wp-content\/uploads\/2021\/04\/bardini-pitti-giardino.png\" data-light-image=\"https:\/\/www.geertjehansen.it\/wp-content\/uploads\/2021\/04\/bardini-pitti-giardino.png\" data-id=\"696\" data-link=\"http:\/\/www.geertjehansen.it\/pt-pt\/home\/tours\/museus-e-igrejas\/palazzo-pitti-e-jardins-de-boboli\/bardini-pitti-giardino-2\/\" class=\"lazy wp-image-696undefined\" data-srcset=\"https:\/\/www.geertjehansen.it\/wp-content\/uploads\/2021\/04\/bardini-pitti-giardino.png 1000w, https:\/\/www.geertjehansen.it\/wp-content\/uploads\/2021\/04\/bardini-pitti-giardino-300x225.png 300w, https:\/\/www.geertjehansen.it\/wp-content\/uploads\/2021\/04\/bardini-pitti-giardino-768x576.png 768w, https:\/\/www.geertjehansen.it\/wp-content\/uploads\/2021\/04\/bardini-pitti-giardino-150x113.png 150w\" sizes=\"auto, (max-width: 1000px) 100vw, 1000px\" \/><\/div><\/div><\/a><\/figure><\/div><\/li><li class=\"kadence-blocks-gallery-item\"><div class=\"kadence-blocks-gallery-item-inner\"><figure class=\"kb-gallery-figure kb-gallery-item-has-link kadence-blocks-gallery-item-hide-caption kb-has-image-ratio-land32\"><a href=\"http:\/\/www.geertjehansen.it\/wp-content\/uploads\/2021\/04\/pitti-bardini-firenze.jpg\" class=\"kb-gallery-item-link\"><div class=\"kb-gal-image-radius\"><div class=\"kb-gallery-image-contain kadence-blocks-gallery-intrinsic kb-gallery-image-ratio-land32\"><img loading=\"lazy\" decoding=\"async\" src=\"https:\/\/www.geertjehansen.it\/wp-content\/themes\/webag_3\/templates-default\/img\/t.png\" data-src=\"http:\/\/www.geertjehansen.it\/wp-content\/uploads\/2021\/04\/pitti-bardini-firenze-576x1024.jpg\" width=\"576\" height=\"1024\" alt=\"Scalinata Giardini Palazzo Pitti\" data-full-image=\"http:\/\/www.geertjehansen.it\/wp-content\/uploads\/2021\/04\/pitti-bardini-firenze.jpg\" data-light-image=\"http:\/\/www.geertjehansen.it\/wp-content\/uploads\/2021\/04\/pitti-bardini-firenze.jpg\" data-id=\"701\" data-link=\"http:\/\/www.geertjehansen.it\/pt-pt\/home\/tours\/museus-e-igrejas\/palazzo-pitti-e-jardins-de-boboli\/pitti-bardini-firenze-2\/\" class=\"lazy wp-image-701undefined\" data-srcset=\"https:\/\/www.geertjehansen.it\/wp-content\/uploads\/2021\/04\/pitti-bardini-firenze-576x1024.jpg 576w, https:\/\/www.geertjehansen.it\/wp-content\/uploads\/2021\/04\/pitti-bardini-firenze-169x300.jpg 169w, https:\/\/www.geertjehansen.it\/wp-content\/uploads\/2021\/04\/pitti-bardini-firenze-768x1366.jpg 768w, https:\/\/www.geertjehansen.it\/wp-content\/uploads\/2021\/04\/pitti-bardini-firenze-863x1536.jpg 863w, https:\/\/www.geertjehansen.it\/wp-content\/uploads\/2021\/04\/pitti-bardini-firenze-84x150.jpg 84w, https:\/\/www.geertjehansen.it\/wp-content\/uploads\/2021\/04\/pitti-bardini-firenze.jpg 1000w\" sizes=\"auto, (max-width: 576px) 100vw, 576px\" \/><\/div><\/div><\/a><\/figure><\/div><\/li><\/ul><\/div>\n","protected":false},"excerpt":{"rendered":"<p>Poderia escrever p\u00e1ginas e p\u00e1ginas sobre tudo o que h\u00e1 para ver neste pal\u00e1cio, a \u00faltima resid\u00eancia da Fam\u00edlia Medici. Habitado por todos os governantes da Toscana e tamb\u00e9m pelo nosso primeiro Rei Vittorio Emanuele II, a constru\u00e7\u00e3o acolhe atualmente 6 museus (que n\u00e3o t\u00eam, obviamente, de ser visitados de uma s\u00f3 vez). Pessoalmente, recomendo [&hellip;]<\/p>\n","protected":false},"author":1,"featured_media":387,"parent":433,"menu_order":41,"comment_status":"closed","ping_status":"closed","template":"","meta":{"_acf_changed":false,"footnotes":""},"class_list":["post-454","page","type-page","status-publish","has-post-thumbnail","hentry"],"acf":[],"yoast_head":"<!-- This site is optimized with the Yoast SEO plugin v24.9 - https:\/\/yoast.com\/wordpress\/plugins\/seo\/ -->\n<title>Palazzo Pitti e Jardins de Boboli | Geertje Hansen | Guia tur\u00edstica Floren\u00e7a<\/title>\n<meta name=\"description\" content=\"Visita atrav\u00e8s do Pal\u00e1cio Pitti, resid\u00eancia oficial de todos os governantes florentinos e exemplo de arquitetura renascentista. Por tr\u00e1s do pal\u00e0cio o maior jardim da cidade chamado B\u00f2boli.\" \/>\n<meta name=\"robots\" content=\"index, follow, max-snippet:-1, max-image-preview:large, max-video-preview:-1\" \/>\n<link rel=\"canonical\" href=\"https:\/\/www.geertjehansen.it\/pt-pt\/home\/tours\/museus-e-igrejas\/palazzo-pitti-e-jardins-de-boboli\/\" \/>\n<meta property=\"og:locale\" content=\"pt_PT\" \/>\n<meta property=\"og:type\" content=\"article\" \/>\n<meta property=\"og:title\" content=\"Palazzo Pitti e Jardins de Boboli | Geertje Hansen | Guia tur\u00edstica Floren\u00e7a\" \/>\n<meta property=\"og:description\" content=\"Visita atrav\u00e8s do Pal\u00e1cio Pitti, resid\u00eancia oficial de todos os governantes florentinos e exemplo de arquitetura renascentista. Por tr\u00e1s do pal\u00e0cio o maior jardim da cidade chamado B\u00f2boli.\" \/>\n<meta property=\"og:url\" content=\"https:\/\/www.geertjehansen.it\/pt-pt\/home\/tours\/museus-e-igrejas\/palazzo-pitti-e-jardins-de-boboli\/\" \/>\n<meta property=\"og:site_name\" content=\"Geertje Hansen\" \/>\n<meta property=\"article:modified_time\" content=\"2021-05-26T10:24:33+00:00\" \/>\n<meta property=\"og:image\" content=\"https:\/\/www.geertjehansen.it\/wp-content\/uploads\/2021\/03\/palazzo-pitti-boboli-gardens-tours-geertjehansen.jpg\" \/>\n\t<meta property=\"og:image:width\" content=\"1000\" \/>\n\t<meta property=\"og:image:height\" content=\"667\" \/>\n\t<meta property=\"og:image:type\" content=\"image\/jpeg\" \/>\n<meta name=\"twitter:card\" content=\"summary_large_image\" \/>\n<meta name=\"twitter:label1\" content=\"Tempo estimado de leitura\" \/>\n\t<meta name=\"twitter:data1\" content=\"2 minutos\" \/>\n<script type=\"application\/ld+json\" class=\"yoast-schema-graph\">{\"@context\":\"https:\/\/schema.org\",\"@graph\":[{\"@type\":\"WebPage\",\"@id\":\"https:\/\/www.geertjehansen.it\/pt-pt\/home\/tours\/museus-e-igrejas\/palazzo-pitti-e-jardins-de-boboli\/\",\"url\":\"https:\/\/www.geertjehansen.it\/pt-pt\/home\/tours\/museus-e-igrejas\/palazzo-pitti-e-jardins-de-boboli\/\",\"name\":\"Palazzo Pitti e Jardins de Boboli | Geertje Hansen | Guia tur\u00edstica Floren\u00e7a\",\"isPartOf\":{\"@id\":\"https:\/\/www.geertjehansen.it\/pt-pt\/#website\"},\"primaryImageOfPage\":{\"@id\":\"https:\/\/www.geertjehansen.it\/pt-pt\/home\/tours\/museus-e-igrejas\/palazzo-pitti-e-jardins-de-boboli\/#primaryimage\"},\"image\":{\"@id\":\"https:\/\/www.geertjehansen.it\/pt-pt\/home\/tours\/museus-e-igrejas\/palazzo-pitti-e-jardins-de-boboli\/#primaryimage\"},\"thumbnailUrl\":\"https:\/\/www.geertjehansen.it\/wp-content\/uploads\/2021\/03\/palazzo-pitti-boboli-gardens-tours-geertjehansen.jpg\",\"datePublished\":\"2021-04-12T08:30:15+00:00\",\"dateModified\":\"2021-05-26T10:24:33+00:00\",\"description\":\"Visita atrav\u00e8s do Pal\u00e1cio Pitti, resid\u00eancia oficial de todos os governantes florentinos e exemplo de arquitetura renascentista. Por tr\u00e1s do pal\u00e0cio o maior jardim da cidade chamado B\u00f2boli.\",\"breadcrumb\":{\"@id\":\"https:\/\/www.geertjehansen.it\/pt-pt\/home\/tours\/museus-e-igrejas\/palazzo-pitti-e-jardins-de-boboli\/#breadcrumb\"},\"inLanguage\":\"pt-PT\",\"potentialAction\":[{\"@type\":\"ReadAction\",\"target\":[\"https:\/\/www.geertjehansen.it\/pt-pt\/home\/tours\/museus-e-igrejas\/palazzo-pitti-e-jardins-de-boboli\/\"]}]},{\"@type\":\"ImageObject\",\"inLanguage\":\"pt-PT\",\"@id\":\"https:\/\/www.geertjehansen.it\/pt-pt\/home\/tours\/museus-e-igrejas\/palazzo-pitti-e-jardins-de-boboli\/#primaryimage\",\"url\":\"https:\/\/www.geertjehansen.it\/wp-content\/uploads\/2021\/03\/palazzo-pitti-boboli-gardens-tours-geertjehansen.jpg\",\"contentUrl\":\"https:\/\/www.geertjehansen.it\/wp-content\/uploads\/2021\/03\/palazzo-pitti-boboli-gardens-tours-geertjehansen.jpg\",\"width\":1000,\"height\":667,\"caption\":\"Palazzo Pitti & Boboli Gardens Tour\"},{\"@type\":\"BreadcrumbList\",\"@id\":\"https:\/\/www.geertjehansen.it\/pt-pt\/home\/tours\/museus-e-igrejas\/palazzo-pitti-e-jardins-de-boboli\/#breadcrumb\",\"itemListElement\":[{\"@type\":\"ListItem\",\"position\":1,\"name\":\"Home\",\"item\":\"https:\/\/www.geertjehansen.it\/pt-pt\/\"},{\"@type\":\"ListItem\",\"position\":2,\"name\":\"Home\",\"item\":\"https:\/\/www.geertjehansen.it\/pt-pt\/\"},{\"@type\":\"ListItem\",\"position\":3,\"name\":\"Tours\",\"item\":\"https:\/\/www.geertjehansen.it\/pt-pt\/home\/tours\/\"},{\"@type\":\"ListItem\",\"position\":4,\"name\":\"Museus e Igrejas\",\"item\":\"https:\/\/www.geertjehansen.it\/pt-pt\/home\/tours\/museus-e-igrejas\/\"},{\"@type\":\"ListItem\",\"position\":5,\"name\":\"Palazzo Pitti e Jardins de Boboli\"}]},{\"@type\":\"WebSite\",\"@id\":\"https:\/\/www.geertjehansen.it\/pt-pt\/#website\",\"url\":\"https:\/\/www.geertjehansen.it\/pt-pt\/\",\"name\":\"Geertje Hansen\",\"description\":\"Florence Tour Guide\",\"publisher\":{\"@id\":\"https:\/\/www.geertjehansen.it\/pt-pt\/#organization\"},\"potentialAction\":[{\"@type\":\"SearchAction\",\"target\":{\"@type\":\"EntryPoint\",\"urlTemplate\":\"https:\/\/www.geertjehansen.it\/pt-pt\/?s={search_term_string}\"},\"query-input\":{\"@type\":\"PropertyValueSpecification\",\"valueRequired\":true,\"valueName\":\"search_term_string\"}}],\"inLanguage\":\"pt-PT\"},{\"@type\":\"Organization\",\"@id\":\"https:\/\/www.geertjehansen.it\/pt-pt\/#organization\",\"name\":\"Geertje Hansen\",\"url\":\"https:\/\/www.geertjehansen.it\/pt-pt\/\",\"logo\":{\"@type\":\"ImageObject\",\"inLanguage\":\"pt-PT\",\"@id\":\"https:\/\/www.geertjehansen.it\/pt-pt\/#\/schema\/logo\/image\/\",\"url\":\"https:\/\/www.geertjehansen.it\/wp-content\/uploads\/2021\/04\/geertje-hansen-logo.png\",\"contentUrl\":\"https:\/\/www.geertjehansen.it\/wp-content\/uploads\/2021\/04\/geertje-hansen-logo.png\",\"width\":465,\"height\":136,\"caption\":\"Geertje Hansen\"},\"image\":{\"@id\":\"https:\/\/www.geertjehansen.it\/pt-pt\/#\/schema\/logo\/image\/\"}}]}<\/script>\n<!-- \/ Yoast SEO plugin. -->","yoast_head_json":{"title":"Palazzo Pitti e Jardins de Boboli | Geertje Hansen | Guia tur\u00edstica Floren\u00e7a","description":"Visita atrav\u00e8s do Pal\u00e1cio Pitti, resid\u00eancia oficial de todos os governantes florentinos e exemplo de arquitetura renascentista. Por tr\u00e1s do pal\u00e0cio o maior jardim da cidade chamado B\u00f2boli.","robots":{"index":"index","follow":"follow","max-snippet":"max-snippet:-1","max-image-preview":"max-image-preview:large","max-video-preview":"max-video-preview:-1"},"canonical":"https:\/\/www.geertjehansen.it\/pt-pt\/home\/tours\/museus-e-igrejas\/palazzo-pitti-e-jardins-de-boboli\/","og_locale":"pt_PT","og_type":"article","og_title":"Palazzo Pitti e Jardins de Boboli | Geertje Hansen | Guia tur\u00edstica Floren\u00e7a","og_description":"Visita atrav\u00e8s do Pal\u00e1cio Pitti, resid\u00eancia oficial de todos os governantes florentinos e exemplo de arquitetura renascentista. Por tr\u00e1s do pal\u00e0cio o maior jardim da cidade chamado B\u00f2boli.","og_url":"https:\/\/www.geertjehansen.it\/pt-pt\/home\/tours\/museus-e-igrejas\/palazzo-pitti-e-jardins-de-boboli\/","og_site_name":"Geertje Hansen","article_modified_time":"2021-05-26T10:24:33+00:00","og_image":[{"width":1000,"height":667,"url":"https:\/\/www.geertjehansen.it\/wp-content\/uploads\/2021\/03\/palazzo-pitti-boboli-gardens-tours-geertjehansen.jpg","type":"image\/jpeg"}],"twitter_card":"summary_large_image","twitter_misc":{"Tempo estimado de leitura":"2 minutos"},"schema":{"@context":"https:\/\/schema.org","@graph":[{"@type":"WebPage","@id":"https:\/\/www.geertjehansen.it\/pt-pt\/home\/tours\/museus-e-igrejas\/palazzo-pitti-e-jardins-de-boboli\/","url":"https:\/\/www.geertjehansen.it\/pt-pt\/home\/tours\/museus-e-igrejas\/palazzo-pitti-e-jardins-de-boboli\/","name":"Palazzo Pitti e Jardins de Boboli | Geertje Hansen | Guia tur\u00edstica Floren\u00e7a","isPartOf":{"@id":"https:\/\/www.geertjehansen.it\/pt-pt\/#website"},"primaryImageOfPage":{"@id":"https:\/\/www.geertjehansen.it\/pt-pt\/home\/tours\/museus-e-igrejas\/palazzo-pitti-e-jardins-de-boboli\/#primaryimage"},"image":{"@id":"https:\/\/www.geertjehansen.it\/pt-pt\/home\/tours\/museus-e-igrejas\/palazzo-pitti-e-jardins-de-boboli\/#primaryimage"},"thumbnailUrl":"https:\/\/www.geertjehansen.it\/wp-content\/uploads\/2021\/03\/palazzo-pitti-boboli-gardens-tours-geertjehansen.jpg","datePublished":"2021-04-12T08:30:15+00:00","dateModified":"2021-05-26T10:24:33+00:00","description":"Visita atrav\u00e8s do Pal\u00e1cio Pitti, resid\u00eancia oficial de todos os governantes florentinos e exemplo de arquitetura renascentista. Por tr\u00e1s do pal\u00e0cio o maior jardim da cidade chamado B\u00f2boli.","breadcrumb":{"@id":"https:\/\/www.geertjehansen.it\/pt-pt\/home\/tours\/museus-e-igrejas\/palazzo-pitti-e-jardins-de-boboli\/#breadcrumb"},"inLanguage":"pt-PT","potentialAction":[{"@type":"ReadAction","target":["https:\/\/www.geertjehansen.it\/pt-pt\/home\/tours\/museus-e-igrejas\/palazzo-pitti-e-jardins-de-boboli\/"]}]},{"@type":"ImageObject","inLanguage":"pt-PT","@id":"https:\/\/www.geertjehansen.it\/pt-pt\/home\/tours\/museus-e-igrejas\/palazzo-pitti-e-jardins-de-boboli\/#primaryimage","url":"https:\/\/www.geertjehansen.it\/wp-content\/uploads\/2021\/03\/palazzo-pitti-boboli-gardens-tours-geertjehansen.jpg","contentUrl":"https:\/\/www.geertjehansen.it\/wp-content\/uploads\/2021\/03\/palazzo-pitti-boboli-gardens-tours-geertjehansen.jpg","width":1000,"height":667,"caption":"Palazzo Pitti & Boboli Gardens Tour"},{"@type":"BreadcrumbList","@id":"https:\/\/www.geertjehansen.it\/pt-pt\/home\/tours\/museus-e-igrejas\/palazzo-pitti-e-jardins-de-boboli\/#breadcrumb","itemListElement":[{"@type":"ListItem","position":1,"name":"Home","item":"https:\/\/www.geertjehansen.it\/pt-pt\/"},{"@type":"ListItem","position":2,"name":"Home","item":"https:\/\/www.geertjehansen.it\/pt-pt\/"},{"@type":"ListItem","position":3,"name":"Tours","item":"https:\/\/www.geertjehansen.it\/pt-pt\/home\/tours\/"},{"@type":"ListItem","position":4,"name":"Museus e Igrejas","item":"https:\/\/www.geertjehansen.it\/pt-pt\/home\/tours\/museus-e-igrejas\/"},{"@type":"ListItem","position":5,"name":"Palazzo Pitti e Jardins de Boboli"}]},{"@type":"WebSite","@id":"https:\/\/www.geertjehansen.it\/pt-pt\/#website","url":"https:\/\/www.geertjehansen.it\/pt-pt\/","name":"Geertje Hansen","description":"Florence Tour Guide","publisher":{"@id":"https:\/\/www.geertjehansen.it\/pt-pt\/#organization"},"potentialAction":[{"@type":"SearchAction","target":{"@type":"EntryPoint","urlTemplate":"https:\/\/www.geertjehansen.it\/pt-pt\/?s={search_term_string}"},"query-input":{"@type":"PropertyValueSpecification","valueRequired":true,"valueName":"search_term_string"}}],"inLanguage":"pt-PT"},{"@type":"Organization","@id":"https:\/\/www.geertjehansen.it\/pt-pt\/#organization","name":"Geertje Hansen","url":"https:\/\/www.geertjehansen.it\/pt-pt\/","logo":{"@type":"ImageObject","inLanguage":"pt-PT","@id":"https:\/\/www.geertjehansen.it\/pt-pt\/#\/schema\/logo\/image\/","url":"https:\/\/www.geertjehansen.it\/wp-content\/uploads\/2021\/04\/geertje-hansen-logo.png","contentUrl":"https:\/\/www.geertjehansen.it\/wp-content\/uploads\/2021\/04\/geertje-hansen-logo.png","width":465,"height":136,"caption":"Geertje Hansen"},"image":{"@id":"https:\/\/www.geertjehansen.it\/pt-pt\/#\/schema\/logo\/image\/"}}]}},"_links":{"self":[{"href":"https:\/\/www.geertjehansen.it\/pt-pt\/wp-json\/wp\/v2\/pages\/454","targetHints":{"allow":["GET"]}}],"collection":[{"href":"https:\/\/www.geertjehansen.it\/pt-pt\/wp-json\/wp\/v2\/pages"}],"about":[{"href":"https:\/\/www.geertjehansen.it\/pt-pt\/wp-json\/wp\/v2\/types\/page"}],"author":[{"embeddable":true,"href":"https:\/\/www.geertjehansen.it\/pt-pt\/wp-json\/wp\/v2\/users\/1"}],"replies":[{"embeddable":true,"href":"https:\/\/www.geertjehansen.it\/pt-pt\/wp-json\/wp\/v2\/comments?post=454"}],"version-history":[{"count":6,"href":"https:\/\/www.geertjehansen.it\/pt-pt\/wp-json\/wp\/v2\/pages\/454\/revisions"}],"predecessor-version":[{"id":1636,"href":"https:\/\/www.geertjehansen.it\/pt-pt\/wp-json\/wp\/v2\/pages\/454\/revisions\/1636"}],"up":[{"embeddable":true,"href":"https:\/\/www.geertjehansen.it\/pt-pt\/wp-json\/wp\/v2\/pages\/433"}],"wp:featuredmedia":[{"embeddable":true,"href":"https:\/\/www.geertjehansen.it\/pt-pt\/wp-json\/wp\/v2\/media\/387"}],"wp:attachment":[{"href":"https:\/\/www.geertjehansen.it\/pt-pt\/wp-json\/wp\/v2\/media?parent=454"}],"curies":[{"name":"wp","href":"https:\/\/api.w.org\/{rel}","templated":true}]}}