{"id":441,"date":"2021-04-12T10:19:33","date_gmt":"2021-04-12T08:19:33","guid":{"rendered":"http:\/\/www.geertjehansen.it\/?page_id=441"},"modified":"2021-05-17T12:53:19","modified_gmt":"2021-05-17T10:53:19","slug":"galleria-dellaccademia","status":"publish","type":"page","link":"https:\/\/www.geertjehansen.it\/pt-pt\/home\/tours\/museus-e-igrejas\/galleria-dellaccademia\/","title":{"rendered":"Galleria dell\u2019Accademia"},"content":{"rendered":"\n<p>A Galeria hospeda algumas das mais interessantes esculturas de Michelangelo, como o <strong><em>David<\/em><\/strong> original, al\u00e9m de uma cole\u00e7\u00e3o not\u00e1vel de pinturas. A visita centra-se geralmente no trabalho deste famoso mestre da Renascen\u00e7a e nas suas esculturas inacabadas, atrav\u00e9s das quais conseguimos perceber o processo criativo daquela que ele considerou a sua arte favorita: a escultura.<\/p>\n\n\n\n<p>No entanto, dependendo do seu tempo e interesse pela menos conhecida mas igualmente extraordin\u00e1ria cole\u00e7\u00e3o <strong><em>de pinturas Pr\u00e9-Renascentistas<\/em><\/strong>, poderemos completar a visita analizando mais obras, desde a chamada Galleria del David at\u00e9 <strong><em>\u00e0 cole\u00e7\u00e3o de instrumentos musicais<\/em><\/strong>, que formam parte deste museu.<\/p>\n\n\n\n<p>\u00c9 poss\u00edvel ver a <strong><em>Galleria dell\u2019Accademia<\/em><\/strong> e a <strong><em>Galleria degli Uffizi<\/em><\/strong> numa visita conjunta de 4 horas, com uma introdu\u00e7\u00e3o \u00e0 hist\u00f3ria Florentina, passando pelo Duomo, pelo centro medieval e pela Piazza Signoria, no caminho de um museu para o outro.<\/p>\n\n\n<style>.wp-block-kadence-advancedgallery .kb-gallery-type-grid.kb-gallery-id-_62c140-b9{margin:-5px;}.kb-gallery-type-grid.kb-gallery-id-_62c140-b9 .kadence-blocks-gallery-item{padding:5px;}.kb-gallery-id-_62c140-b9 .kadence-blocks-gallery-item .kb-gal-image-radius{border-radius:0px 0px 0px 0px;}<\/style>\n<div class=\"wp-block-kadence-advancedgallery kb-gallery-wrap-id-_62c140-b9\"><ul class=\"kb-gallery-ul kb-gallery-type-grid kb-gallery-id-_62c140-b9 kb-gallery-caption-style-bottom-hover kb-gallery-filter-none kb-gallery-magnific-init\" data-item-selector=\".kadence-blocks-gallery-item\" data-image-filter=\"none\" data-lightbox-caption=\"true\" data-columns-xxl=\"3\" data-columns-xl=\"3\" data-columns-lg=\"3\" data-columns-md=\"2\" data-columns-sm=\"1\" data-columns-xs=\"1\"><li class=\"kadence-blocks-gallery-item\"><div class=\"kadence-blocks-gallery-item-inner\"><figure class=\"kb-gallery-figure kb-gallery-item-has-link kadence-blocks-gallery-item-hide-caption kb-has-image-ratio-land32\"><a href=\"http:\/\/www.geertjehansen.it\/wp-content\/uploads\/2021\/04\/david-michelangelo-firenze.jpg\" class=\"kb-gallery-item-link\"><div class=\"kb-gal-image-radius\"><div class=\"kb-gallery-image-contain kadence-blocks-gallery-intrinsic kb-gallery-image-ratio-land32\"><img loading=\"lazy\" decoding=\"async\" width=\"1000\" height=\"750\" src=\"https:\/\/www.geertjehansen.it\/wp-content\/themes\/webag_3\/templates-default\/img\/t.png\" data-src=\"http:\/\/www.geertjehansen.it\/wp-content\/uploads\/2021\/04\/david-michelangelo-firenze.jpg\" alt=\"David di Michelangelo\" data-full-image=\"http:\/\/www.geertjehansen.it\/wp-content\/uploads\/2021\/04\/david-michelangelo-firenze.jpg\" data-light-image=\"http:\/\/www.geertjehansen.it\/wp-content\/uploads\/2021\/04\/david-michelangelo-firenze.jpg\" data-id=\"960\" data-link=\"http:\/\/www.geertjehansen.it\/pt-pt\/david-michelangelo-firenze-2\/\" class=\"lazy wp-image-960undefined\" data-srcset=\"https:\/\/www.geertjehansen.it\/wp-content\/uploads\/2021\/04\/david-michelangelo-firenze.jpg 1000w, https:\/\/www.geertjehansen.it\/wp-content\/uploads\/2021\/04\/david-michelangelo-firenze-300x225.jpg 300w, https:\/\/www.geertjehansen.it\/wp-content\/uploads\/2021\/04\/david-michelangelo-firenze-768x576.jpg 768w, https:\/\/www.geertjehansen.it\/wp-content\/uploads\/2021\/04\/david-michelangelo-firenze-150x113.jpg 150w\" sizes=\"auto, (max-width: 1000px) 100vw, 1000px\" \/><\/div><\/div><\/a><\/figure><\/div><\/li><li class=\"kadence-blocks-gallery-item\"><div class=\"kadence-blocks-gallery-item-inner\"><figure class=\"kb-gallery-figure kb-gallery-item-has-link kadence-blocks-gallery-item-hide-caption kb-has-image-ratio-land32\"><a href=\"http:\/\/www.geertjehansen.it\/wp-content\/uploads\/2021\/04\/accademia-firenze-david-michelangelo-rotated.jpg\" class=\"kb-gallery-item-link\"><div class=\"kb-gal-image-radius\"><div class=\"kb-gallery-image-contain kadence-blocks-gallery-intrinsic kb-gallery-image-ratio-land32\"><img loading=\"lazy\" decoding=\"async\" width=\"317\" height=\"563\" src=\"https:\/\/www.geertjehansen.it\/wp-content\/themes\/webag_3\/templates-default\/img\/t.png\" data-src=\"http:\/\/www.geertjehansen.it\/wp-content\/uploads\/2021\/04\/accademia-firenze-david-michelangelo-rotated.jpg\" alt=\"Tribuna del David, Galleria dell'Accademia, Firenze\" data-full-image=\"http:\/\/www.geertjehansen.it\/wp-content\/uploads\/2021\/04\/accademia-firenze-david-michelangelo-rotated.jpg\" data-light-image=\"http:\/\/www.geertjehansen.it\/wp-content\/uploads\/2021\/04\/accademia-firenze-david-michelangelo-rotated.jpg\" data-id=\"656\" data-link=\"http:\/\/www.geertjehansen.it\/pt-pt\/home\/tours\/museus-e-igrejas\/galleria-dellaccademia\/accademia-firenze-david-michelangelo-2\/\" class=\"lazy wp-image-656undefined\" data-srcset=\"https:\/\/www.geertjehansen.it\/wp-content\/uploads\/2021\/04\/accademia-firenze-david-michelangelo-rotated.jpg 317w, https:\/\/www.geertjehansen.it\/wp-content\/uploads\/2021\/04\/accademia-firenze-david-michelangelo-169x300.jpg 169w, https:\/\/www.geertjehansen.it\/wp-content\/uploads\/2021\/04\/accademia-firenze-david-michelangelo-84x150.jpg 84w\" sizes=\"auto, (max-width: 317px) 100vw, 317px\" \/><\/div><\/div><\/a><\/figure><\/div><\/li><li class=\"kadence-blocks-gallery-item\"><div class=\"kadence-blocks-gallery-item-inner\"><figure class=\"kb-gallery-figure kb-gallery-item-has-link kadence-blocks-gallery-item-hide-caption kb-has-image-ratio-land32\"><a href=\"http:\/\/www.geertjehansen.it\/wp-content\/uploads\/2021\/04\/galleria-accademia-firenze-david-rotated.jpg\" class=\"kb-gallery-item-link\"><div class=\"kb-gal-image-radius\"><div class=\"kb-gallery-image-contain kadence-blocks-gallery-intrinsic kb-gallery-image-ratio-land32\"><img loading=\"lazy\" decoding=\"async\" width=\"317\" height=\"563\" src=\"https:\/\/www.geertjehansen.it\/wp-content\/themes\/webag_3\/templates-default\/img\/t.png\" data-src=\"http:\/\/www.geertjehansen.it\/wp-content\/uploads\/2021\/04\/galleria-accademia-firenze-david-rotated.jpg\" alt=\"Galleria dell'Accademia, Firenze\" data-full-image=\"http:\/\/www.geertjehansen.it\/wp-content\/uploads\/2021\/04\/galleria-accademia-firenze-david-rotated.jpg\" data-light-image=\"http:\/\/www.geertjehansen.it\/wp-content\/uploads\/2021\/04\/galleria-accademia-firenze-david-rotated.jpg\" data-id=\"661\" data-link=\"http:\/\/www.geertjehansen.it\/pt-pt\/home\/tours\/museus-e-igrejas\/galleria-dellaccademia\/galleria-accademia-firenze-david-2\/\" class=\"lazy wp-image-661undefined\" data-srcset=\"https:\/\/www.geertjehansen.it\/wp-content\/uploads\/2021\/04\/galleria-accademia-firenze-david-rotated.jpg 317w, https:\/\/www.geertjehansen.it\/wp-content\/uploads\/2021\/04\/galleria-accademia-firenze-david-169x300.jpg 169w, https:\/\/www.geertjehansen.it\/wp-content\/uploads\/2021\/04\/galleria-accademia-firenze-david-84x150.jpg 84w\" sizes=\"auto, (max-width: 317px) 100vw, 317px\" \/><\/div><\/div><\/a><\/figure><\/div><\/li><\/ul><\/div>\n","protected":false},"excerpt":{"rendered":"<p>A Galeria hospeda algumas das mais interessantes esculturas de Michelangelo, como o David original, al\u00e9m de uma cole\u00e7\u00e3o not\u00e1vel de pinturas. A visita centra-se geralmente no trabalho deste famoso mestre da Renascen\u00e7a e nas suas esculturas inacabadas, atrav\u00e9s das quais conseguimos perceber o processo criativo daquela que ele considerou a sua arte favorita: a escultura. [&hellip;]<\/p>\n","protected":false},"author":1,"featured_media":397,"parent":433,"menu_order":36,"comment_status":"closed","ping_status":"closed","template":"","meta":{"_acf_changed":false,"footnotes":""},"class_list":["post-441","page","type-page","status-publish","has-post-thumbnail","hentry"],"acf":[],"yoast_head":"<!-- This site is optimized with the Yoast SEO plugin v24.9 - https:\/\/yoast.com\/wordpress\/plugins\/seo\/ -->\n<title>Galleria dell\u2019Accademia | Geertje Hansen | Guia tur\u00edstica Floren\u00e7a<\/title>\n<meta name=\"description\" content=\"Visita guiada do Museu Galleria dell\u2019Accademia. O museu conserva algumas das obras mais importantes do grande artista Michelangelo compreendido o original do David.\" \/>\n<meta name=\"robots\" content=\"index, follow, max-snippet:-1, max-image-preview:large, max-video-preview:-1\" \/>\n<link rel=\"canonical\" href=\"https:\/\/www.geertjehansen.it\/pt-pt\/home\/tours\/museus-e-igrejas\/galleria-dellaccademia\/\" \/>\n<meta property=\"og:locale\" content=\"pt_PT\" \/>\n<meta property=\"og:type\" content=\"article\" \/>\n<meta property=\"og:title\" content=\"Galleria dell\u2019Accademia | Geertje Hansen | Guia tur\u00edstica Floren\u00e7a\" \/>\n<meta property=\"og:description\" content=\"Visita guiada do Museu Galleria dell\u2019Accademia. O museu conserva algumas das obras mais importantes do grande artista Michelangelo compreendido o original do David.\" \/>\n<meta property=\"og:url\" content=\"https:\/\/www.geertjehansen.it\/pt-pt\/home\/tours\/museus-e-igrejas\/galleria-dellaccademia\/\" \/>\n<meta property=\"og:site_name\" content=\"Geertje Hansen\" \/>\n<meta property=\"article:modified_time\" content=\"2021-05-17T10:53:19+00:00\" \/>\n<meta property=\"og:image\" content=\"https:\/\/www.geertjehansen.it\/wp-content\/uploads\/2021\/03\/galleria-accademia-tours-geertjehansen.jpg\" \/>\n\t<meta property=\"og:image:width\" content=\"1000\" \/>\n\t<meta property=\"og:image:height\" content=\"667\" \/>\n\t<meta property=\"og:image:type\" content=\"image\/jpeg\" \/>\n<meta name=\"twitter:card\" content=\"summary_large_image\" \/>\n<meta name=\"twitter:label1\" content=\"Tempo estimado de leitura\" \/>\n\t<meta name=\"twitter:data1\" content=\"2 minutos\" \/>\n<script type=\"application\/ld+json\" class=\"yoast-schema-graph\">{\"@context\":\"https:\/\/schema.org\",\"@graph\":[{\"@type\":\"WebPage\",\"@id\":\"https:\/\/www.geertjehansen.it\/pt-pt\/home\/tours\/museus-e-igrejas\/galleria-dellaccademia\/\",\"url\":\"https:\/\/www.geertjehansen.it\/pt-pt\/home\/tours\/museus-e-igrejas\/galleria-dellaccademia\/\",\"name\":\"Galleria dell\u2019Accademia | Geertje Hansen | Guia tur\u00edstica Floren\u00e7a\",\"isPartOf\":{\"@id\":\"https:\/\/www.geertjehansen.it\/pt-pt\/#website\"},\"primaryImageOfPage\":{\"@id\":\"https:\/\/www.geertjehansen.it\/pt-pt\/home\/tours\/museus-e-igrejas\/galleria-dellaccademia\/#primaryimage\"},\"image\":{\"@id\":\"https:\/\/www.geertjehansen.it\/pt-pt\/home\/tours\/museus-e-igrejas\/galleria-dellaccademia\/#primaryimage\"},\"thumbnailUrl\":\"https:\/\/www.geertjehansen.it\/wp-content\/uploads\/2021\/03\/galleria-accademia-tours-geertjehansen.jpg\",\"datePublished\":\"2021-04-12T08:19:33+00:00\",\"dateModified\":\"2021-05-17T10:53:19+00:00\",\"description\":\"Visita guiada do Museu Galleria dell\u2019Accademia. O museu conserva algumas das obras mais importantes do grande artista Michelangelo compreendido o original do David.\",\"breadcrumb\":{\"@id\":\"https:\/\/www.geertjehansen.it\/pt-pt\/home\/tours\/museus-e-igrejas\/galleria-dellaccademia\/#breadcrumb\"},\"inLanguage\":\"pt-PT\",\"potentialAction\":[{\"@type\":\"ReadAction\",\"target\":[\"https:\/\/www.geertjehansen.it\/pt-pt\/home\/tours\/museus-e-igrejas\/galleria-dellaccademia\/\"]}]},{\"@type\":\"ImageObject\",\"inLanguage\":\"pt-PT\",\"@id\":\"https:\/\/www.geertjehansen.it\/pt-pt\/home\/tours\/museus-e-igrejas\/galleria-dellaccademia\/#primaryimage\",\"url\":\"https:\/\/www.geertjehansen.it\/wp-content\/uploads\/2021\/03\/galleria-accademia-tours-geertjehansen.jpg\",\"contentUrl\":\"https:\/\/www.geertjehansen.it\/wp-content\/uploads\/2021\/03\/galleria-accademia-tours-geertjehansen.jpg\",\"width\":1000,\"height\":667,\"caption\":\"Galleria dell\u2019Accademia Tour\"},{\"@type\":\"BreadcrumbList\",\"@id\":\"https:\/\/www.geertjehansen.it\/pt-pt\/home\/tours\/museus-e-igrejas\/galleria-dellaccademia\/#breadcrumb\",\"itemListElement\":[{\"@type\":\"ListItem\",\"position\":1,\"name\":\"Home\",\"item\":\"https:\/\/www.geertjehansen.it\/pt-pt\/\"},{\"@type\":\"ListItem\",\"position\":2,\"name\":\"Home\",\"item\":\"https:\/\/www.geertjehansen.it\/pt-pt\/\"},{\"@type\":\"ListItem\",\"position\":3,\"name\":\"Tours\",\"item\":\"https:\/\/www.geertjehansen.it\/pt-pt\/home\/tours\/\"},{\"@type\":\"ListItem\",\"position\":4,\"name\":\"Museus e Igrejas\",\"item\":\"https:\/\/www.geertjehansen.it\/pt-pt\/home\/tours\/museus-e-igrejas\/\"},{\"@type\":\"ListItem\",\"position\":5,\"name\":\"Galleria dell\u2019Accademia\"}]},{\"@type\":\"WebSite\",\"@id\":\"https:\/\/www.geertjehansen.it\/pt-pt\/#website\",\"url\":\"https:\/\/www.geertjehansen.it\/pt-pt\/\",\"name\":\"Geertje Hansen\",\"description\":\"Florence Tour Guide\",\"publisher\":{\"@id\":\"https:\/\/www.geertjehansen.it\/pt-pt\/#organization\"},\"potentialAction\":[{\"@type\":\"SearchAction\",\"target\":{\"@type\":\"EntryPoint\",\"urlTemplate\":\"https:\/\/www.geertjehansen.it\/pt-pt\/?s={search_term_string}\"},\"query-input\":{\"@type\":\"PropertyValueSpecification\",\"valueRequired\":true,\"valueName\":\"search_term_string\"}}],\"inLanguage\":\"pt-PT\"},{\"@type\":\"Organization\",\"@id\":\"https:\/\/www.geertjehansen.it\/pt-pt\/#organization\",\"name\":\"Geertje Hansen\",\"url\":\"https:\/\/www.geertjehansen.it\/pt-pt\/\",\"logo\":{\"@type\":\"ImageObject\",\"inLanguage\":\"pt-PT\",\"@id\":\"https:\/\/www.geertjehansen.it\/pt-pt\/#\/schema\/logo\/image\/\",\"url\":\"https:\/\/www.geertjehansen.it\/wp-content\/uploads\/2021\/04\/geertje-hansen-logo.png\",\"contentUrl\":\"https:\/\/www.geertjehansen.it\/wp-content\/uploads\/2021\/04\/geertje-hansen-logo.png\",\"width\":465,\"height\":136,\"caption\":\"Geertje Hansen\"},\"image\":{\"@id\":\"https:\/\/www.geertjehansen.it\/pt-pt\/#\/schema\/logo\/image\/\"}}]}<\/script>\n<!-- \/ Yoast SEO plugin. -->","yoast_head_json":{"title":"Galleria dell\u2019Accademia | Geertje Hansen | Guia tur\u00edstica Floren\u00e7a","description":"Visita guiada do Museu Galleria dell\u2019Accademia. O museu conserva algumas das obras mais importantes do grande artista Michelangelo compreendido o original do David.","robots":{"index":"index","follow":"follow","max-snippet":"max-snippet:-1","max-image-preview":"max-image-preview:large","max-video-preview":"max-video-preview:-1"},"canonical":"https:\/\/www.geertjehansen.it\/pt-pt\/home\/tours\/museus-e-igrejas\/galleria-dellaccademia\/","og_locale":"pt_PT","og_type":"article","og_title":"Galleria dell\u2019Accademia | Geertje Hansen | Guia tur\u00edstica Floren\u00e7a","og_description":"Visita guiada do Museu Galleria dell\u2019Accademia. O museu conserva algumas das obras mais importantes do grande artista Michelangelo compreendido o original do David.","og_url":"https:\/\/www.geertjehansen.it\/pt-pt\/home\/tours\/museus-e-igrejas\/galleria-dellaccademia\/","og_site_name":"Geertje Hansen","article_modified_time":"2021-05-17T10:53:19+00:00","og_image":[{"width":1000,"height":667,"url":"https:\/\/www.geertjehansen.it\/wp-content\/uploads\/2021\/03\/galleria-accademia-tours-geertjehansen.jpg","type":"image\/jpeg"}],"twitter_card":"summary_large_image","twitter_misc":{"Tempo estimado de leitura":"2 minutos"},"schema":{"@context":"https:\/\/schema.org","@graph":[{"@type":"WebPage","@id":"https:\/\/www.geertjehansen.it\/pt-pt\/home\/tours\/museus-e-igrejas\/galleria-dellaccademia\/","url":"https:\/\/www.geertjehansen.it\/pt-pt\/home\/tours\/museus-e-igrejas\/galleria-dellaccademia\/","name":"Galleria dell\u2019Accademia | Geertje Hansen | Guia tur\u00edstica Floren\u00e7a","isPartOf":{"@id":"https:\/\/www.geertjehansen.it\/pt-pt\/#website"},"primaryImageOfPage":{"@id":"https:\/\/www.geertjehansen.it\/pt-pt\/home\/tours\/museus-e-igrejas\/galleria-dellaccademia\/#primaryimage"},"image":{"@id":"https:\/\/www.geertjehansen.it\/pt-pt\/home\/tours\/museus-e-igrejas\/galleria-dellaccademia\/#primaryimage"},"thumbnailUrl":"https:\/\/www.geertjehansen.it\/wp-content\/uploads\/2021\/03\/galleria-accademia-tours-geertjehansen.jpg","datePublished":"2021-04-12T08:19:33+00:00","dateModified":"2021-05-17T10:53:19+00:00","description":"Visita guiada do Museu Galleria dell\u2019Accademia. O museu conserva algumas das obras mais importantes do grande artista Michelangelo compreendido o original do David.","breadcrumb":{"@id":"https:\/\/www.geertjehansen.it\/pt-pt\/home\/tours\/museus-e-igrejas\/galleria-dellaccademia\/#breadcrumb"},"inLanguage":"pt-PT","potentialAction":[{"@type":"ReadAction","target":["https:\/\/www.geertjehansen.it\/pt-pt\/home\/tours\/museus-e-igrejas\/galleria-dellaccademia\/"]}]},{"@type":"ImageObject","inLanguage":"pt-PT","@id":"https:\/\/www.geertjehansen.it\/pt-pt\/home\/tours\/museus-e-igrejas\/galleria-dellaccademia\/#primaryimage","url":"https:\/\/www.geertjehansen.it\/wp-content\/uploads\/2021\/03\/galleria-accademia-tours-geertjehansen.jpg","contentUrl":"https:\/\/www.geertjehansen.it\/wp-content\/uploads\/2021\/03\/galleria-accademia-tours-geertjehansen.jpg","width":1000,"height":667,"caption":"Galleria dell\u2019Accademia Tour"},{"@type":"BreadcrumbList","@id":"https:\/\/www.geertjehansen.it\/pt-pt\/home\/tours\/museus-e-igrejas\/galleria-dellaccademia\/#breadcrumb","itemListElement":[{"@type":"ListItem","position":1,"name":"Home","item":"https:\/\/www.geertjehansen.it\/pt-pt\/"},{"@type":"ListItem","position":2,"name":"Home","item":"https:\/\/www.geertjehansen.it\/pt-pt\/"},{"@type":"ListItem","position":3,"name":"Tours","item":"https:\/\/www.geertjehansen.it\/pt-pt\/home\/tours\/"},{"@type":"ListItem","position":4,"name":"Museus e Igrejas","item":"https:\/\/www.geertjehansen.it\/pt-pt\/home\/tours\/museus-e-igrejas\/"},{"@type":"ListItem","position":5,"name":"Galleria dell\u2019Accademia"}]},{"@type":"WebSite","@id":"https:\/\/www.geertjehansen.it\/pt-pt\/#website","url":"https:\/\/www.geertjehansen.it\/pt-pt\/","name":"Geertje Hansen","description":"Florence Tour Guide","publisher":{"@id":"https:\/\/www.geertjehansen.it\/pt-pt\/#organization"},"potentialAction":[{"@type":"SearchAction","target":{"@type":"EntryPoint","urlTemplate":"https:\/\/www.geertjehansen.it\/pt-pt\/?s={search_term_string}"},"query-input":{"@type":"PropertyValueSpecification","valueRequired":true,"valueName":"search_term_string"}}],"inLanguage":"pt-PT"},{"@type":"Organization","@id":"https:\/\/www.geertjehansen.it\/pt-pt\/#organization","name":"Geertje Hansen","url":"https:\/\/www.geertjehansen.it\/pt-pt\/","logo":{"@type":"ImageObject","inLanguage":"pt-PT","@id":"https:\/\/www.geertjehansen.it\/pt-pt\/#\/schema\/logo\/image\/","url":"https:\/\/www.geertjehansen.it\/wp-content\/uploads\/2021\/04\/geertje-hansen-logo.png","contentUrl":"https:\/\/www.geertjehansen.it\/wp-content\/uploads\/2021\/04\/geertje-hansen-logo.png","width":465,"height":136,"caption":"Geertje Hansen"},"image":{"@id":"https:\/\/www.geertjehansen.it\/pt-pt\/#\/schema\/logo\/image\/"}}]}},"_links":{"self":[{"href":"https:\/\/www.geertjehansen.it\/pt-pt\/wp-json\/wp\/v2\/pages\/441","targetHints":{"allow":["GET"]}}],"collection":[{"href":"https:\/\/www.geertjehansen.it\/pt-pt\/wp-json\/wp\/v2\/pages"}],"about":[{"href":"https:\/\/www.geertjehansen.it\/pt-pt\/wp-json\/wp\/v2\/types\/page"}],"author":[{"embeddable":true,"href":"https:\/\/www.geertjehansen.it\/pt-pt\/wp-json\/wp\/v2\/users\/1"}],"replies":[{"embeddable":true,"href":"https:\/\/www.geertjehansen.it\/pt-pt\/wp-json\/wp\/v2\/comments?post=441"}],"version-history":[{"count":2,"href":"https:\/\/www.geertjehansen.it\/pt-pt\/wp-json\/wp\/v2\/pages\/441\/revisions"}],"predecessor-version":[{"id":1364,"href":"https:\/\/www.geertjehansen.it\/pt-pt\/wp-json\/wp\/v2\/pages\/441\/revisions\/1364"}],"up":[{"embeddable":true,"href":"https:\/\/www.geertjehansen.it\/pt-pt\/wp-json\/wp\/v2\/pages\/433"}],"wp:featuredmedia":[{"embeddable":true,"href":"https:\/\/www.geertjehansen.it\/pt-pt\/wp-json\/wp\/v2\/media\/397"}],"wp:attachment":[{"href":"https:\/\/www.geertjehansen.it\/pt-pt\/wp-json\/wp\/v2\/media?parent=441"}],"curies":[{"name":"wp","href":"https:\/\/api.w.org\/{rel}","templated":true}]}}