{"id":419,"date":"2021-04-12T10:03:17","date_gmt":"2021-04-12T08:03:17","guid":{"rendered":"http:\/\/www.geertjehansen.it\/?page_id=419"},"modified":"2021-05-17T12:25:08","modified_gmt":"2021-05-17T10:25:08","slug":"sobre-mim","status":"publish","type":"page","link":"https:\/\/www.geertjehansen.it\/pt-pt\/home\/sobre-mim\/","title":{"rendered":"Sobre mim"},"content":{"rendered":"\n<p>Nasci na Alemanha mas cresci entre Portugal e It\u00e1lia. Talvez seja por isso que nunca sei como responder quando me perguntam \u201cDe onde \u00e9 que tu \u00e9s?\u201d.<\/p>\n\n\n\n<p>Na verdade, tenho vivido a maior parte da minha vida em Floren\u00e7a, cidade que, na minha opini\u00e3o, \u00e9 um dos mais belos lugares do mundo. Floren\u00e7a \u00e9 a minha casa, onde estudei e obtive a minha licenciatura em Ci\u00eancias Pol\u00edticas, onde criei os meus filhos, e onde adoro passear e perder-me nas suas ruas.<\/p>\n\n\n\n<p>Al\u00e9m de ter tido o privil\u00e9gio de crescer entre tr\u00eas l\u00ednguas maternas (italiano, portugu\u00eas e alem\u00e3o), trabalho h\u00e1 mais de vinte anos como guia tur\u00edstica oficial. \u00c9 impressionante como, depois de tantos anos a viver em It\u00e1lia, ainda perco a respira\u00e7\u00e3o com as maravilhas que este pa\u00eds tem para oferecer e sinto um enorme prazer em partilhar estes momentos com os meus Clientes.<\/p>\n\n\n\n<p>Espero que me acompanhem num passeio \u00e0 descoberta desta maravilhosa It\u00e1lia e do caloroso povo italiano.<\/p>\n","protected":false},"excerpt":{"rendered":"<p>Nasci na Alemanha mas cresci entre Portugal e It\u00e1lia. Talvez seja por isso que nunca sei como responder quando me perguntam \u201cDe onde \u00e9 que tu \u00e9s?\u201d. Na verdade, tenho vivido a maior parte da minha vida em Floren\u00e7a, cidade que, na minha opini\u00e3o, \u00e9 um dos mais belos lugares do mundo. Floren\u00e7a \u00e9 a [&hellip;]<\/p>\n","protected":false},"author":1,"featured_media":640,"parent":629,"menu_order":84,"comment_status":"closed","ping_status":"closed","template":"","meta":{"_acf_changed":false,"footnotes":""},"class_list":["post-419","page","type-page","status-publish","has-post-thumbnail","hentry"],"acf":[],"yoast_head":"<!-- This site is optimized with the Yoast SEO plugin v24.9 - https:\/\/yoast.com\/wordpress\/plugins\/seo\/ -->\n<title>Sobre mim | Geertje Hansen | Guia tur\u00edstica Floren\u00e7a<\/title>\n<meta name=\"description\" content=\"O meu nome \u00e8 Geertje e trabalho como guia turistica oficial na It\u00e0lia j\u00e0 h\u00e0 mais de 20 anos. Espero que me queiram acompanhar num passeio \u00e0 descoberta de Florenca\" \/>\n<meta name=\"robots\" content=\"index, follow, max-snippet:-1, max-image-preview:large, max-video-preview:-1\" \/>\n<link rel=\"canonical\" href=\"https:\/\/www.geertjehansen.it\/pt-pt\/home\/sobre-mim\/\" \/>\n<meta property=\"og:locale\" content=\"pt_PT\" \/>\n<meta property=\"og:type\" content=\"article\" \/>\n<meta property=\"og:title\" content=\"Sobre mim | Geertje Hansen | Guia tur\u00edstica Floren\u00e7a\" \/>\n<meta property=\"og:description\" content=\"O meu nome \u00e8 Geertje e trabalho como guia turistica oficial na It\u00e0lia j\u00e0 h\u00e0 mais de 20 anos. Espero que me queiram acompanhar num passeio \u00e0 descoberta de Florenca\" \/>\n<meta property=\"og:url\" content=\"https:\/\/www.geertjehansen.it\/pt-pt\/home\/sobre-mim\/\" \/>\n<meta property=\"og:site_name\" content=\"Geertje Hansen\" \/>\n<meta property=\"article:modified_time\" content=\"2021-05-17T10:25:08+00:00\" \/>\n<meta property=\"og:image\" content=\"https:\/\/www.geertjehansen.it\/wp-content\/uploads\/2021\/04\/geertje-hansen-ico-e1618335897754-1.jpg\" \/>\n\t<meta property=\"og:image:width\" content=\"670\" \/>\n\t<meta property=\"og:image:height\" content=\"720\" \/>\n\t<meta property=\"og:image:type\" content=\"image\/jpeg\" \/>\n<meta name=\"twitter:card\" content=\"summary_large_image\" \/>\n<meta name=\"twitter:label1\" content=\"Tempo estimado de leitura\" \/>\n\t<meta name=\"twitter:data1\" content=\"1 minuto\" \/>\n<script type=\"application\/ld+json\" class=\"yoast-schema-graph\">{\"@context\":\"https:\/\/schema.org\",\"@graph\":[{\"@type\":\"WebPage\",\"@id\":\"https:\/\/www.geertjehansen.it\/pt-pt\/home\/sobre-mim\/\",\"url\":\"https:\/\/www.geertjehansen.it\/pt-pt\/home\/sobre-mim\/\",\"name\":\"Sobre mim | Geertje Hansen | Guia tur\u00edstica Floren\u00e7a\",\"isPartOf\":{\"@id\":\"https:\/\/www.geertjehansen.it\/pt-pt\/#website\"},\"primaryImageOfPage\":{\"@id\":\"https:\/\/www.geertjehansen.it\/pt-pt\/home\/sobre-mim\/#primaryimage\"},\"image\":{\"@id\":\"https:\/\/www.geertjehansen.it\/pt-pt\/home\/sobre-mim\/#primaryimage\"},\"thumbnailUrl\":\"https:\/\/www.geertjehansen.it\/wp-content\/uploads\/2021\/04\/geertje-hansen-ico-e1618335897754-1.jpg\",\"datePublished\":\"2021-04-12T08:03:17+00:00\",\"dateModified\":\"2021-05-17T10:25:08+00:00\",\"description\":\"O meu nome \u00e8 Geertje e trabalho como guia turistica oficial na It\u00e0lia j\u00e0 h\u00e0 mais de 20 anos. Espero que me queiram acompanhar num passeio \u00e0 descoberta de Florenca\",\"breadcrumb\":{\"@id\":\"https:\/\/www.geertjehansen.it\/pt-pt\/home\/sobre-mim\/#breadcrumb\"},\"inLanguage\":\"pt-PT\",\"potentialAction\":[{\"@type\":\"ReadAction\",\"target\":[\"https:\/\/www.geertjehansen.it\/pt-pt\/home\/sobre-mim\/\"]}]},{\"@type\":\"ImageObject\",\"inLanguage\":\"pt-PT\",\"@id\":\"https:\/\/www.geertjehansen.it\/pt-pt\/home\/sobre-mim\/#primaryimage\",\"url\":\"https:\/\/www.geertjehansen.it\/wp-content\/uploads\/2021\/04\/geertje-hansen-ico-e1618335897754-1.jpg\",\"contentUrl\":\"https:\/\/www.geertjehansen.it\/wp-content\/uploads\/2021\/04\/geertje-hansen-ico-e1618335897754-1.jpg\",\"width\":670,\"height\":720},{\"@type\":\"BreadcrumbList\",\"@id\":\"https:\/\/www.geertjehansen.it\/pt-pt\/home\/sobre-mim\/#breadcrumb\",\"itemListElement\":[{\"@type\":\"ListItem\",\"position\":1,\"name\":\"Home\",\"item\":\"https:\/\/www.geertjehansen.it\/pt-pt\/\"},{\"@type\":\"ListItem\",\"position\":2,\"name\":\"Home\",\"item\":\"https:\/\/www.geertjehansen.it\/pt-pt\/\"},{\"@type\":\"ListItem\",\"position\":3,\"name\":\"Sobre mim\"}]},{\"@type\":\"WebSite\",\"@id\":\"https:\/\/www.geertjehansen.it\/pt-pt\/#website\",\"url\":\"https:\/\/www.geertjehansen.it\/pt-pt\/\",\"name\":\"Geertje Hansen\",\"description\":\"Florence Tour Guide\",\"publisher\":{\"@id\":\"https:\/\/www.geertjehansen.it\/pt-pt\/#organization\"},\"potentialAction\":[{\"@type\":\"SearchAction\",\"target\":{\"@type\":\"EntryPoint\",\"urlTemplate\":\"https:\/\/www.geertjehansen.it\/pt-pt\/?s={search_term_string}\"},\"query-input\":{\"@type\":\"PropertyValueSpecification\",\"valueRequired\":true,\"valueName\":\"search_term_string\"}}],\"inLanguage\":\"pt-PT\"},{\"@type\":\"Organization\",\"@id\":\"https:\/\/www.geertjehansen.it\/pt-pt\/#organization\",\"name\":\"Geertje Hansen\",\"url\":\"https:\/\/www.geertjehansen.it\/pt-pt\/\",\"logo\":{\"@type\":\"ImageObject\",\"inLanguage\":\"pt-PT\",\"@id\":\"https:\/\/www.geertjehansen.it\/pt-pt\/#\/schema\/logo\/image\/\",\"url\":\"https:\/\/www.geertjehansen.it\/wp-content\/uploads\/2021\/04\/geertje-hansen-logo.png\",\"contentUrl\":\"https:\/\/www.geertjehansen.it\/wp-content\/uploads\/2021\/04\/geertje-hansen-logo.png\",\"width\":465,\"height\":136,\"caption\":\"Geertje Hansen\"},\"image\":{\"@id\":\"https:\/\/www.geertjehansen.it\/pt-pt\/#\/schema\/logo\/image\/\"}}]}<\/script>\n<!-- \/ Yoast SEO plugin. -->","yoast_head_json":{"title":"Sobre mim | Geertje Hansen | Guia tur\u00edstica Floren\u00e7a","description":"O meu nome \u00e8 Geertje e trabalho como guia turistica oficial na It\u00e0lia j\u00e0 h\u00e0 mais de 20 anos. Espero que me queiram acompanhar num passeio \u00e0 descoberta de Florenca","robots":{"index":"index","follow":"follow","max-snippet":"max-snippet:-1","max-image-preview":"max-image-preview:large","max-video-preview":"max-video-preview:-1"},"canonical":"https:\/\/www.geertjehansen.it\/pt-pt\/home\/sobre-mim\/","og_locale":"pt_PT","og_type":"article","og_title":"Sobre mim | Geertje Hansen | Guia tur\u00edstica Floren\u00e7a","og_description":"O meu nome \u00e8 Geertje e trabalho como guia turistica oficial na It\u00e0lia j\u00e0 h\u00e0 mais de 20 anos. Espero que me queiram acompanhar num passeio \u00e0 descoberta de Florenca","og_url":"https:\/\/www.geertjehansen.it\/pt-pt\/home\/sobre-mim\/","og_site_name":"Geertje Hansen","article_modified_time":"2021-05-17T10:25:08+00:00","og_image":[{"width":670,"height":720,"url":"https:\/\/www.geertjehansen.it\/wp-content\/uploads\/2021\/04\/geertje-hansen-ico-e1618335897754-1.jpg","type":"image\/jpeg"}],"twitter_card":"summary_large_image","twitter_misc":{"Tempo estimado de leitura":"1 minuto"},"schema":{"@context":"https:\/\/schema.org","@graph":[{"@type":"WebPage","@id":"https:\/\/www.geertjehansen.it\/pt-pt\/home\/sobre-mim\/","url":"https:\/\/www.geertjehansen.it\/pt-pt\/home\/sobre-mim\/","name":"Sobre mim | Geertje Hansen | Guia tur\u00edstica Floren\u00e7a","isPartOf":{"@id":"https:\/\/www.geertjehansen.it\/pt-pt\/#website"},"primaryImageOfPage":{"@id":"https:\/\/www.geertjehansen.it\/pt-pt\/home\/sobre-mim\/#primaryimage"},"image":{"@id":"https:\/\/www.geertjehansen.it\/pt-pt\/home\/sobre-mim\/#primaryimage"},"thumbnailUrl":"https:\/\/www.geertjehansen.it\/wp-content\/uploads\/2021\/04\/geertje-hansen-ico-e1618335897754-1.jpg","datePublished":"2021-04-12T08:03:17+00:00","dateModified":"2021-05-17T10:25:08+00:00","description":"O meu nome \u00e8 Geertje e trabalho como guia turistica oficial na It\u00e0lia j\u00e0 h\u00e0 mais de 20 anos. Espero que me queiram acompanhar num passeio \u00e0 descoberta de Florenca","breadcrumb":{"@id":"https:\/\/www.geertjehansen.it\/pt-pt\/home\/sobre-mim\/#breadcrumb"},"inLanguage":"pt-PT","potentialAction":[{"@type":"ReadAction","target":["https:\/\/www.geertjehansen.it\/pt-pt\/home\/sobre-mim\/"]}]},{"@type":"ImageObject","inLanguage":"pt-PT","@id":"https:\/\/www.geertjehansen.it\/pt-pt\/home\/sobre-mim\/#primaryimage","url":"https:\/\/www.geertjehansen.it\/wp-content\/uploads\/2021\/04\/geertje-hansen-ico-e1618335897754-1.jpg","contentUrl":"https:\/\/www.geertjehansen.it\/wp-content\/uploads\/2021\/04\/geertje-hansen-ico-e1618335897754-1.jpg","width":670,"height":720},{"@type":"BreadcrumbList","@id":"https:\/\/www.geertjehansen.it\/pt-pt\/home\/sobre-mim\/#breadcrumb","itemListElement":[{"@type":"ListItem","position":1,"name":"Home","item":"https:\/\/www.geertjehansen.it\/pt-pt\/"},{"@type":"ListItem","position":2,"name":"Home","item":"https:\/\/www.geertjehansen.it\/pt-pt\/"},{"@type":"ListItem","position":3,"name":"Sobre mim"}]},{"@type":"WebSite","@id":"https:\/\/www.geertjehansen.it\/pt-pt\/#website","url":"https:\/\/www.geertjehansen.it\/pt-pt\/","name":"Geertje Hansen","description":"Florence Tour Guide","publisher":{"@id":"https:\/\/www.geertjehansen.it\/pt-pt\/#organization"},"potentialAction":[{"@type":"SearchAction","target":{"@type":"EntryPoint","urlTemplate":"https:\/\/www.geertjehansen.it\/pt-pt\/?s={search_term_string}"},"query-input":{"@type":"PropertyValueSpecification","valueRequired":true,"valueName":"search_term_string"}}],"inLanguage":"pt-PT"},{"@type":"Organization","@id":"https:\/\/www.geertjehansen.it\/pt-pt\/#organization","name":"Geertje Hansen","url":"https:\/\/www.geertjehansen.it\/pt-pt\/","logo":{"@type":"ImageObject","inLanguage":"pt-PT","@id":"https:\/\/www.geertjehansen.it\/pt-pt\/#\/schema\/logo\/image\/","url":"https:\/\/www.geertjehansen.it\/wp-content\/uploads\/2021\/04\/geertje-hansen-logo.png","contentUrl":"https:\/\/www.geertjehansen.it\/wp-content\/uploads\/2021\/04\/geertje-hansen-logo.png","width":465,"height":136,"caption":"Geertje Hansen"},"image":{"@id":"https:\/\/www.geertjehansen.it\/pt-pt\/#\/schema\/logo\/image\/"}}]}},"_links":{"self":[{"href":"https:\/\/www.geertjehansen.it\/pt-pt\/wp-json\/wp\/v2\/pages\/419","targetHints":{"allow":["GET"]}}],"collection":[{"href":"https:\/\/www.geertjehansen.it\/pt-pt\/wp-json\/wp\/v2\/pages"}],"about":[{"href":"https:\/\/www.geertjehansen.it\/pt-pt\/wp-json\/wp\/v2\/types\/page"}],"author":[{"embeddable":true,"href":"https:\/\/www.geertjehansen.it\/pt-pt\/wp-json\/wp\/v2\/users\/1"}],"replies":[{"embeddable":true,"href":"https:\/\/www.geertjehansen.it\/pt-pt\/wp-json\/wp\/v2\/comments?post=419"}],"version-history":[{"count":3,"href":"https:\/\/www.geertjehansen.it\/pt-pt\/wp-json\/wp\/v2\/pages\/419\/revisions"}],"predecessor-version":[{"id":796,"href":"https:\/\/www.geertjehansen.it\/pt-pt\/wp-json\/wp\/v2\/pages\/419\/revisions\/796"}],"up":[{"embeddable":true,"href":"https:\/\/www.geertjehansen.it\/pt-pt\/wp-json\/wp\/v2\/pages\/629"}],"wp:featuredmedia":[{"embeddable":true,"href":"https:\/\/www.geertjehansen.it\/pt-pt\/wp-json\/wp\/v2\/media\/640"}],"wp:attachment":[{"href":"https:\/\/www.geertjehansen.it\/pt-pt\/wp-json\/wp\/v2\/media?parent=419"}],"curies":[{"name":"wp","href":"https:\/\/api.w.org\/{rel}","templated":true}]}}