{"id":408,"date":"2021-03-31T11:53:00","date_gmt":"2021-03-31T09:53:00","guid":{"rendered":"http:\/\/www.geertjehansen.it\/?page_id=408"},"modified":"2021-05-17T12:35:53","modified_gmt":"2021-05-17T10:35:53","slug":"tours","status":"publish","type":"page","link":"https:\/\/www.geertjehansen.it\/pt-pt\/home\/tours\/","title":{"rendered":"Tours"},"content":{"rendered":"\n<p>Todas as visitas que organizo s\u00e3o personalizadas.<br><br>Poder\u00e1 escolher uma de entre as v\u00e1rias propostas apresentadas abaixo. No entanto, devo referir que cada visita \u00e9 \u00fanica, uma vez que tento sempre adaptar-me \u00e0s necessidades dos meus Clientes e estou aberta a mudar de planos, sempre que poss\u00edvel ou quando me \u00e9 solicitado.<br><br>Convido-o\/a, pois, a consultar alguns dos exemplos de tours apresentados em seguida para ficar com uma ideia daquilo que esta magn\u00edfica cidade tem para lhe oferecer.<br><br>Relativamente ao tempo de dura\u00e7\u00e3o de cada visita, este fica ao seu crit\u00e9rio, embora eu recomende um m\u00ednimo de tr\u00eas horas para cada passeio. \u00c9 sempre poss\u00edvel acrescentar um novo percurso, tendo em conta os tempos de visita ou de funcionamento dos museus e monumentos.<br><br>Por favor, note que as visitas est\u00e3o sujeitas aos hor\u00e1rios de abertura e festividades e que pode haver custos de admiss\u00e3o ou c\u00f3digos rigorosos de vestimenta para os edif\u00edcios religiosos.<\/p>\n","protected":false},"excerpt":{"rendered":"<p>Todas as visitas que organizo s\u00e3o personalizadas. Poder\u00e1 escolher uma de entre as v\u00e1rias propostas apresentadas abaixo. No entanto, devo referir que cada visita \u00e9 \u00fanica, uma vez que tento sempre adaptar-me \u00e0s necessidades dos meus Clientes e estou aberta a mudar de planos, sempre que poss\u00edvel ou quando me \u00e9 solicitado. Convido-o\/a, pois, a [&hellip;]<\/p>\n","protected":false},"author":1,"featured_media":297,"parent":629,"menu_order":9,"comment_status":"closed","ping_status":"closed","template":"","meta":{"_acf_changed":false,"footnotes":""},"class_list":["post-408","page","type-page","status-publish","has-post-thumbnail","hentry"],"acf":[],"yoast_head":"<!-- This site is optimized with the Yoast SEO plugin v24.9 - https:\/\/yoast.com\/wordpress\/plugins\/seo\/ -->\n<title>Tours | Geertje Hansen | Guia tur\u00edstica Floren\u00e7a<\/title>\n<meta name=\"description\" content=\"Visitas privativas de Floren\u00e7a, Siena, Lucca, Pisa \u00e0 medida de fam\u00eclias e grupos para uma viajem \u00f9nica na hist\u00f2ria e na arte\" \/>\n<meta name=\"robots\" content=\"index, follow, max-snippet:-1, max-image-preview:large, max-video-preview:-1\" \/>\n<link rel=\"canonical\" href=\"https:\/\/www.geertjehansen.it\/pt-pt\/home\/tours\/\" \/>\n<meta property=\"og:locale\" content=\"pt_PT\" \/>\n<meta property=\"og:type\" content=\"article\" \/>\n<meta property=\"og:title\" content=\"Tours | Geertje Hansen | Guia tur\u00edstica Floren\u00e7a\" \/>\n<meta property=\"og:description\" content=\"Visitas privativas de Floren\u00e7a, Siena, Lucca, Pisa \u00e0 medida de fam\u00eclias e grupos para uma viajem \u00f9nica na hist\u00f2ria e na arte\" \/>\n<meta property=\"og:url\" content=\"https:\/\/www.geertjehansen.it\/pt-pt\/home\/tours\/\" \/>\n<meta property=\"og:site_name\" content=\"Geertje Hansen\" \/>\n<meta property=\"article:modified_time\" content=\"2021-05-17T10:35:53+00:00\" \/>\n<meta property=\"og:image\" content=\"https:\/\/www.geertjehansen.it\/wp-content\/uploads\/2021\/03\/loggia-lanzi-firenze-tours-geertjehansen.jpg\" \/>\n\t<meta property=\"og:image:width\" content=\"1000\" \/>\n\t<meta property=\"og:image:height\" content=\"667\" \/>\n\t<meta property=\"og:image:type\" content=\"image\/jpeg\" \/>\n<meta name=\"twitter:card\" content=\"summary_large_image\" \/>\n<meta name=\"twitter:label1\" content=\"Tempo estimado de leitura\" \/>\n\t<meta name=\"twitter:data1\" content=\"1 minuto\" \/>\n<script type=\"application\/ld+json\" class=\"yoast-schema-graph\">{\"@context\":\"https:\/\/schema.org\",\"@graph\":[{\"@type\":\"WebPage\",\"@id\":\"https:\/\/www.geertjehansen.it\/pt-pt\/home\/tours\/\",\"url\":\"https:\/\/www.geertjehansen.it\/pt-pt\/home\/tours\/\",\"name\":\"Tours | Geertje Hansen | Guia tur\u00edstica Floren\u00e7a\",\"isPartOf\":{\"@id\":\"https:\/\/www.geertjehansen.it\/pt-pt\/#website\"},\"primaryImageOfPage\":{\"@id\":\"https:\/\/www.geertjehansen.it\/pt-pt\/home\/tours\/#primaryimage\"},\"image\":{\"@id\":\"https:\/\/www.geertjehansen.it\/pt-pt\/home\/tours\/#primaryimage\"},\"thumbnailUrl\":\"https:\/\/www.geertjehansen.it\/wp-content\/uploads\/2021\/03\/loggia-lanzi-firenze-tours-geertjehansen.jpg\",\"datePublished\":\"2021-03-31T09:53:00+00:00\",\"dateModified\":\"2021-05-17T10:35:53+00:00\",\"description\":\"Visitas privativas de Floren\u00e7a, Siena, Lucca, Pisa \u00e0 medida de fam\u00eclias e grupos para uma viajem \u00f9nica na hist\u00f2ria e na arte\",\"breadcrumb\":{\"@id\":\"https:\/\/www.geertjehansen.it\/pt-pt\/home\/tours\/#breadcrumb\"},\"inLanguage\":\"pt-PT\",\"potentialAction\":[{\"@type\":\"ReadAction\",\"target\":[\"https:\/\/www.geertjehansen.it\/pt-pt\/home\/tours\/\"]}]},{\"@type\":\"ImageObject\",\"inLanguage\":\"pt-PT\",\"@id\":\"https:\/\/www.geertjehansen.it\/pt-pt\/home\/tours\/#primaryimage\",\"url\":\"https:\/\/www.geertjehansen.it\/wp-content\/uploads\/2021\/03\/loggia-lanzi-firenze-tours-geertjehansen.jpg\",\"contentUrl\":\"https:\/\/www.geertjehansen.it\/wp-content\/uploads\/2021\/03\/loggia-lanzi-firenze-tours-geertjehansen.jpg\",\"width\":1000,\"height\":667,\"caption\":\"Toscana,Firenze,Loggia dei Lanzi.\"},{\"@type\":\"BreadcrumbList\",\"@id\":\"https:\/\/www.geertjehansen.it\/pt-pt\/home\/tours\/#breadcrumb\",\"itemListElement\":[{\"@type\":\"ListItem\",\"position\":1,\"name\":\"Home\",\"item\":\"https:\/\/www.geertjehansen.it\/pt-pt\/\"},{\"@type\":\"ListItem\",\"position\":2,\"name\":\"Home\",\"item\":\"https:\/\/www.geertjehansen.it\/pt-pt\/\"},{\"@type\":\"ListItem\",\"position\":3,\"name\":\"Tours\"}]},{\"@type\":\"WebSite\",\"@id\":\"https:\/\/www.geertjehansen.it\/pt-pt\/#website\",\"url\":\"https:\/\/www.geertjehansen.it\/pt-pt\/\",\"name\":\"Geertje Hansen\",\"description\":\"Florence Tour Guide\",\"publisher\":{\"@id\":\"https:\/\/www.geertjehansen.it\/pt-pt\/#organization\"},\"potentialAction\":[{\"@type\":\"SearchAction\",\"target\":{\"@type\":\"EntryPoint\",\"urlTemplate\":\"https:\/\/www.geertjehansen.it\/pt-pt\/?s={search_term_string}\"},\"query-input\":{\"@type\":\"PropertyValueSpecification\",\"valueRequired\":true,\"valueName\":\"search_term_string\"}}],\"inLanguage\":\"pt-PT\"},{\"@type\":\"Organization\",\"@id\":\"https:\/\/www.geertjehansen.it\/pt-pt\/#organization\",\"name\":\"Geertje Hansen\",\"url\":\"https:\/\/www.geertjehansen.it\/pt-pt\/\",\"logo\":{\"@type\":\"ImageObject\",\"inLanguage\":\"pt-PT\",\"@id\":\"https:\/\/www.geertjehansen.it\/pt-pt\/#\/schema\/logo\/image\/\",\"url\":\"https:\/\/www.geertjehansen.it\/wp-content\/uploads\/2021\/04\/geertje-hansen-logo.png\",\"contentUrl\":\"https:\/\/www.geertjehansen.it\/wp-content\/uploads\/2021\/04\/geertje-hansen-logo.png\",\"width\":465,\"height\":136,\"caption\":\"Geertje Hansen\"},\"image\":{\"@id\":\"https:\/\/www.geertjehansen.it\/pt-pt\/#\/schema\/logo\/image\/\"}}]}<\/script>\n<!-- \/ Yoast SEO plugin. -->","yoast_head_json":{"title":"Tours | Geertje Hansen | Guia tur\u00edstica Floren\u00e7a","description":"Visitas privativas de Floren\u00e7a, Siena, Lucca, Pisa \u00e0 medida de fam\u00eclias e grupos para uma viajem \u00f9nica na hist\u00f2ria e na arte","robots":{"index":"index","follow":"follow","max-snippet":"max-snippet:-1","max-image-preview":"max-image-preview:large","max-video-preview":"max-video-preview:-1"},"canonical":"https:\/\/www.geertjehansen.it\/pt-pt\/home\/tours\/","og_locale":"pt_PT","og_type":"article","og_title":"Tours | Geertje Hansen | Guia tur\u00edstica Floren\u00e7a","og_description":"Visitas privativas de Floren\u00e7a, Siena, Lucca, Pisa \u00e0 medida de fam\u00eclias e grupos para uma viajem \u00f9nica na hist\u00f2ria e na arte","og_url":"https:\/\/www.geertjehansen.it\/pt-pt\/home\/tours\/","og_site_name":"Geertje Hansen","article_modified_time":"2021-05-17T10:35:53+00:00","og_image":[{"width":1000,"height":667,"url":"https:\/\/www.geertjehansen.it\/wp-content\/uploads\/2021\/03\/loggia-lanzi-firenze-tours-geertjehansen.jpg","type":"image\/jpeg"}],"twitter_card":"summary_large_image","twitter_misc":{"Tempo estimado de leitura":"1 minuto"},"schema":{"@context":"https:\/\/schema.org","@graph":[{"@type":"WebPage","@id":"https:\/\/www.geertjehansen.it\/pt-pt\/home\/tours\/","url":"https:\/\/www.geertjehansen.it\/pt-pt\/home\/tours\/","name":"Tours | Geertje Hansen | Guia tur\u00edstica Floren\u00e7a","isPartOf":{"@id":"https:\/\/www.geertjehansen.it\/pt-pt\/#website"},"primaryImageOfPage":{"@id":"https:\/\/www.geertjehansen.it\/pt-pt\/home\/tours\/#primaryimage"},"image":{"@id":"https:\/\/www.geertjehansen.it\/pt-pt\/home\/tours\/#primaryimage"},"thumbnailUrl":"https:\/\/www.geertjehansen.it\/wp-content\/uploads\/2021\/03\/loggia-lanzi-firenze-tours-geertjehansen.jpg","datePublished":"2021-03-31T09:53:00+00:00","dateModified":"2021-05-17T10:35:53+00:00","description":"Visitas privativas de Floren\u00e7a, Siena, Lucca, Pisa \u00e0 medida de fam\u00eclias e grupos para uma viajem \u00f9nica na hist\u00f2ria e na arte","breadcrumb":{"@id":"https:\/\/www.geertjehansen.it\/pt-pt\/home\/tours\/#breadcrumb"},"inLanguage":"pt-PT","potentialAction":[{"@type":"ReadAction","target":["https:\/\/www.geertjehansen.it\/pt-pt\/home\/tours\/"]}]},{"@type":"ImageObject","inLanguage":"pt-PT","@id":"https:\/\/www.geertjehansen.it\/pt-pt\/home\/tours\/#primaryimage","url":"https:\/\/www.geertjehansen.it\/wp-content\/uploads\/2021\/03\/loggia-lanzi-firenze-tours-geertjehansen.jpg","contentUrl":"https:\/\/www.geertjehansen.it\/wp-content\/uploads\/2021\/03\/loggia-lanzi-firenze-tours-geertjehansen.jpg","width":1000,"height":667,"caption":"Toscana,Firenze,Loggia dei Lanzi."},{"@type":"BreadcrumbList","@id":"https:\/\/www.geertjehansen.it\/pt-pt\/home\/tours\/#breadcrumb","itemListElement":[{"@type":"ListItem","position":1,"name":"Home","item":"https:\/\/www.geertjehansen.it\/pt-pt\/"},{"@type":"ListItem","position":2,"name":"Home","item":"https:\/\/www.geertjehansen.it\/pt-pt\/"},{"@type":"ListItem","position":3,"name":"Tours"}]},{"@type":"WebSite","@id":"https:\/\/www.geertjehansen.it\/pt-pt\/#website","url":"https:\/\/www.geertjehansen.it\/pt-pt\/","name":"Geertje Hansen","description":"Florence Tour Guide","publisher":{"@id":"https:\/\/www.geertjehansen.it\/pt-pt\/#organization"},"potentialAction":[{"@type":"SearchAction","target":{"@type":"EntryPoint","urlTemplate":"https:\/\/www.geertjehansen.it\/pt-pt\/?s={search_term_string}"},"query-input":{"@type":"PropertyValueSpecification","valueRequired":true,"valueName":"search_term_string"}}],"inLanguage":"pt-PT"},{"@type":"Organization","@id":"https:\/\/www.geertjehansen.it\/pt-pt\/#organization","name":"Geertje Hansen","url":"https:\/\/www.geertjehansen.it\/pt-pt\/","logo":{"@type":"ImageObject","inLanguage":"pt-PT","@id":"https:\/\/www.geertjehansen.it\/pt-pt\/#\/schema\/logo\/image\/","url":"https:\/\/www.geertjehansen.it\/wp-content\/uploads\/2021\/04\/geertje-hansen-logo.png","contentUrl":"https:\/\/www.geertjehansen.it\/wp-content\/uploads\/2021\/04\/geertje-hansen-logo.png","width":465,"height":136,"caption":"Geertje Hansen"},"image":{"@id":"https:\/\/www.geertjehansen.it\/pt-pt\/#\/schema\/logo\/image\/"}}]}},"_links":{"self":[{"href":"https:\/\/www.geertjehansen.it\/pt-pt\/wp-json\/wp\/v2\/pages\/408","targetHints":{"allow":["GET"]}}],"collection":[{"href":"https:\/\/www.geertjehansen.it\/pt-pt\/wp-json\/wp\/v2\/pages"}],"about":[{"href":"https:\/\/www.geertjehansen.it\/pt-pt\/wp-json\/wp\/v2\/types\/page"}],"author":[{"embeddable":true,"href":"https:\/\/www.geertjehansen.it\/pt-pt\/wp-json\/wp\/v2\/users\/1"}],"replies":[{"embeddable":true,"href":"https:\/\/www.geertjehansen.it\/pt-pt\/wp-json\/wp\/v2\/comments?post=408"}],"version-history":[{"count":1,"href":"https:\/\/www.geertjehansen.it\/pt-pt\/wp-json\/wp\/v2\/pages\/408\/revisions"}],"predecessor-version":[{"id":409,"href":"https:\/\/www.geertjehansen.it\/pt-pt\/wp-json\/wp\/v2\/pages\/408\/revisions\/409"}],"up":[{"embeddable":true,"href":"https:\/\/www.geertjehansen.it\/pt-pt\/wp-json\/wp\/v2\/pages\/629"}],"wp:featuredmedia":[{"embeddable":true,"href":"https:\/\/www.geertjehansen.it\/pt-pt\/wp-json\/wp\/v2\/media\/297"}],"wp:attachment":[{"href":"https:\/\/www.geertjehansen.it\/pt-pt\/wp-json\/wp\/v2\/media?parent=408"}],"curies":[{"name":"wp","href":"https:\/\/api.w.org\/{rel}","templated":true}]}}