{"id":621,"date":"2021-04-14T09:40:36","date_gmt":"2021-04-14T07:40:36","guid":{"rendered":"http:\/\/www.geertjehansen.it\/?page_id=621"},"modified":"2021-06-11T15:08:56","modified_gmt":"2021-06-11T13:08:56","slug":"referenzen","status":"publish","type":"page","link":"https:\/\/www.geertjehansen.it\/de\/home\/referenzen\/","title":{"rendered":"Referenzen"},"content":{"rendered":"\n<p>&#8222;<em>We definitely recommend the tour with Geertje Hansen. Amazing! It was a lot of fun and we would book it with her again and again. She had great info and it was a feel-good atmosphere from the first second to the end. Thank you for the fantastic tour! Best regards<\/em>&#8220; L., 04 June 2021<\/p>\n\n\n\n<p>&#8222;<em>Wir sind unglaublich happy f\u00fcr die gigantische Privattour durch Florenz. Besser h\u00e4tten wir es uns nicht w\u00fcnschen k\u00f6nnen. Geertje Hansen hat uns interessante Hintergrundinfos erz\u00e4hlt und konnte jede Frage von uns kompetent beantworten. Fantastisch! Zudem hat sie uns tolle Geheimtipps geben k\u00f6nnen f\u00fcr unsere Rundreise durch Italien. Es hat total Spa\u00df gemacht den Tag gemeinsam zu verbringen und sie ist auch noch auf unsere individuellen W\u00fcnsche im Laufe der Tour eingegangen. Danke dir f\u00fcr alles <\/em>\ud83d\ude4f\ud83c\udffd &#8220; LG T., 04 Juni 2021<\/p>\n\n\n\n<p>&#8222;<em>Viagem inesquec\u00edvel!!!! A cidade \u00e9 maravilhosa e tornou-se ainda mais fant\u00e1stica pela guia que escolhemos. A Geertje al\u00e9m de muito simp\u00e1tica \u00e9 divertida e tamb\u00e9m uma excelente profissional.<br>Para al\u00e9m do seu profundo conhecimento em hist\u00f3ria de arte, levou-nos a recantos da cidade que certamente poucos visitam.<\/em>&#8220; T.R.F, Portugal Agosto 2019<\/p>\n\n\n\n<p>&#8222;<em>Muito obrigada \u00e1 Geertje, pelo profissionalismo e simpatia que nos dedicou na visita que a fam\u00edlia fez, em Floren\u00e7a e arredores. Fluente em portugu\u00eas e com um vasto conhecimento em Hist\u00f3ria d&#8217;Arte, foi um privil\u00e9gio t\u00ea-la como guia. Voltaremos para outros destinos.<\/em>&#8220; M. C. M., Lisboa, 17 Julho 2019<\/p>\n\n\n<style>.wp-block-kadence-spacer.kt-block-spacer-_ba74fe-28 .kt-block-spacer{height:60px;}.wp-block-kadence-spacer.kt-block-spacer-_ba74fe-28 .kt-divider{border-top-width:1px;height:1px;border-top-color:#eee;width:80%;border-top-style:solid;}<\/style>\n<div class=\"wp-block-kadence-spacer aligncenter kt-block-spacer-_ba74fe-28\"><div class=\"kt-block-spacer kt-block-spacer-halign-center\" style=\"height:60px\"><hr class=\"kt-divider\" style=\"border-top-color:#eee;border-top-width:1px;width:80%;border-top-style:solid\"\/><\/div><\/div>\n\n\n\n<h2 class=\"wp-block-heading\">Ich freue mich \u00fcber ein Feedback<\/h2>\n\n\n\n<div class=\"wp-block-contact-form-7-contact-form-selector\">\n<div class=\"wpcf7 no-js\" id=\"wpcf7-f1488-o1\" lang=\"en-US\" dir=\"ltr\">\n<div class=\"screen-reader-response\"><p role=\"status\" aria-live=\"polite\" aria-atomic=\"true\"><\/p> <ul><\/ul><\/div>\n<form action=\"\/de\/wp-json\/wp\/v2\/pages\/621#wpcf7-f1488-o1\" method=\"post\" class=\"wpcf7-form init wpcf7-acceptance-as-validation\" aria-label=\"Contact form\" novalidate=\"novalidate\" data-status=\"init\">\n<div style=\"display: none;\">\n<input type=\"hidden\" name=\"_wpcf7\" value=\"1488\" \/>\n<input type=\"hidden\" name=\"_wpcf7_version\" value=\"5.7.4\" \/>\n<input type=\"hidden\" name=\"_wpcf7_locale\" value=\"en_US\" \/>\n<input type=\"hidden\" name=\"_wpcf7_unit_tag\" value=\"wpcf7-f1488-o1\" \/>\n<input type=\"hidden\" name=\"_wpcf7_container_post\" value=\"0\" \/>\n<input type=\"hidden\" name=\"_wpcf7_posted_data_hash\" value=\"\" \/>\n<input type=\"hidden\" name=\"_wpcf7_recaptcha_response\" value=\"\" \/>\n<\/div>\n<p><span class=\"wpcf7-form-control-wrap\" data-name=\"textarea-83\"><textarea cols=\"40\" rows=\"10\" class=\"wpcf7-form-control wpcf7-textarea wpcf7-validates-as-required form-control\" aria-required=\"true\" aria-invalid=\"false\" placeholder=\"Hinterlassen Sie hier Ihren Kommentar\" name=\"textarea-83\"><\/textarea><\/span><br \/>\n<span class=\"wpcf7-form-control-wrap\" data-name=\"acceptance-779\"><span class=\"wpcf7-form-control wpcf7-acceptance optional\"><span class=\"wpcf7-list-item\"><label><input type=\"checkbox\" name=\"acceptance-779\" value=\"1\" aria-invalid=\"false\" \/><span class=\"wpcf7-list-item-label\">Ich genehmige die Verarbeitung personenbezogener Daten gem\u00e4\u00df den <a href=\"\/privacy\/\"> Datenschutzbestimmungen<\/a><\/span><\/label><\/span><\/span><\/span><br \/>\n<input class=\"wpcf7-form-control has-spinner wpcf7-submit\" type=\"submit\" value=\"Senden\" \/>\n<\/p><div class=\"wpcf7-response-output\" aria-hidden=\"true\"><\/div>\n<\/form>\n<\/div>\n<\/div>\n","protected":false},"excerpt":{"rendered":"<p>&#8222;We definitely recommend the tour with Geertje Hansen. Amazing! It was a lot of fun and we would book it with her again and again. She had great info and it was a feel-good atmosphere from the first second to the end. Thank you for the fantastic tour! Best regards&#8220; L., 04 June 2021 &#8222;Wir [&hellip;]<\/p>\n","protected":false},"author":1,"featured_media":1426,"parent":625,"menu_order":99,"comment_status":"closed","ping_status":"closed","template":"","meta":{"_acf_changed":false,"footnotes":""},"class_list":["post-621","page","type-page","status-publish","has-post-thumbnail","hentry"],"acf":[],"yoast_head":"<!-- This site is optimized with the Yoast SEO plugin v24.9 - https:\/\/yoast.com\/wordpress\/plugins\/seo\/ -->\n<title>Referenzen | Geertje Hansen | Stadtf\u00fchrerin Florenz<\/title>\n<meta name=\"description\" content=\"Lesen Sie hier die Referenzen meiner G\u00e4ste und lassen Sie selbst ein Feed-back!\" \/>\n<meta name=\"robots\" content=\"index, follow, max-snippet:-1, max-image-preview:large, max-video-preview:-1\" \/>\n<link rel=\"canonical\" href=\"https:\/\/www.geertjehansen.it\/de\/home\/referenzen\/\" \/>\n<meta property=\"og:locale\" content=\"de_DE\" \/>\n<meta property=\"og:type\" content=\"article\" \/>\n<meta property=\"og:title\" content=\"Referenzen | Geertje Hansen | Stadtf\u00fchrerin Florenz\" \/>\n<meta property=\"og:description\" content=\"Lesen Sie hier die Referenzen meiner G\u00e4ste und lassen Sie selbst ein Feed-back!\" \/>\n<meta property=\"og:url\" content=\"https:\/\/www.geertjehansen.it\/de\/home\/referenzen\/\" \/>\n<meta property=\"og:site_name\" content=\"Geertje Hansen\" \/>\n<meta property=\"article:modified_time\" content=\"2021-06-11T13:08:56+00:00\" \/>\n<meta property=\"og:image\" content=\"https:\/\/www.geertjehansen.it\/wp-content\/uploads\/2021\/04\/testimonials-geertje-hansen.jpg\" \/>\n\t<meta property=\"og:image:width\" content=\"1000\" \/>\n\t<meta property=\"og:image:height\" content=\"1000\" \/>\n\t<meta property=\"og:image:type\" content=\"image\/jpeg\" \/>\n<meta name=\"twitter:card\" content=\"summary_large_image\" \/>\n<meta name=\"twitter:label1\" content=\"Gesch\u00e4tzte Lesezeit\" \/>\n\t<meta name=\"twitter:data1\" content=\"2\u00a0Minuten\" \/>\n<script type=\"application\/ld+json\" class=\"yoast-schema-graph\">{\"@context\":\"https:\/\/schema.org\",\"@graph\":[{\"@type\":\"WebPage\",\"@id\":\"https:\/\/www.geertjehansen.it\/de\/home\/referenzen\/\",\"url\":\"https:\/\/www.geertjehansen.it\/de\/home\/referenzen\/\",\"name\":\"Referenzen | Geertje Hansen | Stadtf\u00fchrerin Florenz\",\"isPartOf\":{\"@id\":\"https:\/\/www.geertjehansen.it\/de\/#website\"},\"primaryImageOfPage\":{\"@id\":\"https:\/\/www.geertjehansen.it\/de\/home\/referenzen\/#primaryimage\"},\"image\":{\"@id\":\"https:\/\/www.geertjehansen.it\/de\/home\/referenzen\/#primaryimage\"},\"thumbnailUrl\":\"https:\/\/www.geertjehansen.it\/wp-content\/uploads\/2021\/04\/testimonials-geertje-hansen.jpg\",\"datePublished\":\"2021-04-14T07:40:36+00:00\",\"dateModified\":\"2021-06-11T13:08:56+00:00\",\"description\":\"Lesen Sie hier die Referenzen meiner G\u00e4ste und lassen Sie selbst ein Feed-back!\",\"breadcrumb\":{\"@id\":\"https:\/\/www.geertjehansen.it\/de\/home\/referenzen\/#breadcrumb\"},\"inLanguage\":\"de\",\"potentialAction\":[{\"@type\":\"ReadAction\",\"target\":[\"https:\/\/www.geertjehansen.it\/de\/home\/referenzen\/\"]}]},{\"@type\":\"ImageObject\",\"inLanguage\":\"de\",\"@id\":\"https:\/\/www.geertjehansen.it\/de\/home\/referenzen\/#primaryimage\",\"url\":\"https:\/\/www.geertjehansen.it\/wp-content\/uploads\/2021\/04\/testimonials-geertje-hansen.jpg\",\"contentUrl\":\"https:\/\/www.geertjehansen.it\/wp-content\/uploads\/2021\/04\/testimonials-geertje-hansen.jpg\",\"width\":1000,\"height\":1000},{\"@type\":\"BreadcrumbList\",\"@id\":\"https:\/\/www.geertjehansen.it\/de\/home\/referenzen\/#breadcrumb\",\"itemListElement\":[{\"@type\":\"ListItem\",\"position\":1,\"name\":\"Home\",\"item\":\"https:\/\/www.geertjehansen.it\/de\/\"},{\"@type\":\"ListItem\",\"position\":2,\"name\":\"Home\",\"item\":\"https:\/\/www.geertjehansen.it\/de\/\"},{\"@type\":\"ListItem\",\"position\":3,\"name\":\"Referenzen\"}]},{\"@type\":\"WebSite\",\"@id\":\"https:\/\/www.geertjehansen.it\/de\/#website\",\"url\":\"https:\/\/www.geertjehansen.it\/de\/\",\"name\":\"Geertje Hansen\",\"description\":\"Florence Tour Guide\",\"publisher\":{\"@id\":\"https:\/\/www.geertjehansen.it\/de\/#organization\"},\"potentialAction\":[{\"@type\":\"SearchAction\",\"target\":{\"@type\":\"EntryPoint\",\"urlTemplate\":\"https:\/\/www.geertjehansen.it\/de\/?s={search_term_string}\"},\"query-input\":{\"@type\":\"PropertyValueSpecification\",\"valueRequired\":true,\"valueName\":\"search_term_string\"}}],\"inLanguage\":\"de\"},{\"@type\":\"Organization\",\"@id\":\"https:\/\/www.geertjehansen.it\/de\/#organization\",\"name\":\"Geertje Hansen\",\"url\":\"https:\/\/www.geertjehansen.it\/de\/\",\"logo\":{\"@type\":\"ImageObject\",\"inLanguage\":\"de\",\"@id\":\"https:\/\/www.geertjehansen.it\/de\/#\/schema\/logo\/image\/\",\"url\":\"https:\/\/www.geertjehansen.it\/wp-content\/uploads\/2021\/04\/geertje-hansen-logo.png\",\"contentUrl\":\"https:\/\/www.geertjehansen.it\/wp-content\/uploads\/2021\/04\/geertje-hansen-logo.png\",\"width\":465,\"height\":136,\"caption\":\"Geertje Hansen\"},\"image\":{\"@id\":\"https:\/\/www.geertjehansen.it\/de\/#\/schema\/logo\/image\/\"}}]}<\/script>\n<!-- \/ Yoast SEO plugin. -->","yoast_head_json":{"title":"Referenzen | Geertje Hansen | Stadtf\u00fchrerin Florenz","description":"Lesen Sie hier die Referenzen meiner G\u00e4ste und lassen Sie selbst ein Feed-back!","robots":{"index":"index","follow":"follow","max-snippet":"max-snippet:-1","max-image-preview":"max-image-preview:large","max-video-preview":"max-video-preview:-1"},"canonical":"https:\/\/www.geertjehansen.it\/de\/home\/referenzen\/","og_locale":"de_DE","og_type":"article","og_title":"Referenzen | Geertje Hansen | Stadtf\u00fchrerin Florenz","og_description":"Lesen Sie hier die Referenzen meiner G\u00e4ste und lassen Sie selbst ein Feed-back!","og_url":"https:\/\/www.geertjehansen.it\/de\/home\/referenzen\/","og_site_name":"Geertje Hansen","article_modified_time":"2021-06-11T13:08:56+00:00","og_image":[{"width":1000,"height":1000,"url":"https:\/\/www.geertjehansen.it\/wp-content\/uploads\/2021\/04\/testimonials-geertje-hansen.jpg","type":"image\/jpeg"}],"twitter_card":"summary_large_image","twitter_misc":{"Gesch\u00e4tzte Lesezeit":"2\u00a0Minuten"},"schema":{"@context":"https:\/\/schema.org","@graph":[{"@type":"WebPage","@id":"https:\/\/www.geertjehansen.it\/de\/home\/referenzen\/","url":"https:\/\/www.geertjehansen.it\/de\/home\/referenzen\/","name":"Referenzen | Geertje Hansen | Stadtf\u00fchrerin Florenz","isPartOf":{"@id":"https:\/\/www.geertjehansen.it\/de\/#website"},"primaryImageOfPage":{"@id":"https:\/\/www.geertjehansen.it\/de\/home\/referenzen\/#primaryimage"},"image":{"@id":"https:\/\/www.geertjehansen.it\/de\/home\/referenzen\/#primaryimage"},"thumbnailUrl":"https:\/\/www.geertjehansen.it\/wp-content\/uploads\/2021\/04\/testimonials-geertje-hansen.jpg","datePublished":"2021-04-14T07:40:36+00:00","dateModified":"2021-06-11T13:08:56+00:00","description":"Lesen Sie hier die Referenzen meiner G\u00e4ste und lassen Sie selbst ein Feed-back!","breadcrumb":{"@id":"https:\/\/www.geertjehansen.it\/de\/home\/referenzen\/#breadcrumb"},"inLanguage":"de","potentialAction":[{"@type":"ReadAction","target":["https:\/\/www.geertjehansen.it\/de\/home\/referenzen\/"]}]},{"@type":"ImageObject","inLanguage":"de","@id":"https:\/\/www.geertjehansen.it\/de\/home\/referenzen\/#primaryimage","url":"https:\/\/www.geertjehansen.it\/wp-content\/uploads\/2021\/04\/testimonials-geertje-hansen.jpg","contentUrl":"https:\/\/www.geertjehansen.it\/wp-content\/uploads\/2021\/04\/testimonials-geertje-hansen.jpg","width":1000,"height":1000},{"@type":"BreadcrumbList","@id":"https:\/\/www.geertjehansen.it\/de\/home\/referenzen\/#breadcrumb","itemListElement":[{"@type":"ListItem","position":1,"name":"Home","item":"https:\/\/www.geertjehansen.it\/de\/"},{"@type":"ListItem","position":2,"name":"Home","item":"https:\/\/www.geertjehansen.it\/de\/"},{"@type":"ListItem","position":3,"name":"Referenzen"}]},{"@type":"WebSite","@id":"https:\/\/www.geertjehansen.it\/de\/#website","url":"https:\/\/www.geertjehansen.it\/de\/","name":"Geertje Hansen","description":"Florence Tour Guide","publisher":{"@id":"https:\/\/www.geertjehansen.it\/de\/#organization"},"potentialAction":[{"@type":"SearchAction","target":{"@type":"EntryPoint","urlTemplate":"https:\/\/www.geertjehansen.it\/de\/?s={search_term_string}"},"query-input":{"@type":"PropertyValueSpecification","valueRequired":true,"valueName":"search_term_string"}}],"inLanguage":"de"},{"@type":"Organization","@id":"https:\/\/www.geertjehansen.it\/de\/#organization","name":"Geertje Hansen","url":"https:\/\/www.geertjehansen.it\/de\/","logo":{"@type":"ImageObject","inLanguage":"de","@id":"https:\/\/www.geertjehansen.it\/de\/#\/schema\/logo\/image\/","url":"https:\/\/www.geertjehansen.it\/wp-content\/uploads\/2021\/04\/geertje-hansen-logo.png","contentUrl":"https:\/\/www.geertjehansen.it\/wp-content\/uploads\/2021\/04\/geertje-hansen-logo.png","width":465,"height":136,"caption":"Geertje Hansen"},"image":{"@id":"https:\/\/www.geertjehansen.it\/de\/#\/schema\/logo\/image\/"}}]}},"_links":{"self":[{"href":"https:\/\/www.geertjehansen.it\/de\/wp-json\/wp\/v2\/pages\/621","targetHints":{"allow":["GET"]}}],"collection":[{"href":"https:\/\/www.geertjehansen.it\/de\/wp-json\/wp\/v2\/pages"}],"about":[{"href":"https:\/\/www.geertjehansen.it\/de\/wp-json\/wp\/v2\/types\/page"}],"author":[{"embeddable":true,"href":"https:\/\/www.geertjehansen.it\/de\/wp-json\/wp\/v2\/users\/1"}],"replies":[{"embeddable":true,"href":"https:\/\/www.geertjehansen.it\/de\/wp-json\/wp\/v2\/comments?post=621"}],"version-history":[{"count":7,"href":"https:\/\/www.geertjehansen.it\/de\/wp-json\/wp\/v2\/pages\/621\/revisions"}],"predecessor-version":[{"id":1644,"href":"https:\/\/www.geertjehansen.it\/de\/wp-json\/wp\/v2\/pages\/621\/revisions\/1644"}],"up":[{"embeddable":true,"href":"https:\/\/www.geertjehansen.it\/de\/wp-json\/wp\/v2\/pages\/625"}],"wp:featuredmedia":[{"embeddable":true,"href":"https:\/\/www.geertjehansen.it\/de\/wp-json\/wp\/v2\/media\/1426"}],"wp:attachment":[{"href":"https:\/\/www.geertjehansen.it\/de\/wp-json\/wp\/v2\/media?parent=621"}],"curies":[{"name":"wp","href":"https:\/\/api.w.org\/{rel}","templated":true}]}}