{"id":240,"date":"2021-03-29T15:09:26","date_gmt":"2021-03-29T13:09:26","guid":{"rendered":"http:\/\/www.geertjehansen.it\/?page_id=240"},"modified":"2021-05-17T13:27:12","modified_gmt":"2021-05-17T11:27:12","slug":"santa-croce-und-santa-maria-novella","status":"publish","type":"page","link":"https:\/\/www.geertjehansen.it\/de\/home\/die-touren\/museen-und-kirchen\/santa-croce-und-santa-maria-novella\/","title":{"rendered":"Santa Croce und Santa Maria Novella"},"content":{"rendered":"\n<p>Diese beiden Kirchen sind so reich ausgestattet, dass man sie mit ruhigem Gewissen als Museen bezeichnen kann. Seit dem 18. Jhdt. wird <strong><em>Santa Croce<\/em><\/strong> auch als das Pantheon der italienischen Kultur bezeichnet, da es unter anderem die ewige Ruhest\u00e4tte von <em><strong>Michelangelo<\/strong><\/em>, <strong><em>Galileo Galilei<\/em><\/strong> und <strong><em>Machiavelli <\/em><\/strong>wurde. Au\u00dferdem kann man dort in den zahlreichen Kapellen unvergleichliche Kunstwerke bewundern, die verm\u00f6gende Patriarchen in der Vergangenheit in ganz Italien zum Ruhm ihrer Familien gestalten lie\u00dfen. Aber es gibt nur wenige Kirchen darunter, in denen man einen vollst\u00e4ndigen Einblick in die Kunstgeschichte vom fr\u00fchen 14. bis zum sp\u00e4ten 16. Jhdt. bekommt, wie z.B. in der Kirche <strong><em>Santa Maria Novella<\/em><\/strong>. Bei einem einzigen Besuch trifft man dort auf Beispiele ber\u00fchmter K\u00fcnstler wie <strong><em>Giotto<\/em><\/strong>, <strong><em>Orcagna<\/em><\/strong>, <strong><em>Andrea di Bonaiuto<\/em><\/strong>, <strong><em>Masaccio<\/em><\/strong>, <strong><em>Brunelleschi<\/em><\/strong>, <strong><em>Paolo Uccello<\/em><\/strong>, <strong><em>Botticelli<\/em><\/strong>,<strong><em> Ghirlandaio<\/em><\/strong>, <strong><em>Filippino Lippi<\/em><\/strong>, <strong><em>Naldini<\/em><\/strong> und <strong><em>Vasari<\/em><\/strong>.<\/p>\n","protected":false},"excerpt":{"rendered":"<p>Diese beiden Kirchen sind so reich ausgestattet, dass man sie mit ruhigem Gewissen als Museen bezeichnen kann. Seit dem 18. Jhdt. wird Santa Croce auch als das Pantheon der italienischen Kultur bezeichnet, da es unter anderem die ewige Ruhest\u00e4tte von Michelangelo, Galileo Galilei und Machiavelli wurde. Au\u00dferdem kann man dort in den zahlreichen Kapellen unvergleichliche [&hellip;]<\/p>\n","protected":false},"author":1,"featured_media":165,"parent":230,"menu_order":52,"comment_status":"closed","ping_status":"closed","template":"","meta":{"_acf_changed":false,"footnotes":""},"class_list":["post-240","page","type-page","status-publish","has-post-thumbnail","hentry"],"acf":[],"yoast_head":"<!-- This site is optimized with the Yoast SEO plugin v24.9 - https:\/\/yoast.com\/wordpress\/plugins\/seo\/ -->\n<title>Santa Croce und Santa Maria Novella | Geertje Hansen | Stadtf\u00fchrerin Florenz<\/title>\n<meta name=\"description\" content=\"F\u00fchrung durch einige der wichtigsten Kirchen in Florenz hinter dessen Mauern sich Werke von Giotto, Donatello, Masaccio, Ghirlandaio bis hin\u00fcber zu Brunelleschi und Botticelli befinden\" \/>\n<meta name=\"robots\" content=\"index, follow, max-snippet:-1, max-image-preview:large, max-video-preview:-1\" \/>\n<link rel=\"canonical\" href=\"https:\/\/www.geertjehansen.it\/de\/home\/die-touren\/museen-und-kirchen\/santa-croce-und-santa-maria-novella\/\" \/>\n<meta property=\"og:locale\" content=\"de_DE\" \/>\n<meta property=\"og:type\" content=\"article\" \/>\n<meta property=\"og:title\" content=\"Santa Croce und Santa Maria Novella | Geertje Hansen | Stadtf\u00fchrerin Florenz\" \/>\n<meta property=\"og:description\" content=\"F\u00fchrung durch einige der wichtigsten Kirchen in Florenz hinter dessen Mauern sich Werke von Giotto, Donatello, Masaccio, Ghirlandaio bis hin\u00fcber zu Brunelleschi und Botticelli befinden\" \/>\n<meta property=\"og:url\" content=\"https:\/\/www.geertjehansen.it\/de\/home\/die-touren\/museen-und-kirchen\/santa-croce-und-santa-maria-novella\/\" \/>\n<meta property=\"og:site_name\" content=\"Geertje Hansen\" \/>\n<meta property=\"article:modified_time\" content=\"2021-05-17T11:27:12+00:00\" \/>\n<meta property=\"og:image\" content=\"https:\/\/www.geertjehansen.it\/wp-content\/uploads\/2021\/03\/santa-maria-novella-firenze.jpg\" \/>\n\t<meta property=\"og:image:width\" content=\"2400\" \/>\n\t<meta property=\"og:image:height\" content=\"1689\" \/>\n\t<meta property=\"og:image:type\" content=\"image\/jpeg\" \/>\n<meta name=\"twitter:card\" content=\"summary_large_image\" \/>\n<meta name=\"twitter:label1\" content=\"Gesch\u00e4tzte Lesezeit\" \/>\n\t<meta name=\"twitter:data1\" content=\"1\u00a0Minute\" \/>\n<script type=\"application\/ld+json\" class=\"yoast-schema-graph\">{\"@context\":\"https:\/\/schema.org\",\"@graph\":[{\"@type\":\"WebPage\",\"@id\":\"https:\/\/www.geertjehansen.it\/de\/home\/die-touren\/museen-und-kirchen\/santa-croce-und-santa-maria-novella\/\",\"url\":\"https:\/\/www.geertjehansen.it\/de\/home\/die-touren\/museen-und-kirchen\/santa-croce-und-santa-maria-novella\/\",\"name\":\"Santa Croce und Santa Maria Novella | Geertje Hansen | Stadtf\u00fchrerin Florenz\",\"isPartOf\":{\"@id\":\"https:\/\/www.geertjehansen.it\/de\/#website\"},\"primaryImageOfPage\":{\"@id\":\"https:\/\/www.geertjehansen.it\/de\/home\/die-touren\/museen-und-kirchen\/santa-croce-und-santa-maria-novella\/#primaryimage\"},\"image\":{\"@id\":\"https:\/\/www.geertjehansen.it\/de\/home\/die-touren\/museen-und-kirchen\/santa-croce-und-santa-maria-novella\/#primaryimage\"},\"thumbnailUrl\":\"https:\/\/www.geertjehansen.it\/wp-content\/uploads\/2021\/03\/santa-maria-novella-firenze.jpg\",\"datePublished\":\"2021-03-29T13:09:26+00:00\",\"dateModified\":\"2021-05-17T11:27:12+00:00\",\"description\":\"F\u00fchrung durch einige der wichtigsten Kirchen in Florenz hinter dessen Mauern sich Werke von Giotto, Donatello, Masaccio, Ghirlandaio bis hin\u00fcber zu Brunelleschi und Botticelli befinden\",\"breadcrumb\":{\"@id\":\"https:\/\/www.geertjehansen.it\/de\/home\/die-touren\/museen-und-kirchen\/santa-croce-und-santa-maria-novella\/#breadcrumb\"},\"inLanguage\":\"de\",\"potentialAction\":[{\"@type\":\"ReadAction\",\"target\":[\"https:\/\/www.geertjehansen.it\/de\/home\/die-touren\/museen-und-kirchen\/santa-croce-und-santa-maria-novella\/\"]}]},{\"@type\":\"ImageObject\",\"inLanguage\":\"de\",\"@id\":\"https:\/\/www.geertjehansen.it\/de\/home\/die-touren\/museen-und-kirchen\/santa-croce-und-santa-maria-novella\/#primaryimage\",\"url\":\"https:\/\/www.geertjehansen.it\/wp-content\/uploads\/2021\/03\/santa-maria-novella-firenze.jpg\",\"contentUrl\":\"https:\/\/www.geertjehansen.it\/wp-content\/uploads\/2021\/03\/santa-maria-novella-firenze.jpg\",\"width\":2400,\"height\":1689},{\"@type\":\"BreadcrumbList\",\"@id\":\"https:\/\/www.geertjehansen.it\/de\/home\/die-touren\/museen-und-kirchen\/santa-croce-und-santa-maria-novella\/#breadcrumb\",\"itemListElement\":[{\"@type\":\"ListItem\",\"position\":1,\"name\":\"Home\",\"item\":\"https:\/\/www.geertjehansen.it\/de\/\"},{\"@type\":\"ListItem\",\"position\":2,\"name\":\"Home\",\"item\":\"https:\/\/www.geertjehansen.it\/de\/\"},{\"@type\":\"ListItem\",\"position\":3,\"name\":\"F\u00fchrungen &#038; Ausfl\u00fcge\",\"item\":\"https:\/\/www.geertjehansen.it\/de\/home\/die-touren\/\"},{\"@type\":\"ListItem\",\"position\":4,\"name\":\"Museen und Kirchen\",\"item\":\"https:\/\/www.geertjehansen.it\/de\/home\/die-touren\/museen-und-kirchen\/\"},{\"@type\":\"ListItem\",\"position\":5,\"name\":\"Santa Croce und Santa Maria Novella\"}]},{\"@type\":\"WebSite\",\"@id\":\"https:\/\/www.geertjehansen.it\/de\/#website\",\"url\":\"https:\/\/www.geertjehansen.it\/de\/\",\"name\":\"Geertje Hansen\",\"description\":\"Florence Tour Guide\",\"publisher\":{\"@id\":\"https:\/\/www.geertjehansen.it\/de\/#organization\"},\"potentialAction\":[{\"@type\":\"SearchAction\",\"target\":{\"@type\":\"EntryPoint\",\"urlTemplate\":\"https:\/\/www.geertjehansen.it\/de\/?s={search_term_string}\"},\"query-input\":{\"@type\":\"PropertyValueSpecification\",\"valueRequired\":true,\"valueName\":\"search_term_string\"}}],\"inLanguage\":\"de\"},{\"@type\":\"Organization\",\"@id\":\"https:\/\/www.geertjehansen.it\/de\/#organization\",\"name\":\"Geertje Hansen\",\"url\":\"https:\/\/www.geertjehansen.it\/de\/\",\"logo\":{\"@type\":\"ImageObject\",\"inLanguage\":\"de\",\"@id\":\"https:\/\/www.geertjehansen.it\/de\/#\/schema\/logo\/image\/\",\"url\":\"https:\/\/www.geertjehansen.it\/wp-content\/uploads\/2021\/04\/geertje-hansen-logo.png\",\"contentUrl\":\"https:\/\/www.geertjehansen.it\/wp-content\/uploads\/2021\/04\/geertje-hansen-logo.png\",\"width\":465,\"height\":136,\"caption\":\"Geertje Hansen\"},\"image\":{\"@id\":\"https:\/\/www.geertjehansen.it\/de\/#\/schema\/logo\/image\/\"}}]}<\/script>\n<!-- \/ Yoast SEO plugin. -->","yoast_head_json":{"title":"Santa Croce und Santa Maria Novella | Geertje Hansen | Stadtf\u00fchrerin Florenz","description":"F\u00fchrung durch einige der wichtigsten Kirchen in Florenz hinter dessen Mauern sich Werke von Giotto, Donatello, Masaccio, Ghirlandaio bis hin\u00fcber zu Brunelleschi und Botticelli befinden","robots":{"index":"index","follow":"follow","max-snippet":"max-snippet:-1","max-image-preview":"max-image-preview:large","max-video-preview":"max-video-preview:-1"},"canonical":"https:\/\/www.geertjehansen.it\/de\/home\/die-touren\/museen-und-kirchen\/santa-croce-und-santa-maria-novella\/","og_locale":"de_DE","og_type":"article","og_title":"Santa Croce und Santa Maria Novella | Geertje Hansen | Stadtf\u00fchrerin Florenz","og_description":"F\u00fchrung durch einige der wichtigsten Kirchen in Florenz hinter dessen Mauern sich Werke von Giotto, Donatello, Masaccio, Ghirlandaio bis hin\u00fcber zu Brunelleschi und Botticelli befinden","og_url":"https:\/\/www.geertjehansen.it\/de\/home\/die-touren\/museen-und-kirchen\/santa-croce-und-santa-maria-novella\/","og_site_name":"Geertje Hansen","article_modified_time":"2021-05-17T11:27:12+00:00","og_image":[{"width":2400,"height":1689,"url":"https:\/\/www.geertjehansen.it\/wp-content\/uploads\/2021\/03\/santa-maria-novella-firenze.jpg","type":"image\/jpeg"}],"twitter_card":"summary_large_image","twitter_misc":{"Gesch\u00e4tzte Lesezeit":"1\u00a0Minute"},"schema":{"@context":"https:\/\/schema.org","@graph":[{"@type":"WebPage","@id":"https:\/\/www.geertjehansen.it\/de\/home\/die-touren\/museen-und-kirchen\/santa-croce-und-santa-maria-novella\/","url":"https:\/\/www.geertjehansen.it\/de\/home\/die-touren\/museen-und-kirchen\/santa-croce-und-santa-maria-novella\/","name":"Santa Croce und Santa Maria Novella | Geertje Hansen | Stadtf\u00fchrerin Florenz","isPartOf":{"@id":"https:\/\/www.geertjehansen.it\/de\/#website"},"primaryImageOfPage":{"@id":"https:\/\/www.geertjehansen.it\/de\/home\/die-touren\/museen-und-kirchen\/santa-croce-und-santa-maria-novella\/#primaryimage"},"image":{"@id":"https:\/\/www.geertjehansen.it\/de\/home\/die-touren\/museen-und-kirchen\/santa-croce-und-santa-maria-novella\/#primaryimage"},"thumbnailUrl":"https:\/\/www.geertjehansen.it\/wp-content\/uploads\/2021\/03\/santa-maria-novella-firenze.jpg","datePublished":"2021-03-29T13:09:26+00:00","dateModified":"2021-05-17T11:27:12+00:00","description":"F\u00fchrung durch einige der wichtigsten Kirchen in Florenz hinter dessen Mauern sich Werke von Giotto, Donatello, Masaccio, Ghirlandaio bis hin\u00fcber zu Brunelleschi und Botticelli befinden","breadcrumb":{"@id":"https:\/\/www.geertjehansen.it\/de\/home\/die-touren\/museen-und-kirchen\/santa-croce-und-santa-maria-novella\/#breadcrumb"},"inLanguage":"de","potentialAction":[{"@type":"ReadAction","target":["https:\/\/www.geertjehansen.it\/de\/home\/die-touren\/museen-und-kirchen\/santa-croce-und-santa-maria-novella\/"]}]},{"@type":"ImageObject","inLanguage":"de","@id":"https:\/\/www.geertjehansen.it\/de\/home\/die-touren\/museen-und-kirchen\/santa-croce-und-santa-maria-novella\/#primaryimage","url":"https:\/\/www.geertjehansen.it\/wp-content\/uploads\/2021\/03\/santa-maria-novella-firenze.jpg","contentUrl":"https:\/\/www.geertjehansen.it\/wp-content\/uploads\/2021\/03\/santa-maria-novella-firenze.jpg","width":2400,"height":1689},{"@type":"BreadcrumbList","@id":"https:\/\/www.geertjehansen.it\/de\/home\/die-touren\/museen-und-kirchen\/santa-croce-und-santa-maria-novella\/#breadcrumb","itemListElement":[{"@type":"ListItem","position":1,"name":"Home","item":"https:\/\/www.geertjehansen.it\/de\/"},{"@type":"ListItem","position":2,"name":"Home","item":"https:\/\/www.geertjehansen.it\/de\/"},{"@type":"ListItem","position":3,"name":"F\u00fchrungen &#038; Ausfl\u00fcge","item":"https:\/\/www.geertjehansen.it\/de\/home\/die-touren\/"},{"@type":"ListItem","position":4,"name":"Museen und Kirchen","item":"https:\/\/www.geertjehansen.it\/de\/home\/die-touren\/museen-und-kirchen\/"},{"@type":"ListItem","position":5,"name":"Santa Croce und Santa Maria Novella"}]},{"@type":"WebSite","@id":"https:\/\/www.geertjehansen.it\/de\/#website","url":"https:\/\/www.geertjehansen.it\/de\/","name":"Geertje Hansen","description":"Florence Tour Guide","publisher":{"@id":"https:\/\/www.geertjehansen.it\/de\/#organization"},"potentialAction":[{"@type":"SearchAction","target":{"@type":"EntryPoint","urlTemplate":"https:\/\/www.geertjehansen.it\/de\/?s={search_term_string}"},"query-input":{"@type":"PropertyValueSpecification","valueRequired":true,"valueName":"search_term_string"}}],"inLanguage":"de"},{"@type":"Organization","@id":"https:\/\/www.geertjehansen.it\/de\/#organization","name":"Geertje Hansen","url":"https:\/\/www.geertjehansen.it\/de\/","logo":{"@type":"ImageObject","inLanguage":"de","@id":"https:\/\/www.geertjehansen.it\/de\/#\/schema\/logo\/image\/","url":"https:\/\/www.geertjehansen.it\/wp-content\/uploads\/2021\/04\/geertje-hansen-logo.png","contentUrl":"https:\/\/www.geertjehansen.it\/wp-content\/uploads\/2021\/04\/geertje-hansen-logo.png","width":465,"height":136,"caption":"Geertje Hansen"},"image":{"@id":"https:\/\/www.geertjehansen.it\/de\/#\/schema\/logo\/image\/"}}]}},"_links":{"self":[{"href":"https:\/\/www.geertjehansen.it\/de\/wp-json\/wp\/v2\/pages\/240","targetHints":{"allow":["GET"]}}],"collection":[{"href":"https:\/\/www.geertjehansen.it\/de\/wp-json\/wp\/v2\/pages"}],"about":[{"href":"https:\/\/www.geertjehansen.it\/de\/wp-json\/wp\/v2\/types\/page"}],"author":[{"embeddable":true,"href":"https:\/\/www.geertjehansen.it\/de\/wp-json\/wp\/v2\/users\/1"}],"replies":[{"embeddable":true,"href":"https:\/\/www.geertjehansen.it\/de\/wp-json\/wp\/v2\/comments?post=240"}],"version-history":[{"count":1,"href":"https:\/\/www.geertjehansen.it\/de\/wp-json\/wp\/v2\/pages\/240\/revisions"}],"predecessor-version":[{"id":241,"href":"https:\/\/www.geertjehansen.it\/de\/wp-json\/wp\/v2\/pages\/240\/revisions\/241"}],"up":[{"embeddable":true,"href":"https:\/\/www.geertjehansen.it\/de\/wp-json\/wp\/v2\/pages\/230"}],"wp:featuredmedia":[{"embeddable":true,"href":"https:\/\/www.geertjehansen.it\/de\/wp-json\/wp\/v2\/media\/165"}],"wp:attachment":[{"href":"https:\/\/www.geertjehansen.it\/de\/wp-json\/wp\/v2\/media?parent=240"}],"curies":[{"name":"wp","href":"https:\/\/api.w.org\/{rel}","templated":true}]}}