{"id":236,"date":"2021-03-29T15:04:38","date_gmt":"2021-03-29T13:04:38","guid":{"rendered":"http:\/\/www.geertjehansen.it\/?page_id=236"},"modified":"2021-05-17T13:16:25","modified_gmt":"2021-05-17T11:16:25","slug":"palazzo-pitti-und-boboli-garten","status":"publish","type":"page","link":"https:\/\/www.geertjehansen.it\/de\/home\/die-touren\/museen-und-kirchen\/palazzo-pitti-und-boboli-garten\/","title":{"rendered":"Palazzo Pitti und Boboli Garten"},"content":{"rendered":"\n<p>Man k\u00f6nnte Seiten f\u00fcllen \u00fcber das, was es in diesem Palast alles zu sehen gibt. Nachdem er die Residenz von allen Herrschern der Toskana war und sogar vom ersten K\u00f6nig Italiens bewohnt wurde, sind heutzutage genau sechs Museen in dem Geb\u00e4ude untergebracht, (die Sie selbstverst\u00e4ndlich nicht alle zusammen besuchen sollen).<br><br>Ich empfehle Ihnen die <strong><em>Galleria Palatina<\/em><\/strong>, wo Sie die riesige Anzahl an Gem\u00e4lden \u00fcberw\u00e4ltigen wird, die fast jeden freien Platz an den W\u00e4nden f\u00fcllen, sowie die einmalig sch\u00f6nen Stuckarbeiten und Fresko-Malereien an den Decken aller R\u00e4ume. Mit seinen 13 Arbeiten von <strong><em>Raffaello<\/em><\/strong> und denen von <strong><em>Caravaggio<\/em><\/strong>, den Meisterwerken von <strong><em>Rubens<\/em><\/strong>, <strong><em>Tizian<\/em><\/strong>, <strong><em>Anton van Dyck<\/em><\/strong> und so vielen anderen, wird dieses Museum ihnen immer in Erinnerung bleiben. Sollte Ihnen aber der Sinn mehr nach modernerer Kunst stehen, brauchen Sie nur \u00fcber die Treppe in den zweiten Stock zu wechseln, um sich an der <strong><em>Galleria d\u2019Arte Moderna<\/em><\/strong> zu erfreuen, wo Sie Gem\u00e4lde aus dem fr\u00fchen 19. Jahrhundert bis ins fr\u00fche 20. Jahrhundert bewundern k\u00f6nnen. Ein weiterer Teil des Pitti Palastes ist die <strong><em>Galleria degli Argenti<\/em><\/strong>, wo das aufbewahrt wird, was von den Sch\u00e4tzen der Medici \u00fcbrig geblieben ist und sich einige der gelungensten Fresken des Illusionismus der Stadt befinden. Der 6 Hektar gro\u00dfe <strong><em>Boboli-Garten<\/em><\/strong> hinter dem Palast hat mit seinen Renaissance-Anlagen und der entsprechenden Bepflanzung, den Brunnen, Statuen und Grotten auch viel Geschichte zu erz\u00e4hlen. Von hier aus sind auch das <strong><em>Kost\u00fcm- und Porzellan-Museum<\/em><\/strong> zu erreichen.<br><br>Man kann die Besichtigung einiger Teile dieses Palastes auch mit einem Besuch in <strong><em>Oltrarno<\/em><\/strong> verbinden oder mit dem <strong><em>Bardini-Garten<\/em><\/strong> und dem <strong><em>Forte Belvedere<\/em><\/strong> am oberen Rand des H\u00fcgels.<\/p>\n\n\n<style>.wp-block-kadence-advancedgallery .kb-gallery-type-grid.kb-gallery-id-_78ca52-17{margin:-5px;}.kb-gallery-type-grid.kb-gallery-id-_78ca52-17 .kadence-blocks-gallery-item{padding:5px;}.kb-gallery-id-_78ca52-17 .kadence-blocks-gallery-item .kb-gal-image-radius{border-radius:0px 0px 0px 0px;}<\/style>\n<div class=\"wp-block-kadence-advancedgallery kb-gallery-wrap-id-_78ca52-17\"><ul class=\"kb-gallery-ul kb-gallery-type-grid kb-gallery-id-_78ca52-17 kb-gallery-caption-style-bottom-hover kb-gallery-filter-none kb-gallery-magnific-init\" data-item-selector=\".kadence-blocks-gallery-item\" data-image-filter=\"none\" data-lightbox-caption=\"true\" data-columns-xxl=\"2\" data-columns-xl=\"2\" data-columns-lg=\"2\" data-columns-md=\"2\" data-columns-sm=\"1\" data-columns-xs=\"1\"><li class=\"kadence-blocks-gallery-item\"><div class=\"kadence-blocks-gallery-item-inner\"><figure class=\"kb-gallery-figure kb-gallery-item-has-link kadence-blocks-gallery-item-hide-caption kb-has-image-ratio-land32\"><a href=\"http:\/\/www.geertjehansen.it\/wp-content\/uploads\/2021\/04\/bardini-pitti-giardino.png\" class=\"kb-gallery-item-link\"><div class=\"kb-gal-image-radius\"><div class=\"kb-gallery-image-contain kadence-blocks-gallery-intrinsic kb-gallery-image-ratio-land32\"><img loading=\"lazy\" decoding=\"async\" width=\"1000\" height=\"750\" src=\"https:\/\/www.geertjehansen.it\/wp-content\/themes\/webag_3\/templates-default\/img\/t.png\" data-src=\"http:\/\/www.geertjehansen.it\/wp-content\/uploads\/2021\/04\/bardini-pitti-giardino.png\" alt=\"Glicine, giardini Firenze\" data-full-image=\"http:\/\/www.geertjehansen.it\/wp-content\/uploads\/2021\/04\/bardini-pitti-giardino.png\" data-light-image=\"http:\/\/www.geertjehansen.it\/wp-content\/uploads\/2021\/04\/bardini-pitti-giardino.png\" data-id=\"693\" data-link=\"http:\/\/www.geertjehansen.it\/de\/home\/die-touren\/museen-und-kirchen\/palazzo-pitti-und-boboli-garten\/bardini-pitti-giardino-2\/\" class=\"lazy wp-image-693undefined\" data-srcset=\"https:\/\/www.geertjehansen.it\/wp-content\/uploads\/2021\/04\/bardini-pitti-giardino.png 1000w, https:\/\/www.geertjehansen.it\/wp-content\/uploads\/2021\/04\/bardini-pitti-giardino-300x225.png 300w, https:\/\/www.geertjehansen.it\/wp-content\/uploads\/2021\/04\/bardini-pitti-giardino-768x576.png 768w, https:\/\/www.geertjehansen.it\/wp-content\/uploads\/2021\/04\/bardini-pitti-giardino-150x113.png 150w\" sizes=\"auto, (max-width: 1000px) 100vw, 1000px\" \/><\/div><\/div><\/a><\/figure><\/div><\/li><li class=\"kadence-blocks-gallery-item\"><div class=\"kadence-blocks-gallery-item-inner\"><figure class=\"kb-gallery-figure kb-gallery-item-has-link kadence-blocks-gallery-item-hide-caption kb-has-image-ratio-land32\"><a href=\"http:\/\/www.geertjehansen.it\/wp-content\/uploads\/2021\/04\/pitti-bardini-firenze.jpg\" class=\"kb-gallery-item-link\"><div class=\"kb-gal-image-radius\"><div class=\"kb-gallery-image-contain kadence-blocks-gallery-intrinsic kb-gallery-image-ratio-land32\"><img loading=\"lazy\" decoding=\"async\" src=\"https:\/\/www.geertjehansen.it\/wp-content\/themes\/webag_3\/templates-default\/img\/t.png\" data-src=\"http:\/\/www.geertjehansen.it\/wp-content\/uploads\/2021\/04\/pitti-bardini-firenze-576x1024.jpg\" width=\"576\" height=\"1024\" alt=\"Scalinata Giardini Palazzo Pitti\" data-full-image=\"http:\/\/www.geertjehansen.it\/wp-content\/uploads\/2021\/04\/pitti-bardini-firenze.jpg\" data-light-image=\"http:\/\/www.geertjehansen.it\/wp-content\/uploads\/2021\/04\/pitti-bardini-firenze.jpg\" data-id=\"698\" data-link=\"http:\/\/www.geertjehansen.it\/de\/home\/die-touren\/museen-und-kirchen\/palazzo-pitti-und-boboli-garten\/pitti-bardini-firenze-2\/\" class=\"lazy wp-image-698undefined\" data-srcset=\"https:\/\/www.geertjehansen.it\/wp-content\/uploads\/2021\/04\/pitti-bardini-firenze-576x1024.jpg 576w, https:\/\/www.geertjehansen.it\/wp-content\/uploads\/2021\/04\/pitti-bardini-firenze-169x300.jpg 169w, https:\/\/www.geertjehansen.it\/wp-content\/uploads\/2021\/04\/pitti-bardini-firenze-768x1366.jpg 768w, https:\/\/www.geertjehansen.it\/wp-content\/uploads\/2021\/04\/pitti-bardini-firenze-863x1536.jpg 863w, https:\/\/www.geertjehansen.it\/wp-content\/uploads\/2021\/04\/pitti-bardini-firenze-84x150.jpg 84w, https:\/\/www.geertjehansen.it\/wp-content\/uploads\/2021\/04\/pitti-bardini-firenze.jpg 1000w\" sizes=\"auto, (max-width: 576px) 100vw, 576px\" \/><\/div><\/div><\/a><\/figure><\/div><\/li><\/ul><\/div>\n","protected":false},"excerpt":{"rendered":"<p>Man k\u00f6nnte Seiten f\u00fcllen \u00fcber das, was es in diesem Palast alles zu sehen gibt. Nachdem er die Residenz von allen Herrschern der Toskana war und sogar vom ersten K\u00f6nig Italiens bewohnt wurde, sind heutzutage genau sechs Museen in dem Geb\u00e4ude untergebracht, (die Sie selbstverst\u00e4ndlich nicht alle zusammen besuchen sollen). Ich empfehle Ihnen die Galleria [&hellip;]<\/p>\n","protected":false},"author":1,"featured_media":384,"parent":230,"menu_order":44,"comment_status":"closed","ping_status":"closed","template":"","meta":{"_acf_changed":false,"footnotes":""},"class_list":["post-236","page","type-page","status-publish","has-post-thumbnail","hentry"],"acf":[],"yoast_head":"<!-- This site is optimized with the Yoast SEO plugin v24.9 - https:\/\/yoast.com\/wordpress\/plugins\/seo\/ -->\n<title>Palazzo Pitti und Boboli Garten | Geertje Hansen | Stadtf\u00fchrerin Florenz<\/title>\n<meta name=\"description\" content=\"F\u00fchrungen rundum Palazzo Pitti, interessantes Beispiel von Renaissance Architektur, von allen Herrschern von Florenz bewohnt und ein Spaziergang durch den dazu geh\u00f6rigen Garten Boboli.\" \/>\n<meta name=\"robots\" content=\"index, follow, max-snippet:-1, max-image-preview:large, max-video-preview:-1\" \/>\n<link rel=\"canonical\" href=\"https:\/\/www.geertjehansen.it\/de\/home\/die-touren\/museen-und-kirchen\/palazzo-pitti-und-boboli-garten\/\" \/>\n<meta property=\"og:locale\" content=\"de_DE\" \/>\n<meta property=\"og:type\" content=\"article\" \/>\n<meta property=\"og:title\" content=\"Palazzo Pitti und Boboli Garten | Geertje Hansen | Stadtf\u00fchrerin Florenz\" \/>\n<meta property=\"og:description\" content=\"F\u00fchrungen rundum Palazzo Pitti, interessantes Beispiel von Renaissance Architektur, von allen Herrschern von Florenz bewohnt und ein Spaziergang durch den dazu geh\u00f6rigen Garten Boboli.\" \/>\n<meta property=\"og:url\" content=\"https:\/\/www.geertjehansen.it\/de\/home\/die-touren\/museen-und-kirchen\/palazzo-pitti-und-boboli-garten\/\" \/>\n<meta property=\"og:site_name\" content=\"Geertje Hansen\" \/>\n<meta property=\"article:modified_time\" content=\"2021-05-17T11:16:25+00:00\" \/>\n<meta property=\"og:image\" content=\"https:\/\/www.geertjehansen.it\/wp-content\/uploads\/2021\/03\/palazzo-pitti-boboli-gardens-tours-geertjehansen.jpg\" \/>\n\t<meta property=\"og:image:width\" content=\"1000\" \/>\n\t<meta property=\"og:image:height\" content=\"667\" \/>\n\t<meta property=\"og:image:type\" content=\"image\/jpeg\" \/>\n<meta name=\"twitter:card\" content=\"summary_large_image\" \/>\n<meta name=\"twitter:label1\" content=\"Gesch\u00e4tzte Lesezeit\" \/>\n\t<meta name=\"twitter:data1\" content=\"2\u00a0Minuten\" \/>\n<script type=\"application\/ld+json\" class=\"yoast-schema-graph\">{\"@context\":\"https:\/\/schema.org\",\"@graph\":[{\"@type\":\"WebPage\",\"@id\":\"https:\/\/www.geertjehansen.it\/de\/home\/die-touren\/museen-und-kirchen\/palazzo-pitti-und-boboli-garten\/\",\"url\":\"https:\/\/www.geertjehansen.it\/de\/home\/die-touren\/museen-und-kirchen\/palazzo-pitti-und-boboli-garten\/\",\"name\":\"Palazzo Pitti und Boboli Garten | Geertje Hansen | Stadtf\u00fchrerin Florenz\",\"isPartOf\":{\"@id\":\"https:\/\/www.geertjehansen.it\/de\/#website\"},\"primaryImageOfPage\":{\"@id\":\"https:\/\/www.geertjehansen.it\/de\/home\/die-touren\/museen-und-kirchen\/palazzo-pitti-und-boboli-garten\/#primaryimage\"},\"image\":{\"@id\":\"https:\/\/www.geertjehansen.it\/de\/home\/die-touren\/museen-und-kirchen\/palazzo-pitti-und-boboli-garten\/#primaryimage\"},\"thumbnailUrl\":\"https:\/\/www.geertjehansen.it\/wp-content\/uploads\/2021\/03\/palazzo-pitti-boboli-gardens-tours-geertjehansen.jpg\",\"datePublished\":\"2021-03-29T13:04:38+00:00\",\"dateModified\":\"2021-05-17T11:16:25+00:00\",\"description\":\"F\u00fchrungen rundum Palazzo Pitti, interessantes Beispiel von Renaissance Architektur, von allen Herrschern von Florenz bewohnt und ein Spaziergang durch den dazu geh\u00f6rigen Garten Boboli.\",\"breadcrumb\":{\"@id\":\"https:\/\/www.geertjehansen.it\/de\/home\/die-touren\/museen-und-kirchen\/palazzo-pitti-und-boboli-garten\/#breadcrumb\"},\"inLanguage\":\"de\",\"potentialAction\":[{\"@type\":\"ReadAction\",\"target\":[\"https:\/\/www.geertjehansen.it\/de\/home\/die-touren\/museen-und-kirchen\/palazzo-pitti-und-boboli-garten\/\"]}]},{\"@type\":\"ImageObject\",\"inLanguage\":\"de\",\"@id\":\"https:\/\/www.geertjehansen.it\/de\/home\/die-touren\/museen-und-kirchen\/palazzo-pitti-und-boboli-garten\/#primaryimage\",\"url\":\"https:\/\/www.geertjehansen.it\/wp-content\/uploads\/2021\/03\/palazzo-pitti-boboli-gardens-tours-geertjehansen.jpg\",\"contentUrl\":\"https:\/\/www.geertjehansen.it\/wp-content\/uploads\/2021\/03\/palazzo-pitti-boboli-gardens-tours-geertjehansen.jpg\",\"width\":1000,\"height\":667,\"caption\":\"Palazzo Pitti & Boboli Gardens Tour\"},{\"@type\":\"BreadcrumbList\",\"@id\":\"https:\/\/www.geertjehansen.it\/de\/home\/die-touren\/museen-und-kirchen\/palazzo-pitti-und-boboli-garten\/#breadcrumb\",\"itemListElement\":[{\"@type\":\"ListItem\",\"position\":1,\"name\":\"Home\",\"item\":\"https:\/\/www.geertjehansen.it\/de\/\"},{\"@type\":\"ListItem\",\"position\":2,\"name\":\"Home\",\"item\":\"https:\/\/www.geertjehansen.it\/de\/\"},{\"@type\":\"ListItem\",\"position\":3,\"name\":\"F\u00fchrungen &#038; Ausfl\u00fcge\",\"item\":\"https:\/\/www.geertjehansen.it\/de\/home\/die-touren\/\"},{\"@type\":\"ListItem\",\"position\":4,\"name\":\"Museen und Kirchen\",\"item\":\"https:\/\/www.geertjehansen.it\/de\/home\/die-touren\/museen-und-kirchen\/\"},{\"@type\":\"ListItem\",\"position\":5,\"name\":\"Palazzo Pitti und Boboli Garten\"}]},{\"@type\":\"WebSite\",\"@id\":\"https:\/\/www.geertjehansen.it\/de\/#website\",\"url\":\"https:\/\/www.geertjehansen.it\/de\/\",\"name\":\"Geertje Hansen\",\"description\":\"Florence Tour Guide\",\"publisher\":{\"@id\":\"https:\/\/www.geertjehansen.it\/de\/#organization\"},\"potentialAction\":[{\"@type\":\"SearchAction\",\"target\":{\"@type\":\"EntryPoint\",\"urlTemplate\":\"https:\/\/www.geertjehansen.it\/de\/?s={search_term_string}\"},\"query-input\":{\"@type\":\"PropertyValueSpecification\",\"valueRequired\":true,\"valueName\":\"search_term_string\"}}],\"inLanguage\":\"de\"},{\"@type\":\"Organization\",\"@id\":\"https:\/\/www.geertjehansen.it\/de\/#organization\",\"name\":\"Geertje Hansen\",\"url\":\"https:\/\/www.geertjehansen.it\/de\/\",\"logo\":{\"@type\":\"ImageObject\",\"inLanguage\":\"de\",\"@id\":\"https:\/\/www.geertjehansen.it\/de\/#\/schema\/logo\/image\/\",\"url\":\"https:\/\/www.geertjehansen.it\/wp-content\/uploads\/2021\/04\/geertje-hansen-logo.png\",\"contentUrl\":\"https:\/\/www.geertjehansen.it\/wp-content\/uploads\/2021\/04\/geertje-hansen-logo.png\",\"width\":465,\"height\":136,\"caption\":\"Geertje Hansen\"},\"image\":{\"@id\":\"https:\/\/www.geertjehansen.it\/de\/#\/schema\/logo\/image\/\"}}]}<\/script>\n<!-- \/ Yoast SEO plugin. -->","yoast_head_json":{"title":"Palazzo Pitti und Boboli Garten | Geertje Hansen | Stadtf\u00fchrerin Florenz","description":"F\u00fchrungen rundum Palazzo Pitti, interessantes Beispiel von Renaissance Architektur, von allen Herrschern von Florenz bewohnt und ein Spaziergang durch den dazu geh\u00f6rigen Garten Boboli.","robots":{"index":"index","follow":"follow","max-snippet":"max-snippet:-1","max-image-preview":"max-image-preview:large","max-video-preview":"max-video-preview:-1"},"canonical":"https:\/\/www.geertjehansen.it\/de\/home\/die-touren\/museen-und-kirchen\/palazzo-pitti-und-boboli-garten\/","og_locale":"de_DE","og_type":"article","og_title":"Palazzo Pitti und Boboli Garten | Geertje Hansen | Stadtf\u00fchrerin Florenz","og_description":"F\u00fchrungen rundum Palazzo Pitti, interessantes Beispiel von Renaissance Architektur, von allen Herrschern von Florenz bewohnt und ein Spaziergang durch den dazu geh\u00f6rigen Garten Boboli.","og_url":"https:\/\/www.geertjehansen.it\/de\/home\/die-touren\/museen-und-kirchen\/palazzo-pitti-und-boboli-garten\/","og_site_name":"Geertje Hansen","article_modified_time":"2021-05-17T11:16:25+00:00","og_image":[{"width":1000,"height":667,"url":"https:\/\/www.geertjehansen.it\/wp-content\/uploads\/2021\/03\/palazzo-pitti-boboli-gardens-tours-geertjehansen.jpg","type":"image\/jpeg"}],"twitter_card":"summary_large_image","twitter_misc":{"Gesch\u00e4tzte Lesezeit":"2\u00a0Minuten"},"schema":{"@context":"https:\/\/schema.org","@graph":[{"@type":"WebPage","@id":"https:\/\/www.geertjehansen.it\/de\/home\/die-touren\/museen-und-kirchen\/palazzo-pitti-und-boboli-garten\/","url":"https:\/\/www.geertjehansen.it\/de\/home\/die-touren\/museen-und-kirchen\/palazzo-pitti-und-boboli-garten\/","name":"Palazzo Pitti und Boboli Garten | Geertje Hansen | Stadtf\u00fchrerin Florenz","isPartOf":{"@id":"https:\/\/www.geertjehansen.it\/de\/#website"},"primaryImageOfPage":{"@id":"https:\/\/www.geertjehansen.it\/de\/home\/die-touren\/museen-und-kirchen\/palazzo-pitti-und-boboli-garten\/#primaryimage"},"image":{"@id":"https:\/\/www.geertjehansen.it\/de\/home\/die-touren\/museen-und-kirchen\/palazzo-pitti-und-boboli-garten\/#primaryimage"},"thumbnailUrl":"https:\/\/www.geertjehansen.it\/wp-content\/uploads\/2021\/03\/palazzo-pitti-boboli-gardens-tours-geertjehansen.jpg","datePublished":"2021-03-29T13:04:38+00:00","dateModified":"2021-05-17T11:16:25+00:00","description":"F\u00fchrungen rundum Palazzo Pitti, interessantes Beispiel von Renaissance Architektur, von allen Herrschern von Florenz bewohnt und ein Spaziergang durch den dazu geh\u00f6rigen Garten Boboli.","breadcrumb":{"@id":"https:\/\/www.geertjehansen.it\/de\/home\/die-touren\/museen-und-kirchen\/palazzo-pitti-und-boboli-garten\/#breadcrumb"},"inLanguage":"de","potentialAction":[{"@type":"ReadAction","target":["https:\/\/www.geertjehansen.it\/de\/home\/die-touren\/museen-und-kirchen\/palazzo-pitti-und-boboli-garten\/"]}]},{"@type":"ImageObject","inLanguage":"de","@id":"https:\/\/www.geertjehansen.it\/de\/home\/die-touren\/museen-und-kirchen\/palazzo-pitti-und-boboli-garten\/#primaryimage","url":"https:\/\/www.geertjehansen.it\/wp-content\/uploads\/2021\/03\/palazzo-pitti-boboli-gardens-tours-geertjehansen.jpg","contentUrl":"https:\/\/www.geertjehansen.it\/wp-content\/uploads\/2021\/03\/palazzo-pitti-boboli-gardens-tours-geertjehansen.jpg","width":1000,"height":667,"caption":"Palazzo Pitti & Boboli Gardens Tour"},{"@type":"BreadcrumbList","@id":"https:\/\/www.geertjehansen.it\/de\/home\/die-touren\/museen-und-kirchen\/palazzo-pitti-und-boboli-garten\/#breadcrumb","itemListElement":[{"@type":"ListItem","position":1,"name":"Home","item":"https:\/\/www.geertjehansen.it\/de\/"},{"@type":"ListItem","position":2,"name":"Home","item":"https:\/\/www.geertjehansen.it\/de\/"},{"@type":"ListItem","position":3,"name":"F\u00fchrungen &#038; Ausfl\u00fcge","item":"https:\/\/www.geertjehansen.it\/de\/home\/die-touren\/"},{"@type":"ListItem","position":4,"name":"Museen und Kirchen","item":"https:\/\/www.geertjehansen.it\/de\/home\/die-touren\/museen-und-kirchen\/"},{"@type":"ListItem","position":5,"name":"Palazzo Pitti und Boboli Garten"}]},{"@type":"WebSite","@id":"https:\/\/www.geertjehansen.it\/de\/#website","url":"https:\/\/www.geertjehansen.it\/de\/","name":"Geertje Hansen","description":"Florence Tour Guide","publisher":{"@id":"https:\/\/www.geertjehansen.it\/de\/#organization"},"potentialAction":[{"@type":"SearchAction","target":{"@type":"EntryPoint","urlTemplate":"https:\/\/www.geertjehansen.it\/de\/?s={search_term_string}"},"query-input":{"@type":"PropertyValueSpecification","valueRequired":true,"valueName":"search_term_string"}}],"inLanguage":"de"},{"@type":"Organization","@id":"https:\/\/www.geertjehansen.it\/de\/#organization","name":"Geertje Hansen","url":"https:\/\/www.geertjehansen.it\/de\/","logo":{"@type":"ImageObject","inLanguage":"de","@id":"https:\/\/www.geertjehansen.it\/de\/#\/schema\/logo\/image\/","url":"https:\/\/www.geertjehansen.it\/wp-content\/uploads\/2021\/04\/geertje-hansen-logo.png","contentUrl":"https:\/\/www.geertjehansen.it\/wp-content\/uploads\/2021\/04\/geertje-hansen-logo.png","width":465,"height":136,"caption":"Geertje Hansen"},"image":{"@id":"https:\/\/www.geertjehansen.it\/de\/#\/schema\/logo\/image\/"}}]}},"_links":{"self":[{"href":"https:\/\/www.geertjehansen.it\/de\/wp-json\/wp\/v2\/pages\/236","targetHints":{"allow":["GET"]}}],"collection":[{"href":"https:\/\/www.geertjehansen.it\/de\/wp-json\/wp\/v2\/pages"}],"about":[{"href":"https:\/\/www.geertjehansen.it\/de\/wp-json\/wp\/v2\/types\/page"}],"author":[{"embeddable":true,"href":"https:\/\/www.geertjehansen.it\/de\/wp-json\/wp\/v2\/users\/1"}],"replies":[{"embeddable":true,"href":"https:\/\/www.geertjehansen.it\/de\/wp-json\/wp\/v2\/comments?post=236"}],"version-history":[{"count":2,"href":"https:\/\/www.geertjehansen.it\/de\/wp-json\/wp\/v2\/pages\/236\/revisions"}],"predecessor-version":[{"id":1369,"href":"https:\/\/www.geertjehansen.it\/de\/wp-json\/wp\/v2\/pages\/236\/revisions\/1369"}],"up":[{"embeddable":true,"href":"https:\/\/www.geertjehansen.it\/de\/wp-json\/wp\/v2\/pages\/230"}],"wp:featuredmedia":[{"embeddable":true,"href":"https:\/\/www.geertjehansen.it\/de\/wp-json\/wp\/v2\/media\/384"}],"wp:attachment":[{"href":"https:\/\/www.geertjehansen.it\/de\/wp-json\/wp\/v2\/media?parent=236"}],"curies":[{"name":"wp","href":"https:\/\/api.w.org\/{rel}","templated":true}]}}