{"id":232,"date":"2021-03-29T14:59:10","date_gmt":"2021-03-29T12:59:10","guid":{"rendered":"http:\/\/www.geertjehansen.it\/?page_id=232"},"modified":"2021-05-17T12:52:00","modified_gmt":"2021-05-17T10:52:00","slug":"die-galleria-dellaccademia","status":"publish","type":"page","link":"https:\/\/www.geertjehansen.it\/de\/home\/die-touren\/museen-und-kirchen\/die-galleria-dellaccademia\/","title":{"rendered":"Die Galleria dell\u2019Accademia"},"content":{"rendered":"\n<p>Au\u00dfer einer beachtlichen Kollektion von Malereien beherbergt die Galerie einige von Michelangelos interessantesten Statuen und unter diesen das Original von seinem <strong><em>David<\/em><\/strong>. Somit gilt der Besuch im allgemeinen dem Werk des gro\u00dfartigen Meisters der Renaissance, da besonders die unvollendeten Statuen eine sehr klare Idee von seiner Vorgehensweise vermitteln. Es h\u00e4ngt von Ihrem pers\u00f6nlichen Interesse ab, ob Sie noch die weniger bekannte aber au\u00dfergew\u00f6hnliche Kollektion der <em><strong>Vor\u2013Renaissance-Malerei<\/strong><\/em> ansehen und einen kurzen Blick auf die Sammlung der <strong><em>Musikinstrumente<\/em><\/strong> werfen m\u00f6chten.<br><br>Es besteht die M\u00f6glichkeit, die <strong><em>Galleria dell\u2019Accademia<\/em><\/strong> und die <strong><em>Galleria degli Uffizi<\/em><\/strong> zusammen in einer 4-st\u00fcndigen F\u00fchrung zu absolvieren mit einer Einf\u00fchrung in die Geschichte von Florenz, da man auf dem Weg von einem Museum zum anderen am Dom, durch das mittelalterliche Viertel und \u00fcber die Piazza della Signoria kommt.<\/p>\n\n\n<style>.wp-block-kadence-advancedgallery .kb-gallery-type-grid.kb-gallery-id-_dff1a3-77{margin:-5px;}.kb-gallery-type-grid.kb-gallery-id-_dff1a3-77 .kadence-blocks-gallery-item{padding:5px;}.kb-gallery-id-_dff1a3-77 .kadence-blocks-gallery-item .kb-gal-image-radius{border-radius:0px 0px 0px 0px;}<\/style>\n<div class=\"wp-block-kadence-advancedgallery kb-gallery-wrap-id-_dff1a3-77\"><ul class=\"kb-gallery-ul kb-gallery-type-grid kb-gallery-id-_dff1a3-77 kb-gallery-caption-style-bottom-hover kb-gallery-filter-none kb-gallery-magnific-init\" data-item-selector=\".kadence-blocks-gallery-item\" data-image-filter=\"none\" data-lightbox-caption=\"true\" data-columns-xxl=\"3\" data-columns-xl=\"3\" data-columns-lg=\"3\" data-columns-md=\"2\" data-columns-sm=\"1\" data-columns-xs=\"1\"><li class=\"kadence-blocks-gallery-item\"><div class=\"kadence-blocks-gallery-item-inner\"><figure class=\"kb-gallery-figure kb-gallery-item-has-link kadence-blocks-gallery-item-hide-caption kb-has-image-ratio-land32\"><a href=\"http:\/\/www.geertjehansen.it\/wp-content\/uploads\/2021\/04\/david-michelangelo-firenze.jpg\" class=\"kb-gallery-item-link\"><div class=\"kb-gal-image-radius\"><div class=\"kb-gallery-image-contain kadence-blocks-gallery-intrinsic kb-gallery-image-ratio-land32\"><img loading=\"lazy\" decoding=\"async\" width=\"1000\" height=\"750\" src=\"https:\/\/www.geertjehansen.it\/wp-content\/themes\/webag_3\/templates-default\/img\/t.png\" data-src=\"http:\/\/www.geertjehansen.it\/wp-content\/uploads\/2021\/04\/david-michelangelo-firenze.jpg\" alt=\"David di Michelangelo\" data-full-image=\"http:\/\/www.geertjehansen.it\/wp-content\/uploads\/2021\/04\/david-michelangelo-firenze.jpg\" data-light-image=\"http:\/\/www.geertjehansen.it\/wp-content\/uploads\/2021\/04\/david-michelangelo-firenze.jpg\" data-id=\"957\" data-link=\"http:\/\/www.geertjehansen.it\/de\/david-michelangelo-firenze-2\/\" class=\"lazy wp-image-957undefined\" data-srcset=\"https:\/\/www.geertjehansen.it\/wp-content\/uploads\/2021\/04\/david-michelangelo-firenze.jpg 1000w, https:\/\/www.geertjehansen.it\/wp-content\/uploads\/2021\/04\/david-michelangelo-firenze-300x225.jpg 300w, https:\/\/www.geertjehansen.it\/wp-content\/uploads\/2021\/04\/david-michelangelo-firenze-768x576.jpg 768w, https:\/\/www.geertjehansen.it\/wp-content\/uploads\/2021\/04\/david-michelangelo-firenze-150x113.jpg 150w\" sizes=\"auto, (max-width: 1000px) 100vw, 1000px\" \/><\/div><\/div><\/a><\/figure><\/div><\/li><li class=\"kadence-blocks-gallery-item\"><div class=\"kadence-blocks-gallery-item-inner\"><figure class=\"kb-gallery-figure kb-gallery-item-has-link kadence-blocks-gallery-item-hide-caption kb-has-image-ratio-land32\"><a href=\"http:\/\/www.geertjehansen.it\/wp-content\/uploads\/2021\/04\/accademia-firenze-david-michelangelo-rotated.jpg\" class=\"kb-gallery-item-link\"><div class=\"kb-gal-image-radius\"><div class=\"kb-gallery-image-contain kadence-blocks-gallery-intrinsic kb-gallery-image-ratio-land32\"><img loading=\"lazy\" decoding=\"async\" width=\"317\" height=\"563\" src=\"https:\/\/www.geertjehansen.it\/wp-content\/themes\/webag_3\/templates-default\/img\/t.png\" data-src=\"http:\/\/www.geertjehansen.it\/wp-content\/uploads\/2021\/04\/accademia-firenze-david-michelangelo-rotated.jpg\" alt=\"Tribuna del David, Galleria dell'Accademia, Firenze\" data-full-image=\"http:\/\/www.geertjehansen.it\/wp-content\/uploads\/2021\/04\/accademia-firenze-david-michelangelo-rotated.jpg\" data-light-image=\"http:\/\/www.geertjehansen.it\/wp-content\/uploads\/2021\/04\/accademia-firenze-david-michelangelo-rotated.jpg\" data-id=\"653\" data-link=\"http:\/\/www.geertjehansen.it\/de\/home\/die-touren\/museen-und-kirchen\/die-galleria-dellaccademia\/accademia-firenze-david-michelangelo-2\/\" class=\"lazy wp-image-653undefined\" data-srcset=\"https:\/\/www.geertjehansen.it\/wp-content\/uploads\/2021\/04\/accademia-firenze-david-michelangelo-rotated.jpg 317w, https:\/\/www.geertjehansen.it\/wp-content\/uploads\/2021\/04\/accademia-firenze-david-michelangelo-169x300.jpg 169w, https:\/\/www.geertjehansen.it\/wp-content\/uploads\/2021\/04\/accademia-firenze-david-michelangelo-84x150.jpg 84w\" sizes=\"auto, (max-width: 317px) 100vw, 317px\" \/><\/div><\/div><\/a><\/figure><\/div><\/li><li class=\"kadence-blocks-gallery-item\"><div class=\"kadence-blocks-gallery-item-inner\"><figure class=\"kb-gallery-figure kb-gallery-item-has-link kadence-blocks-gallery-item-hide-caption kb-has-image-ratio-land32\"><a href=\"http:\/\/www.geertjehansen.it\/wp-content\/uploads\/2021\/04\/galleria-accademia-firenze-david-rotated.jpg\" class=\"kb-gallery-item-link\"><div class=\"kb-gal-image-radius\"><div class=\"kb-gallery-image-contain kadence-blocks-gallery-intrinsic kb-gallery-image-ratio-land32\"><img loading=\"lazy\" decoding=\"async\" width=\"317\" height=\"563\" src=\"https:\/\/www.geertjehansen.it\/wp-content\/themes\/webag_3\/templates-default\/img\/t.png\" data-src=\"http:\/\/www.geertjehansen.it\/wp-content\/uploads\/2021\/04\/galleria-accademia-firenze-david-rotated.jpg\" alt=\"Galleria dell'Accademia, Firenze\" data-full-image=\"http:\/\/www.geertjehansen.it\/wp-content\/uploads\/2021\/04\/galleria-accademia-firenze-david-rotated.jpg\" data-light-image=\"http:\/\/www.geertjehansen.it\/wp-content\/uploads\/2021\/04\/galleria-accademia-firenze-david-rotated.jpg\" data-id=\"658\" data-link=\"http:\/\/www.geertjehansen.it\/de\/home\/die-touren\/museen-und-kirchen\/die-galleria-dellaccademia\/galleria-accademia-firenze-david-2\/\" class=\"lazy wp-image-658undefined\" data-srcset=\"https:\/\/www.geertjehansen.it\/wp-content\/uploads\/2021\/04\/galleria-accademia-firenze-david-rotated.jpg 317w, https:\/\/www.geertjehansen.it\/wp-content\/uploads\/2021\/04\/galleria-accademia-firenze-david-169x300.jpg 169w, https:\/\/www.geertjehansen.it\/wp-content\/uploads\/2021\/04\/galleria-accademia-firenze-david-84x150.jpg 84w\" sizes=\"auto, (max-width: 317px) 100vw, 317px\" \/><\/div><\/div><\/a><\/figure><\/div><\/li><\/ul><\/div>\n","protected":false},"excerpt":{"rendered":"<p>Au\u00dfer einer beachtlichen Kollektion von Malereien beherbergt die Galerie einige von Michelangelos interessantesten Statuen und unter diesen das Original von seinem David. Somit gilt der Besuch im allgemeinen dem Werk des gro\u00dfartigen Meisters der Renaissance, da besonders die unvollendeten Statuen eine sehr klare Idee von seiner Vorgehensweise vermitteln. Es h\u00e4ngt von Ihrem pers\u00f6nlichen Interesse ab, [&hellip;]<\/p>\n","protected":false},"author":1,"featured_media":394,"parent":230,"menu_order":33,"comment_status":"closed","ping_status":"closed","template":"","meta":{"_acf_changed":false,"footnotes":""},"class_list":["post-232","page","type-page","status-publish","has-post-thumbnail","hentry"],"acf":[],"yoast_head":"<!-- This site is optimized with the Yoast SEO plugin v24.9 - https:\/\/yoast.com\/wordpress\/plugins\/seo\/ -->\n<title>Galleria dell\u2019Accademia | Geertje Hansen | Stadtf\u00fchrerin Florenz<\/title>\n<meta name=\"description\" content=\"F\u00fchrung durch das Museum Galleria dell\u2019Accademia. Das Museum beherbergt einige von Michelangelo wichtigsten Statuen inklusive das Original des ber\u00fchmten Davids\" \/>\n<meta name=\"robots\" content=\"index, follow, max-snippet:-1, max-image-preview:large, max-video-preview:-1\" \/>\n<link rel=\"canonical\" href=\"https:\/\/www.geertjehansen.it\/de\/home\/die-touren\/museen-und-kirchen\/die-galleria-dellaccademia\/\" \/>\n<meta property=\"og:locale\" content=\"de_DE\" \/>\n<meta property=\"og:type\" content=\"article\" \/>\n<meta property=\"og:title\" content=\"Galleria dell\u2019Accademia | Geertje Hansen | Stadtf\u00fchrerin Florenz\" \/>\n<meta property=\"og:description\" content=\"F\u00fchrung durch das Museum Galleria dell\u2019Accademia. Das Museum beherbergt einige von Michelangelo wichtigsten Statuen inklusive das Original des ber\u00fchmten Davids\" \/>\n<meta property=\"og:url\" content=\"https:\/\/www.geertjehansen.it\/de\/home\/die-touren\/museen-und-kirchen\/die-galleria-dellaccademia\/\" \/>\n<meta property=\"og:site_name\" content=\"Geertje Hansen\" \/>\n<meta property=\"article:modified_time\" content=\"2021-05-17T10:52:00+00:00\" \/>\n<meta property=\"og:image\" content=\"https:\/\/www.geertjehansen.it\/wp-content\/uploads\/2021\/03\/galleria-accademia-tours-geertjehansen.jpg\" \/>\n\t<meta property=\"og:image:width\" content=\"1000\" \/>\n\t<meta property=\"og:image:height\" content=\"667\" \/>\n\t<meta property=\"og:image:type\" content=\"image\/jpeg\" \/>\n<meta name=\"twitter:card\" content=\"summary_large_image\" \/>\n<meta name=\"twitter:label1\" content=\"Gesch\u00e4tzte Lesezeit\" \/>\n\t<meta name=\"twitter:data1\" content=\"2\u00a0Minuten\" \/>\n<script type=\"application\/ld+json\" class=\"yoast-schema-graph\">{\"@context\":\"https:\/\/schema.org\",\"@graph\":[{\"@type\":\"WebPage\",\"@id\":\"https:\/\/www.geertjehansen.it\/de\/home\/die-touren\/museen-und-kirchen\/die-galleria-dellaccademia\/\",\"url\":\"https:\/\/www.geertjehansen.it\/de\/home\/die-touren\/museen-und-kirchen\/die-galleria-dellaccademia\/\",\"name\":\"Galleria dell\u2019Accademia | Geertje Hansen | Stadtf\u00fchrerin Florenz\",\"isPartOf\":{\"@id\":\"https:\/\/www.geertjehansen.it\/de\/#website\"},\"primaryImageOfPage\":{\"@id\":\"https:\/\/www.geertjehansen.it\/de\/home\/die-touren\/museen-und-kirchen\/die-galleria-dellaccademia\/#primaryimage\"},\"image\":{\"@id\":\"https:\/\/www.geertjehansen.it\/de\/home\/die-touren\/museen-und-kirchen\/die-galleria-dellaccademia\/#primaryimage\"},\"thumbnailUrl\":\"https:\/\/www.geertjehansen.it\/wp-content\/uploads\/2021\/03\/galleria-accademia-tours-geertjehansen.jpg\",\"datePublished\":\"2021-03-29T12:59:10+00:00\",\"dateModified\":\"2021-05-17T10:52:00+00:00\",\"description\":\"F\u00fchrung durch das Museum Galleria dell\u2019Accademia. Das Museum beherbergt einige von Michelangelo wichtigsten Statuen inklusive das Original des ber\u00fchmten Davids\",\"breadcrumb\":{\"@id\":\"https:\/\/www.geertjehansen.it\/de\/home\/die-touren\/museen-und-kirchen\/die-galleria-dellaccademia\/#breadcrumb\"},\"inLanguage\":\"de\",\"potentialAction\":[{\"@type\":\"ReadAction\",\"target\":[\"https:\/\/www.geertjehansen.it\/de\/home\/die-touren\/museen-und-kirchen\/die-galleria-dellaccademia\/\"]}]},{\"@type\":\"ImageObject\",\"inLanguage\":\"de\",\"@id\":\"https:\/\/www.geertjehansen.it\/de\/home\/die-touren\/museen-und-kirchen\/die-galleria-dellaccademia\/#primaryimage\",\"url\":\"https:\/\/www.geertjehansen.it\/wp-content\/uploads\/2021\/03\/galleria-accademia-tours-geertjehansen.jpg\",\"contentUrl\":\"https:\/\/www.geertjehansen.it\/wp-content\/uploads\/2021\/03\/galleria-accademia-tours-geertjehansen.jpg\",\"width\":1000,\"height\":667,\"caption\":\"Galleria dell\u2019Accademia Tour\"},{\"@type\":\"BreadcrumbList\",\"@id\":\"https:\/\/www.geertjehansen.it\/de\/home\/die-touren\/museen-und-kirchen\/die-galleria-dellaccademia\/#breadcrumb\",\"itemListElement\":[{\"@type\":\"ListItem\",\"position\":1,\"name\":\"Home\",\"item\":\"https:\/\/www.geertjehansen.it\/de\/\"},{\"@type\":\"ListItem\",\"position\":2,\"name\":\"Home\",\"item\":\"https:\/\/www.geertjehansen.it\/de\/\"},{\"@type\":\"ListItem\",\"position\":3,\"name\":\"F\u00fchrungen &#038; Ausfl\u00fcge\",\"item\":\"https:\/\/www.geertjehansen.it\/de\/home\/die-touren\/\"},{\"@type\":\"ListItem\",\"position\":4,\"name\":\"Museen und Kirchen\",\"item\":\"https:\/\/www.geertjehansen.it\/de\/home\/die-touren\/museen-und-kirchen\/\"},{\"@type\":\"ListItem\",\"position\":5,\"name\":\"Die Galleria dell\u2019Accademia\"}]},{\"@type\":\"WebSite\",\"@id\":\"https:\/\/www.geertjehansen.it\/de\/#website\",\"url\":\"https:\/\/www.geertjehansen.it\/de\/\",\"name\":\"Geertje Hansen\",\"description\":\"Florence Tour Guide\",\"publisher\":{\"@id\":\"https:\/\/www.geertjehansen.it\/de\/#organization\"},\"potentialAction\":[{\"@type\":\"SearchAction\",\"target\":{\"@type\":\"EntryPoint\",\"urlTemplate\":\"https:\/\/www.geertjehansen.it\/de\/?s={search_term_string}\"},\"query-input\":{\"@type\":\"PropertyValueSpecification\",\"valueRequired\":true,\"valueName\":\"search_term_string\"}}],\"inLanguage\":\"de\"},{\"@type\":\"Organization\",\"@id\":\"https:\/\/www.geertjehansen.it\/de\/#organization\",\"name\":\"Geertje Hansen\",\"url\":\"https:\/\/www.geertjehansen.it\/de\/\",\"logo\":{\"@type\":\"ImageObject\",\"inLanguage\":\"de\",\"@id\":\"https:\/\/www.geertjehansen.it\/de\/#\/schema\/logo\/image\/\",\"url\":\"https:\/\/www.geertjehansen.it\/wp-content\/uploads\/2021\/04\/geertje-hansen-logo.png\",\"contentUrl\":\"https:\/\/www.geertjehansen.it\/wp-content\/uploads\/2021\/04\/geertje-hansen-logo.png\",\"width\":465,\"height\":136,\"caption\":\"Geertje Hansen\"},\"image\":{\"@id\":\"https:\/\/www.geertjehansen.it\/de\/#\/schema\/logo\/image\/\"}}]}<\/script>\n<!-- \/ Yoast SEO plugin. -->","yoast_head_json":{"title":"Galleria dell\u2019Accademia | Geertje Hansen | Stadtf\u00fchrerin Florenz","description":"F\u00fchrung durch das Museum Galleria dell\u2019Accademia. Das Museum beherbergt einige von Michelangelo wichtigsten Statuen inklusive das Original des ber\u00fchmten Davids","robots":{"index":"index","follow":"follow","max-snippet":"max-snippet:-1","max-image-preview":"max-image-preview:large","max-video-preview":"max-video-preview:-1"},"canonical":"https:\/\/www.geertjehansen.it\/de\/home\/die-touren\/museen-und-kirchen\/die-galleria-dellaccademia\/","og_locale":"de_DE","og_type":"article","og_title":"Galleria dell\u2019Accademia | Geertje Hansen | Stadtf\u00fchrerin Florenz","og_description":"F\u00fchrung durch das Museum Galleria dell\u2019Accademia. Das Museum beherbergt einige von Michelangelo wichtigsten Statuen inklusive das Original des ber\u00fchmten Davids","og_url":"https:\/\/www.geertjehansen.it\/de\/home\/die-touren\/museen-und-kirchen\/die-galleria-dellaccademia\/","og_site_name":"Geertje Hansen","article_modified_time":"2021-05-17T10:52:00+00:00","og_image":[{"width":1000,"height":667,"url":"https:\/\/www.geertjehansen.it\/wp-content\/uploads\/2021\/03\/galleria-accademia-tours-geertjehansen.jpg","type":"image\/jpeg"}],"twitter_card":"summary_large_image","twitter_misc":{"Gesch\u00e4tzte Lesezeit":"2\u00a0Minuten"},"schema":{"@context":"https:\/\/schema.org","@graph":[{"@type":"WebPage","@id":"https:\/\/www.geertjehansen.it\/de\/home\/die-touren\/museen-und-kirchen\/die-galleria-dellaccademia\/","url":"https:\/\/www.geertjehansen.it\/de\/home\/die-touren\/museen-und-kirchen\/die-galleria-dellaccademia\/","name":"Galleria dell\u2019Accademia | Geertje Hansen | Stadtf\u00fchrerin Florenz","isPartOf":{"@id":"https:\/\/www.geertjehansen.it\/de\/#website"},"primaryImageOfPage":{"@id":"https:\/\/www.geertjehansen.it\/de\/home\/die-touren\/museen-und-kirchen\/die-galleria-dellaccademia\/#primaryimage"},"image":{"@id":"https:\/\/www.geertjehansen.it\/de\/home\/die-touren\/museen-und-kirchen\/die-galleria-dellaccademia\/#primaryimage"},"thumbnailUrl":"https:\/\/www.geertjehansen.it\/wp-content\/uploads\/2021\/03\/galleria-accademia-tours-geertjehansen.jpg","datePublished":"2021-03-29T12:59:10+00:00","dateModified":"2021-05-17T10:52:00+00:00","description":"F\u00fchrung durch das Museum Galleria dell\u2019Accademia. Das Museum beherbergt einige von Michelangelo wichtigsten Statuen inklusive das Original des ber\u00fchmten Davids","breadcrumb":{"@id":"https:\/\/www.geertjehansen.it\/de\/home\/die-touren\/museen-und-kirchen\/die-galleria-dellaccademia\/#breadcrumb"},"inLanguage":"de","potentialAction":[{"@type":"ReadAction","target":["https:\/\/www.geertjehansen.it\/de\/home\/die-touren\/museen-und-kirchen\/die-galleria-dellaccademia\/"]}]},{"@type":"ImageObject","inLanguage":"de","@id":"https:\/\/www.geertjehansen.it\/de\/home\/die-touren\/museen-und-kirchen\/die-galleria-dellaccademia\/#primaryimage","url":"https:\/\/www.geertjehansen.it\/wp-content\/uploads\/2021\/03\/galleria-accademia-tours-geertjehansen.jpg","contentUrl":"https:\/\/www.geertjehansen.it\/wp-content\/uploads\/2021\/03\/galleria-accademia-tours-geertjehansen.jpg","width":1000,"height":667,"caption":"Galleria dell\u2019Accademia Tour"},{"@type":"BreadcrumbList","@id":"https:\/\/www.geertjehansen.it\/de\/home\/die-touren\/museen-und-kirchen\/die-galleria-dellaccademia\/#breadcrumb","itemListElement":[{"@type":"ListItem","position":1,"name":"Home","item":"https:\/\/www.geertjehansen.it\/de\/"},{"@type":"ListItem","position":2,"name":"Home","item":"https:\/\/www.geertjehansen.it\/de\/"},{"@type":"ListItem","position":3,"name":"F\u00fchrungen &#038; Ausfl\u00fcge","item":"https:\/\/www.geertjehansen.it\/de\/home\/die-touren\/"},{"@type":"ListItem","position":4,"name":"Museen und Kirchen","item":"https:\/\/www.geertjehansen.it\/de\/home\/die-touren\/museen-und-kirchen\/"},{"@type":"ListItem","position":5,"name":"Die Galleria dell\u2019Accademia"}]},{"@type":"WebSite","@id":"https:\/\/www.geertjehansen.it\/de\/#website","url":"https:\/\/www.geertjehansen.it\/de\/","name":"Geertje Hansen","description":"Florence Tour Guide","publisher":{"@id":"https:\/\/www.geertjehansen.it\/de\/#organization"},"potentialAction":[{"@type":"SearchAction","target":{"@type":"EntryPoint","urlTemplate":"https:\/\/www.geertjehansen.it\/de\/?s={search_term_string}"},"query-input":{"@type":"PropertyValueSpecification","valueRequired":true,"valueName":"search_term_string"}}],"inLanguage":"de"},{"@type":"Organization","@id":"https:\/\/www.geertjehansen.it\/de\/#organization","name":"Geertje Hansen","url":"https:\/\/www.geertjehansen.it\/de\/","logo":{"@type":"ImageObject","inLanguage":"de","@id":"https:\/\/www.geertjehansen.it\/de\/#\/schema\/logo\/image\/","url":"https:\/\/www.geertjehansen.it\/wp-content\/uploads\/2021\/04\/geertje-hansen-logo.png","contentUrl":"https:\/\/www.geertjehansen.it\/wp-content\/uploads\/2021\/04\/geertje-hansen-logo.png","width":465,"height":136,"caption":"Geertje Hansen"},"image":{"@id":"https:\/\/www.geertjehansen.it\/de\/#\/schema\/logo\/image\/"}}]}},"_links":{"self":[{"href":"https:\/\/www.geertjehansen.it\/de\/wp-json\/wp\/v2\/pages\/232","targetHints":{"allow":["GET"]}}],"collection":[{"href":"https:\/\/www.geertjehansen.it\/de\/wp-json\/wp\/v2\/pages"}],"about":[{"href":"https:\/\/www.geertjehansen.it\/de\/wp-json\/wp\/v2\/types\/page"}],"author":[{"embeddable":true,"href":"https:\/\/www.geertjehansen.it\/de\/wp-json\/wp\/v2\/users\/1"}],"replies":[{"embeddable":true,"href":"https:\/\/www.geertjehansen.it\/de\/wp-json\/wp\/v2\/comments?post=232"}],"version-history":[{"count":2,"href":"https:\/\/www.geertjehansen.it\/de\/wp-json\/wp\/v2\/pages\/232\/revisions"}],"predecessor-version":[{"id":1362,"href":"https:\/\/www.geertjehansen.it\/de\/wp-json\/wp\/v2\/pages\/232\/revisions\/1362"}],"up":[{"embeddable":true,"href":"https:\/\/www.geertjehansen.it\/de\/wp-json\/wp\/v2\/pages\/230"}],"wp:featuredmedia":[{"embeddable":true,"href":"https:\/\/www.geertjehansen.it\/de\/wp-json\/wp\/v2\/media\/394"}],"wp:attachment":[{"href":"https:\/\/www.geertjehansen.it\/de\/wp-json\/wp\/v2\/media?parent=232"}],"curies":[{"name":"wp","href":"https:\/\/api.w.org\/{rel}","templated":true}]}}