{"id":226,"date":"2021-03-29T14:52:40","date_gmt":"2021-03-29T12:52:40","guid":{"rendered":"http:\/\/www.geertjehansen.it\/?page_id=226"},"modified":"2021-05-17T12:46:17","modified_gmt":"2021-05-17T10:46:17","slug":"die-familie-medici","status":"publish","type":"page","link":"https:\/\/www.geertjehansen.it\/de\/home\/die-touren\/die-familie-medici\/","title":{"rendered":"Die Familie Medici"},"content":{"rendered":"\n<p>Die ber\u00fchmte Familie ist wahrscheinlich eine der faszinierendsten in der gesamten europ\u00e4ischen Geschichte. Zun\u00e4chst als Herren von Florenz und sp\u00e4ter der gesamten Toskana haben sie \u2013 auch mittels ihrer P\u00e4pste und K\u00f6niginnen \u2013 f\u00fcr ungef\u00e4hr drei Jahrhunderte nicht nur die italienische Kunst und Politik entscheidend gepr\u00e4gt. Auf dem Weg zwischen den von ihnen bewohnten Pal\u00e4sten und den von ihnen zu ihrem Ruhm finanzierten religi\u00f6sen Geb\u00e4uden, haben wir Gelegenheit \u00fcber ihren ungew\u00f6hnlichen Aufstieg an die Macht und ihren durch viele Intrigen verursachten Fall zu sprechen. Der Rundgang beginnt an der <strong><em>San Lorenzo-Kirche<\/em><\/strong>, f\u00fchrt am <em><strong>Palazzo Medici-Riccardi<\/strong><\/em> und <strong><em>Dom-Platz<\/em><\/strong> vorbei zur <strong><em>Piazza Signoria<\/em><\/strong> und \u00fcber den <em><strong>Ponte Vecchio<\/strong><\/em> auf die andere Seite des Arno zum <strong><em>Palazzo Pitti<\/em><\/strong>, dem letzten Wohnsitz der Familie.<br><br>Dauer ohne Innenbesichtigung: 3 Stdn.<\/p>\n\n\n<style>.wp-block-kadence-advancedgallery .kb-gallery-type-grid.kb-gallery-id-_d8fa31-d4{margin:-5px;}.kb-gallery-type-grid.kb-gallery-id-_d8fa31-d4 .kadence-blocks-gallery-item{padding:5px;}.kb-gallery-id-_d8fa31-d4 .kadence-blocks-gallery-item .kb-gal-image-radius{border-radius:0px 0px 0px 0px;}<\/style>\n<div class=\"wp-block-kadence-advancedgallery kb-gallery-wrap-id-_d8fa31-d4\"><ul class=\"kb-gallery-ul kb-gallery-type-grid kb-gallery-id-_d8fa31-d4 kb-gallery-caption-style-bottom-hover kb-gallery-filter-none kb-gallery-magnific-init\" data-item-selector=\".kadence-blocks-gallery-item\" data-image-filter=\"none\" data-lightbox-caption=\"true\" data-columns-xxl=\"3\" data-columns-xl=\"3\" data-columns-lg=\"3\" data-columns-md=\"2\" data-columns-sm=\"1\" data-columns-xs=\"1\"><li class=\"kadence-blocks-gallery-item\"><div class=\"kadence-blocks-gallery-item-inner\"><figure class=\"kb-gallery-figure kb-gallery-item-has-link kadence-blocks-gallery-item-hide-caption kb-has-image-ratio-land32\"><a href=\"http:\/\/www.geertjehansen.it\/wp-content\/uploads\/2021\/04\/san-lorenzo-firenze.jpg\" class=\"kb-gallery-item-link\"><div class=\"kb-gal-image-radius\"><div class=\"kb-gallery-image-contain kadence-blocks-gallery-intrinsic kb-gallery-image-ratio-land32\"><img loading=\"lazy\" decoding=\"async\" width=\"1000\" height=\"750\" src=\"https:\/\/www.geertjehansen.it\/wp-content\/themes\/webag_3\/templates-default\/img\/t.png\" data-src=\"http:\/\/www.geertjehansen.it\/wp-content\/uploads\/2021\/04\/san-lorenzo-firenze.jpg\" alt=\"Piazza San Lorenzo, Firenze\" data-full-image=\"http:\/\/www.geertjehansen.it\/wp-content\/uploads\/2021\/04\/san-lorenzo-firenze.jpg\" data-light-image=\"http:\/\/www.geertjehansen.it\/wp-content\/uploads\/2021\/04\/san-lorenzo-firenze.jpg\" data-id=\"917\" data-link=\"http:\/\/www.geertjehansen.it\/de\/home\/die-touren\/die-familie-medici\/san-lorenzo-firenze-2\/\" class=\"lazy wp-image-917undefined\" data-srcset=\"https:\/\/www.geertjehansen.it\/wp-content\/uploads\/2021\/04\/san-lorenzo-firenze.jpg 1000w, https:\/\/www.geertjehansen.it\/wp-content\/uploads\/2021\/04\/san-lorenzo-firenze-300x225.jpg 300w, https:\/\/www.geertjehansen.it\/wp-content\/uploads\/2021\/04\/san-lorenzo-firenze-768x576.jpg 768w, https:\/\/www.geertjehansen.it\/wp-content\/uploads\/2021\/04\/san-lorenzo-firenze-150x113.jpg 150w\" sizes=\"auto, (max-width: 1000px) 100vw, 1000px\" \/><\/div><\/div><\/a><\/figure><\/div><\/li><li class=\"kadence-blocks-gallery-item\"><div class=\"kadence-blocks-gallery-item-inner\"><figure class=\"kb-gallery-figure kb-gallery-item-has-link kadence-blocks-gallery-item-hide-caption kb-has-image-ratio-land32\"><a href=\"http:\/\/www.geertjehansen.it\/wp-content\/uploads\/2021\/04\/chiesa-san-lorenzo-firenze.jpg\" class=\"kb-gallery-item-link\"><div class=\"kb-gal-image-radius\"><div class=\"kb-gallery-image-contain kadence-blocks-gallery-intrinsic kb-gallery-image-ratio-land32\"><img loading=\"lazy\" decoding=\"async\" width=\"1000\" height=\"750\" src=\"https:\/\/www.geertjehansen.it\/wp-content\/themes\/webag_3\/templates-default\/img\/t.png\" data-src=\"http:\/\/www.geertjehansen.it\/wp-content\/uploads\/2021\/04\/chiesa-san-lorenzo-firenze.jpg\" alt=\"Chiesa di San Lorenzo\" data-full-image=\"http:\/\/www.geertjehansen.it\/wp-content\/uploads\/2021\/04\/chiesa-san-lorenzo-firenze.jpg\" data-light-image=\"http:\/\/www.geertjehansen.it\/wp-content\/uploads\/2021\/04\/chiesa-san-lorenzo-firenze.jpg\" data-id=\"912\" data-link=\"http:\/\/www.geertjehansen.it\/de\/home\/die-touren\/die-familie-medici\/chiesa-san-lorenzo-firenze-2\/\" class=\"lazy wp-image-912undefined\" data-srcset=\"https:\/\/www.geertjehansen.it\/wp-content\/uploads\/2021\/04\/chiesa-san-lorenzo-firenze.jpg 1000w, https:\/\/www.geertjehansen.it\/wp-content\/uploads\/2021\/04\/chiesa-san-lorenzo-firenze-300x225.jpg 300w, https:\/\/www.geertjehansen.it\/wp-content\/uploads\/2021\/04\/chiesa-san-lorenzo-firenze-768x576.jpg 768w, https:\/\/www.geertjehansen.it\/wp-content\/uploads\/2021\/04\/chiesa-san-lorenzo-firenze-150x113.jpg 150w\" sizes=\"auto, (max-width: 1000px) 100vw, 1000px\" \/><\/div><\/div><\/a><\/figure><\/div><\/li><li class=\"kadence-blocks-gallery-item\"><div class=\"kadence-blocks-gallery-item-inner\"><figure class=\"kb-gallery-figure kb-gallery-item-has-link kadence-blocks-gallery-item-hide-caption kb-has-image-ratio-land32\"><a href=\"http:\/\/www.geertjehansen.it\/wp-content\/uploads\/2021\/04\/palazzo-medici.jpg\" class=\"kb-gallery-item-link\"><div class=\"kb-gal-image-radius\"><div class=\"kb-gallery-image-contain kadence-blocks-gallery-intrinsic kb-gallery-image-ratio-land32\"><img loading=\"lazy\" decoding=\"async\" width=\"1000\" height=\"750\" src=\"https:\/\/www.geertjehansen.it\/wp-content\/themes\/webag_3\/templates-default\/img\/t.png\" data-src=\"http:\/\/www.geertjehansen.it\/wp-content\/uploads\/2021\/04\/palazzo-medici.jpg\" alt=\"Stemma della famiglia Medici\" data-full-image=\"http:\/\/www.geertjehansen.it\/wp-content\/uploads\/2021\/04\/palazzo-medici.jpg\" data-light-image=\"http:\/\/www.geertjehansen.it\/wp-content\/uploads\/2021\/04\/palazzo-medici.jpg\" data-id=\"907\" data-link=\"http:\/\/www.geertjehansen.it\/de\/home\/die-touren\/die-familie-medici\/palazzo-medici-2\/\" class=\"lazy wp-image-907undefined\" data-srcset=\"https:\/\/www.geertjehansen.it\/wp-content\/uploads\/2021\/04\/palazzo-medici.jpg 1000w, https:\/\/www.geertjehansen.it\/wp-content\/uploads\/2021\/04\/palazzo-medici-300x225.jpg 300w, https:\/\/www.geertjehansen.it\/wp-content\/uploads\/2021\/04\/palazzo-medici-768x576.jpg 768w, https:\/\/www.geertjehansen.it\/wp-content\/uploads\/2021\/04\/palazzo-medici-150x113.jpg 150w\" sizes=\"auto, (max-width: 1000px) 100vw, 1000px\" \/><\/div><\/div><\/a><\/figure><\/div><\/li><li class=\"kadence-blocks-gallery-item\"><div class=\"kadence-blocks-gallery-item-inner\"><figure class=\"kb-gallery-figure kb-gallery-item-has-link kadence-blocks-gallery-item-hide-caption kb-has-image-ratio-land32\"><a href=\"http:\/\/www.geertjehansen.it\/wp-content\/uploads\/2021\/03\/the-medici-tours-geertjehansen.jpg\" class=\"kb-gallery-item-link\"><div class=\"kb-gal-image-radius\"><div class=\"kb-gallery-image-contain kadence-blocks-gallery-intrinsic kb-gallery-image-ratio-land32\"><img loading=\"lazy\" decoding=\"async\" width=\"1000\" height=\"667\" src=\"https:\/\/www.geertjehansen.it\/wp-content\/themes\/webag_3\/templates-default\/img\/t.png\" data-src=\"http:\/\/www.geertjehansen.it\/wp-content\/uploads\/2021\/03\/the-medici-tours-geertjehansen.jpg\" alt=\"The Medici\" data-full-image=\"http:\/\/www.geertjehansen.it\/wp-content\/uploads\/2021\/03\/the-medici-tours-geertjehansen.jpg\" data-light-image=\"http:\/\/www.geertjehansen.it\/wp-content\/uploads\/2021\/03\/the-medici-tours-geertjehansen.jpg\" data-id=\"354\" data-link=\"http:\/\/www.geertjehansen.it\/de\/the-medici-tours-geertjehansen-2\/\" class=\"lazy wp-image-354undefined\" data-srcset=\"https:\/\/www.geertjehansen.it\/wp-content\/uploads\/2021\/03\/the-medici-tours-geertjehansen.jpg 1000w, https:\/\/www.geertjehansen.it\/wp-content\/uploads\/2021\/03\/the-medici-tours-geertjehansen-300x200.jpg 300w, https:\/\/www.geertjehansen.it\/wp-content\/uploads\/2021\/03\/the-medici-tours-geertjehansen-768x512.jpg 768w, https:\/\/www.geertjehansen.it\/wp-content\/uploads\/2021\/03\/the-medici-tours-geertjehansen-150x100.jpg 150w\" sizes=\"auto, (max-width: 1000px) 100vw, 1000px\" \/><\/div><\/div><\/a><\/figure><\/div><\/li><li class=\"kadence-blocks-gallery-item\"><div class=\"kadence-blocks-gallery-item-inner\"><figure class=\"kb-gallery-figure kb-gallery-item-has-link kadence-blocks-gallery-item-hide-caption kb-has-image-ratio-land32\"><a href=\"http:\/\/www.geertjehansen.it\/wp-content\/uploads\/2021\/04\/cappella-medici.jpeg\" class=\"kb-gallery-item-link\"><div class=\"kb-gal-image-radius\"><div class=\"kb-gallery-image-contain kadence-blocks-gallery-intrinsic kb-gallery-image-ratio-land32\"><img loading=\"lazy\" decoding=\"async\" width=\"1000\" height=\"666\" src=\"https:\/\/www.geertjehansen.it\/wp-content\/themes\/webag_3\/templates-default\/img\/t.png\" data-src=\"http:\/\/www.geertjehansen.it\/wp-content\/uploads\/2021\/04\/cappella-medici.jpeg\" alt=\"Cappela de' Medici\" data-full-image=\"http:\/\/www.geertjehansen.it\/wp-content\/uploads\/2021\/04\/cappella-medici.jpeg\" data-light-image=\"http:\/\/www.geertjehansen.it\/wp-content\/uploads\/2021\/04\/cappella-medici.jpeg\" data-id=\"934\" data-link=\"http:\/\/www.geertjehansen.it\/de\/home\/die-touren\/die-familie-medici\/cappella-medici-2\/\" class=\"lazy wp-image-934undefined\" data-srcset=\"https:\/\/www.geertjehansen.it\/wp-content\/uploads\/2021\/04\/cappella-medici.jpeg 1000w, https:\/\/www.geertjehansen.it\/wp-content\/uploads\/2021\/04\/cappella-medici-300x200.jpeg 300w, https:\/\/www.geertjehansen.it\/wp-content\/uploads\/2021\/04\/cappella-medici-768x511.jpeg 768w, https:\/\/www.geertjehansen.it\/wp-content\/uploads\/2021\/04\/cappella-medici-150x100.jpeg 150w\" sizes=\"auto, (max-width: 1000px) 100vw, 1000px\" \/><\/div><\/div><\/a><\/figure><\/div><\/li><li class=\"kadence-blocks-gallery-item\"><div class=\"kadence-blocks-gallery-item-inner\"><figure class=\"kb-gallery-figure kb-gallery-item-has-link kadence-blocks-gallery-item-hide-caption kb-has-image-ratio-land32\"><a href=\"http:\/\/www.geertjehansen.it\/wp-content\/uploads\/2021\/04\/piazza-pitti.jpg\" class=\"kb-gallery-item-link\"><div class=\"kb-gal-image-radius\"><div class=\"kb-gallery-image-contain kadence-blocks-gallery-intrinsic kb-gallery-image-ratio-land32\"><img loading=\"lazy\" decoding=\"async\" width=\"1000\" height=\"750\" src=\"https:\/\/www.geertjehansen.it\/wp-content\/themes\/webag_3\/templates-default\/img\/t.png\" data-src=\"http:\/\/www.geertjehansen.it\/wp-content\/uploads\/2021\/04\/piazza-pitti.jpg\" alt=\"Palazzo Pitti\" data-full-image=\"http:\/\/www.geertjehansen.it\/wp-content\/uploads\/2021\/04\/piazza-pitti.jpg\" data-light-image=\"http:\/\/www.geertjehansen.it\/wp-content\/uploads\/2021\/04\/piazza-pitti.jpg\" data-id=\"940\" data-link=\"http:\/\/www.geertjehansen.it\/de\/home\/die-touren\/die-familie-medici\/piazza-pitti-2\/\" class=\"lazy wp-image-940undefined\" data-srcset=\"https:\/\/www.geertjehansen.it\/wp-content\/uploads\/2021\/04\/piazza-pitti.jpg 1000w, https:\/\/www.geertjehansen.it\/wp-content\/uploads\/2021\/04\/piazza-pitti-300x225.jpg 300w, https:\/\/www.geertjehansen.it\/wp-content\/uploads\/2021\/04\/piazza-pitti-768x576.jpg 768w, https:\/\/www.geertjehansen.it\/wp-content\/uploads\/2021\/04\/piazza-pitti-150x113.jpg 150w\" sizes=\"auto, (max-width: 1000px) 100vw, 1000px\" \/><\/div><\/div><\/a><\/figure><\/div><\/li><\/ul><\/div>\n","protected":false},"excerpt":{"rendered":"<p>Die ber\u00fchmte Familie ist wahrscheinlich eine der faszinierendsten in der gesamten europ\u00e4ischen Geschichte. Zun\u00e4chst als Herren von Florenz und sp\u00e4ter der gesamten Toskana haben sie \u2013 auch mittels ihrer P\u00e4pste und K\u00f6niginnen \u2013 f\u00fcr ungef\u00e4hr drei Jahrhunderte nicht nur die italienische Kunst und Politik entscheidend gepr\u00e4gt. Auf dem Weg zwischen den von ihnen bewohnten Pal\u00e4sten [&hellip;]<\/p>\n","protected":false},"author":1,"featured_media":902,"parent":218,"menu_order":27,"comment_status":"closed","ping_status":"closed","template":"","meta":{"_acf_changed":false,"footnotes":""},"class_list":["post-226","page","type-page","status-publish","has-post-thumbnail","hentry"],"acf":[],"yoast_head":"<!-- This site is optimized with the Yoast SEO plugin v24.9 - https:\/\/yoast.com\/wordpress\/plugins\/seo\/ -->\n<title>Die Medici | Geertje Hansen | Stadtf\u00fchrerin Florenz<\/title>\n<meta name=\"description\" content=\"Wir werden \u00fcber das Leben einer der ber\u00fchmtesten und faszinierendsten Familien der gesamten europ\u00e4ischen Geschichte reden\" \/>\n<meta name=\"robots\" content=\"index, follow, max-snippet:-1, max-image-preview:large, max-video-preview:-1\" \/>\n<link rel=\"canonical\" href=\"https:\/\/www.geertjehansen.it\/de\/home\/die-touren\/die-familie-medici\/\" \/>\n<meta property=\"og:locale\" content=\"de_DE\" \/>\n<meta property=\"og:type\" content=\"article\" \/>\n<meta property=\"og:title\" content=\"Die Medici | Geertje Hansen | Stadtf\u00fchrerin Florenz\" \/>\n<meta property=\"og:description\" content=\"Wir werden \u00fcber das Leben einer der ber\u00fchmtesten und faszinierendsten Familien der gesamten europ\u00e4ischen Geschichte reden\" \/>\n<meta property=\"og:url\" content=\"https:\/\/www.geertjehansen.it\/de\/home\/die-touren\/die-familie-medici\/\" \/>\n<meta property=\"og:site_name\" content=\"Geertje Hansen\" \/>\n<meta property=\"article:modified_time\" content=\"2021-05-17T10:46:17+00:00\" \/>\n<meta property=\"og:image\" content=\"https:\/\/www.geertjehansen.it\/wp-content\/uploads\/2021\/04\/stemma-medici.jpg\" \/>\n\t<meta property=\"og:image:width\" content=\"1000\" \/>\n\t<meta property=\"og:image:height\" content=\"1468\" \/>\n\t<meta property=\"og:image:type\" content=\"image\/jpeg\" \/>\n<meta name=\"twitter:card\" content=\"summary_large_image\" \/>\n<meta name=\"twitter:label1\" content=\"Gesch\u00e4tzte Lesezeit\" \/>\n\t<meta name=\"twitter:data1\" content=\"2\u00a0Minuten\" \/>\n<script type=\"application\/ld+json\" class=\"yoast-schema-graph\">{\"@context\":\"https:\/\/schema.org\",\"@graph\":[{\"@type\":\"WebPage\",\"@id\":\"https:\/\/www.geertjehansen.it\/de\/home\/die-touren\/die-familie-medici\/\",\"url\":\"https:\/\/www.geertjehansen.it\/de\/home\/die-touren\/die-familie-medici\/\",\"name\":\"Die Medici | Geertje Hansen | Stadtf\u00fchrerin Florenz\",\"isPartOf\":{\"@id\":\"https:\/\/www.geertjehansen.it\/de\/#website\"},\"primaryImageOfPage\":{\"@id\":\"https:\/\/www.geertjehansen.it\/de\/home\/die-touren\/die-familie-medici\/#primaryimage\"},\"image\":{\"@id\":\"https:\/\/www.geertjehansen.it\/de\/home\/die-touren\/die-familie-medici\/#primaryimage\"},\"thumbnailUrl\":\"https:\/\/www.geertjehansen.it\/wp-content\/uploads\/2021\/04\/stemma-medici.jpg\",\"datePublished\":\"2021-03-29T12:52:40+00:00\",\"dateModified\":\"2021-05-17T10:46:17+00:00\",\"description\":\"Wir werden \u00fcber das Leben einer der ber\u00fchmtesten und faszinierendsten Familien der gesamten europ\u00e4ischen Geschichte reden\",\"breadcrumb\":{\"@id\":\"https:\/\/www.geertjehansen.it\/de\/home\/die-touren\/die-familie-medici\/#breadcrumb\"},\"inLanguage\":\"de\",\"potentialAction\":[{\"@type\":\"ReadAction\",\"target\":[\"https:\/\/www.geertjehansen.it\/de\/home\/die-touren\/die-familie-medici\/\"]}]},{\"@type\":\"ImageObject\",\"inLanguage\":\"de\",\"@id\":\"https:\/\/www.geertjehansen.it\/de\/home\/die-touren\/die-familie-medici\/#primaryimage\",\"url\":\"https:\/\/www.geertjehansen.it\/wp-content\/uploads\/2021\/04\/stemma-medici.jpg\",\"contentUrl\":\"https:\/\/www.geertjehansen.it\/wp-content\/uploads\/2021\/04\/stemma-medici.jpg\",\"width\":1000,\"height\":1468},{\"@type\":\"BreadcrumbList\",\"@id\":\"https:\/\/www.geertjehansen.it\/de\/home\/die-touren\/die-familie-medici\/#breadcrumb\",\"itemListElement\":[{\"@type\":\"ListItem\",\"position\":1,\"name\":\"Home\",\"item\":\"https:\/\/www.geertjehansen.it\/de\/\"},{\"@type\":\"ListItem\",\"position\":2,\"name\":\"Home\",\"item\":\"https:\/\/www.geertjehansen.it\/de\/\"},{\"@type\":\"ListItem\",\"position\":3,\"name\":\"F\u00fchrungen &#038; Ausfl\u00fcge\",\"item\":\"https:\/\/www.geertjehansen.it\/de\/home\/die-touren\/\"},{\"@type\":\"ListItem\",\"position\":4,\"name\":\"Die Familie Medici\"}]},{\"@type\":\"WebSite\",\"@id\":\"https:\/\/www.geertjehansen.it\/de\/#website\",\"url\":\"https:\/\/www.geertjehansen.it\/de\/\",\"name\":\"Geertje Hansen\",\"description\":\"Florence Tour Guide\",\"publisher\":{\"@id\":\"https:\/\/www.geertjehansen.it\/de\/#organization\"},\"potentialAction\":[{\"@type\":\"SearchAction\",\"target\":{\"@type\":\"EntryPoint\",\"urlTemplate\":\"https:\/\/www.geertjehansen.it\/de\/?s={search_term_string}\"},\"query-input\":{\"@type\":\"PropertyValueSpecification\",\"valueRequired\":true,\"valueName\":\"search_term_string\"}}],\"inLanguage\":\"de\"},{\"@type\":\"Organization\",\"@id\":\"https:\/\/www.geertjehansen.it\/de\/#organization\",\"name\":\"Geertje Hansen\",\"url\":\"https:\/\/www.geertjehansen.it\/de\/\",\"logo\":{\"@type\":\"ImageObject\",\"inLanguage\":\"de\",\"@id\":\"https:\/\/www.geertjehansen.it\/de\/#\/schema\/logo\/image\/\",\"url\":\"https:\/\/www.geertjehansen.it\/wp-content\/uploads\/2021\/04\/geertje-hansen-logo.png\",\"contentUrl\":\"https:\/\/www.geertjehansen.it\/wp-content\/uploads\/2021\/04\/geertje-hansen-logo.png\",\"width\":465,\"height\":136,\"caption\":\"Geertje Hansen\"},\"image\":{\"@id\":\"https:\/\/www.geertjehansen.it\/de\/#\/schema\/logo\/image\/\"}}]}<\/script>\n<!-- \/ Yoast SEO plugin. -->","yoast_head_json":{"title":"Die Medici | Geertje Hansen | Stadtf\u00fchrerin Florenz","description":"Wir werden \u00fcber das Leben einer der ber\u00fchmtesten und faszinierendsten Familien der gesamten europ\u00e4ischen Geschichte reden","robots":{"index":"index","follow":"follow","max-snippet":"max-snippet:-1","max-image-preview":"max-image-preview:large","max-video-preview":"max-video-preview:-1"},"canonical":"https:\/\/www.geertjehansen.it\/de\/home\/die-touren\/die-familie-medici\/","og_locale":"de_DE","og_type":"article","og_title":"Die Medici | Geertje Hansen | Stadtf\u00fchrerin Florenz","og_description":"Wir werden \u00fcber das Leben einer der ber\u00fchmtesten und faszinierendsten Familien der gesamten europ\u00e4ischen Geschichte reden","og_url":"https:\/\/www.geertjehansen.it\/de\/home\/die-touren\/die-familie-medici\/","og_site_name":"Geertje Hansen","article_modified_time":"2021-05-17T10:46:17+00:00","og_image":[{"width":1000,"height":1468,"url":"https:\/\/www.geertjehansen.it\/wp-content\/uploads\/2021\/04\/stemma-medici.jpg","type":"image\/jpeg"}],"twitter_card":"summary_large_image","twitter_misc":{"Gesch\u00e4tzte Lesezeit":"2\u00a0Minuten"},"schema":{"@context":"https:\/\/schema.org","@graph":[{"@type":"WebPage","@id":"https:\/\/www.geertjehansen.it\/de\/home\/die-touren\/die-familie-medici\/","url":"https:\/\/www.geertjehansen.it\/de\/home\/die-touren\/die-familie-medici\/","name":"Die Medici | Geertje Hansen | Stadtf\u00fchrerin Florenz","isPartOf":{"@id":"https:\/\/www.geertjehansen.it\/de\/#website"},"primaryImageOfPage":{"@id":"https:\/\/www.geertjehansen.it\/de\/home\/die-touren\/die-familie-medici\/#primaryimage"},"image":{"@id":"https:\/\/www.geertjehansen.it\/de\/home\/die-touren\/die-familie-medici\/#primaryimage"},"thumbnailUrl":"https:\/\/www.geertjehansen.it\/wp-content\/uploads\/2021\/04\/stemma-medici.jpg","datePublished":"2021-03-29T12:52:40+00:00","dateModified":"2021-05-17T10:46:17+00:00","description":"Wir werden \u00fcber das Leben einer der ber\u00fchmtesten und faszinierendsten Familien der gesamten europ\u00e4ischen Geschichte reden","breadcrumb":{"@id":"https:\/\/www.geertjehansen.it\/de\/home\/die-touren\/die-familie-medici\/#breadcrumb"},"inLanguage":"de","potentialAction":[{"@type":"ReadAction","target":["https:\/\/www.geertjehansen.it\/de\/home\/die-touren\/die-familie-medici\/"]}]},{"@type":"ImageObject","inLanguage":"de","@id":"https:\/\/www.geertjehansen.it\/de\/home\/die-touren\/die-familie-medici\/#primaryimage","url":"https:\/\/www.geertjehansen.it\/wp-content\/uploads\/2021\/04\/stemma-medici.jpg","contentUrl":"https:\/\/www.geertjehansen.it\/wp-content\/uploads\/2021\/04\/stemma-medici.jpg","width":1000,"height":1468},{"@type":"BreadcrumbList","@id":"https:\/\/www.geertjehansen.it\/de\/home\/die-touren\/die-familie-medici\/#breadcrumb","itemListElement":[{"@type":"ListItem","position":1,"name":"Home","item":"https:\/\/www.geertjehansen.it\/de\/"},{"@type":"ListItem","position":2,"name":"Home","item":"https:\/\/www.geertjehansen.it\/de\/"},{"@type":"ListItem","position":3,"name":"F\u00fchrungen &#038; Ausfl\u00fcge","item":"https:\/\/www.geertjehansen.it\/de\/home\/die-touren\/"},{"@type":"ListItem","position":4,"name":"Die Familie Medici"}]},{"@type":"WebSite","@id":"https:\/\/www.geertjehansen.it\/de\/#website","url":"https:\/\/www.geertjehansen.it\/de\/","name":"Geertje Hansen","description":"Florence Tour Guide","publisher":{"@id":"https:\/\/www.geertjehansen.it\/de\/#organization"},"potentialAction":[{"@type":"SearchAction","target":{"@type":"EntryPoint","urlTemplate":"https:\/\/www.geertjehansen.it\/de\/?s={search_term_string}"},"query-input":{"@type":"PropertyValueSpecification","valueRequired":true,"valueName":"search_term_string"}}],"inLanguage":"de"},{"@type":"Organization","@id":"https:\/\/www.geertjehansen.it\/de\/#organization","name":"Geertje Hansen","url":"https:\/\/www.geertjehansen.it\/de\/","logo":{"@type":"ImageObject","inLanguage":"de","@id":"https:\/\/www.geertjehansen.it\/de\/#\/schema\/logo\/image\/","url":"https:\/\/www.geertjehansen.it\/wp-content\/uploads\/2021\/04\/geertje-hansen-logo.png","contentUrl":"https:\/\/www.geertjehansen.it\/wp-content\/uploads\/2021\/04\/geertje-hansen-logo.png","width":465,"height":136,"caption":"Geertje Hansen"},"image":{"@id":"https:\/\/www.geertjehansen.it\/de\/#\/schema\/logo\/image\/"}}]}},"_links":{"self":[{"href":"https:\/\/www.geertjehansen.it\/de\/wp-json\/wp\/v2\/pages\/226","targetHints":{"allow":["GET"]}}],"collection":[{"href":"https:\/\/www.geertjehansen.it\/de\/wp-json\/wp\/v2\/pages"}],"about":[{"href":"https:\/\/www.geertjehansen.it\/de\/wp-json\/wp\/v2\/types\/page"}],"author":[{"embeddable":true,"href":"https:\/\/www.geertjehansen.it\/de\/wp-json\/wp\/v2\/users\/1"}],"replies":[{"embeddable":true,"href":"https:\/\/www.geertjehansen.it\/de\/wp-json\/wp\/v2\/comments?post=226"}],"version-history":[{"count":3,"href":"https:\/\/www.geertjehansen.it\/de\/wp-json\/wp\/v2\/pages\/226\/revisions"}],"predecessor-version":[{"id":1346,"href":"https:\/\/www.geertjehansen.it\/de\/wp-json\/wp\/v2\/pages\/226\/revisions\/1346"}],"up":[{"embeddable":true,"href":"https:\/\/www.geertjehansen.it\/de\/wp-json\/wp\/v2\/pages\/218"}],"wp:featuredmedia":[{"embeddable":true,"href":"https:\/\/www.geertjehansen.it\/de\/wp-json\/wp\/v2\/media\/902"}],"wp:attachment":[{"href":"https:\/\/www.geertjehansen.it\/de\/wp-json\/wp\/v2\/media?parent=226"}],"curies":[{"name":"wp","href":"https:\/\/api.w.org\/{rel}","templated":true}]}}