{"id":218,"date":"2021-03-29T14:43:41","date_gmt":"2021-03-29T12:43:41","guid":{"rendered":"http:\/\/www.geertjehansen.it\/?page_id=218"},"modified":"2021-05-17T12:35:28","modified_gmt":"2021-05-17T10:35:28","slug":"die-touren","status":"publish","type":"page","link":"https:\/\/www.geertjehansen.it\/de\/home\/die-touren\/","title":{"rendered":"F\u00fchrungen &#038; Ausfl\u00fcge"},"content":{"rendered":"\n<p>Alle meine Touren werden von mir individuell f\u00fcr meine G\u00e4ste zusammengestellt.<br><br>Keine Tour \u00e4hnelt der anderen, da ich mich immer den Bed\u00fcrfnissen und Interessen meiner G\u00e4ste anpasse und somit jederzeit bereit bin, den vorgesehenen Verlauf zu \u00e4ndern, wann immer es sich als notwendig erweist oder gew\u00fcnscht wird.<br><br>Genehmigen Sie sich einen Blick auf einige meiner Vorschl\u00e4ge, damit Sie sich ein Bild davon machen k\u00f6nnen, was diese Stadt Ihnen bieten kann. Die Dauer der Tour h\u00e4ngt ganz von Ihrer Zeit ab, auch wenn ich ein Minimum von 3 Stunden vorschlage, um einen vern\u00fcnftigen Eindruck von Florenz zu bekommen. Aber auch das kann individuell abgesprochen werden.<br><br>Bitte beachten Sie, dass Besuche der Monumente und Museen von den jeweiligen \u00d6ffnungszeiten abh\u00e4ngen und evtl. Warteschlangen und lokale Feste zu ber\u00fccksichtigen sind, abgesehen davon, dass selbstverst\u00e4ndlich religi\u00f6se Einrichtungen ihre Bekleidungsvorschriften haben.<\/p>\n","protected":false},"excerpt":{"rendered":"<p>Alle meine Touren werden von mir individuell f\u00fcr meine G\u00e4ste zusammengestellt. Keine Tour \u00e4hnelt der anderen, da ich mich immer den Bed\u00fcrfnissen und Interessen meiner G\u00e4ste anpasse und somit jederzeit bereit bin, den vorgesehenen Verlauf zu \u00e4ndern, wann immer es sich als notwendig erweist oder gew\u00fcnscht wird. Genehmigen Sie sich einen Blick auf einige meiner [&hellip;]<\/p>\n","protected":false},"author":1,"featured_media":294,"parent":625,"menu_order":10,"comment_status":"closed","ping_status":"closed","template":"","meta":{"_acf_changed":false,"footnotes":""},"class_list":["post-218","page","type-page","status-publish","has-post-thumbnail","hentry"],"acf":[],"yoast_head":"<!-- This site is optimized with the Yoast SEO plugin v24.9 - https:\/\/yoast.com\/wordpress\/plugins\/seo\/ -->\n<title>Stadtf\u00fchrungen und Ausfl\u00fcge | Geertje Hansen | Stadtf\u00fchrerin Florenz<\/title>\n<meta name=\"description\" content=\"F\u00fcr Familien, Gruppen und Personen angepasste F\u00fchrungen in Florenz, Siena, Pisa, Lucca und der Toskana. F\u00fcr eine einzigartige Reise durch Kunst und Geschichte\" \/>\n<meta name=\"robots\" content=\"index, follow, max-snippet:-1, max-image-preview:large, max-video-preview:-1\" \/>\n<link rel=\"canonical\" href=\"https:\/\/www.geertjehansen.it\/de\/home\/die-touren\/\" \/>\n<meta property=\"og:locale\" content=\"de_DE\" \/>\n<meta property=\"og:type\" content=\"article\" \/>\n<meta property=\"og:title\" content=\"Stadtf\u00fchrungen und Ausfl\u00fcge | Geertje Hansen | Stadtf\u00fchrerin Florenz\" \/>\n<meta property=\"og:description\" content=\"F\u00fcr Familien, Gruppen und Personen angepasste F\u00fchrungen in Florenz, Siena, Pisa, Lucca und der Toskana. F\u00fcr eine einzigartige Reise durch Kunst und Geschichte\" \/>\n<meta property=\"og:url\" content=\"https:\/\/www.geertjehansen.it\/de\/home\/die-touren\/\" \/>\n<meta property=\"og:site_name\" content=\"Geertje Hansen\" \/>\n<meta property=\"article:modified_time\" content=\"2021-05-17T10:35:28+00:00\" \/>\n<meta property=\"og:image\" content=\"https:\/\/www.geertjehansen.it\/wp-content\/uploads\/2021\/03\/loggia-lanzi-firenze-tours-geertjehansen.jpg\" \/>\n\t<meta property=\"og:image:width\" content=\"1000\" \/>\n\t<meta property=\"og:image:height\" content=\"667\" \/>\n\t<meta property=\"og:image:type\" content=\"image\/jpeg\" \/>\n<meta name=\"twitter:card\" content=\"summary_large_image\" \/>\n<meta name=\"twitter:label1\" content=\"Gesch\u00e4tzte Lesezeit\" \/>\n\t<meta name=\"twitter:data1\" content=\"1\u00a0Minute\" \/>\n<script type=\"application\/ld+json\" class=\"yoast-schema-graph\">{\"@context\":\"https:\/\/schema.org\",\"@graph\":[{\"@type\":\"WebPage\",\"@id\":\"https:\/\/www.geertjehansen.it\/de\/home\/die-touren\/\",\"url\":\"https:\/\/www.geertjehansen.it\/de\/home\/die-touren\/\",\"name\":\"Stadtf\u00fchrungen und Ausfl\u00fcge | Geertje Hansen | Stadtf\u00fchrerin Florenz\",\"isPartOf\":{\"@id\":\"https:\/\/www.geertjehansen.it\/de\/#website\"},\"primaryImageOfPage\":{\"@id\":\"https:\/\/www.geertjehansen.it\/de\/home\/die-touren\/#primaryimage\"},\"image\":{\"@id\":\"https:\/\/www.geertjehansen.it\/de\/home\/die-touren\/#primaryimage\"},\"thumbnailUrl\":\"https:\/\/www.geertjehansen.it\/wp-content\/uploads\/2021\/03\/loggia-lanzi-firenze-tours-geertjehansen.jpg\",\"datePublished\":\"2021-03-29T12:43:41+00:00\",\"dateModified\":\"2021-05-17T10:35:28+00:00\",\"description\":\"F\u00fcr Familien, Gruppen und Personen angepasste F\u00fchrungen in Florenz, Siena, Pisa, Lucca und der Toskana. F\u00fcr eine einzigartige Reise durch Kunst und Geschichte\",\"breadcrumb\":{\"@id\":\"https:\/\/www.geertjehansen.it\/de\/home\/die-touren\/#breadcrumb\"},\"inLanguage\":\"de\",\"potentialAction\":[{\"@type\":\"ReadAction\",\"target\":[\"https:\/\/www.geertjehansen.it\/de\/home\/die-touren\/\"]}]},{\"@type\":\"ImageObject\",\"inLanguage\":\"de\",\"@id\":\"https:\/\/www.geertjehansen.it\/de\/home\/die-touren\/#primaryimage\",\"url\":\"https:\/\/www.geertjehansen.it\/wp-content\/uploads\/2021\/03\/loggia-lanzi-firenze-tours-geertjehansen.jpg\",\"contentUrl\":\"https:\/\/www.geertjehansen.it\/wp-content\/uploads\/2021\/03\/loggia-lanzi-firenze-tours-geertjehansen.jpg\",\"width\":1000,\"height\":667,\"caption\":\"Toscana,Firenze,Loggia dei Lanzi.\"},{\"@type\":\"BreadcrumbList\",\"@id\":\"https:\/\/www.geertjehansen.it\/de\/home\/die-touren\/#breadcrumb\",\"itemListElement\":[{\"@type\":\"ListItem\",\"position\":1,\"name\":\"Home\",\"item\":\"https:\/\/www.geertjehansen.it\/de\/\"},{\"@type\":\"ListItem\",\"position\":2,\"name\":\"Home\",\"item\":\"https:\/\/www.geertjehansen.it\/de\/\"},{\"@type\":\"ListItem\",\"position\":3,\"name\":\"F\u00fchrungen &#038; Ausfl\u00fcge\"}]},{\"@type\":\"WebSite\",\"@id\":\"https:\/\/www.geertjehansen.it\/de\/#website\",\"url\":\"https:\/\/www.geertjehansen.it\/de\/\",\"name\":\"Geertje Hansen\",\"description\":\"Florence Tour Guide\",\"publisher\":{\"@id\":\"https:\/\/www.geertjehansen.it\/de\/#organization\"},\"potentialAction\":[{\"@type\":\"SearchAction\",\"target\":{\"@type\":\"EntryPoint\",\"urlTemplate\":\"https:\/\/www.geertjehansen.it\/de\/?s={search_term_string}\"},\"query-input\":{\"@type\":\"PropertyValueSpecification\",\"valueRequired\":true,\"valueName\":\"search_term_string\"}}],\"inLanguage\":\"de\"},{\"@type\":\"Organization\",\"@id\":\"https:\/\/www.geertjehansen.it\/de\/#organization\",\"name\":\"Geertje Hansen\",\"url\":\"https:\/\/www.geertjehansen.it\/de\/\",\"logo\":{\"@type\":\"ImageObject\",\"inLanguage\":\"de\",\"@id\":\"https:\/\/www.geertjehansen.it\/de\/#\/schema\/logo\/image\/\",\"url\":\"https:\/\/www.geertjehansen.it\/wp-content\/uploads\/2021\/04\/geertje-hansen-logo.png\",\"contentUrl\":\"https:\/\/www.geertjehansen.it\/wp-content\/uploads\/2021\/04\/geertje-hansen-logo.png\",\"width\":465,\"height\":136,\"caption\":\"Geertje Hansen\"},\"image\":{\"@id\":\"https:\/\/www.geertjehansen.it\/de\/#\/schema\/logo\/image\/\"}}]}<\/script>\n<!-- \/ Yoast SEO plugin. -->","yoast_head_json":{"title":"Stadtf\u00fchrungen und Ausfl\u00fcge | Geertje Hansen | Stadtf\u00fchrerin Florenz","description":"F\u00fcr Familien, Gruppen und Personen angepasste F\u00fchrungen in Florenz, Siena, Pisa, Lucca und der Toskana. F\u00fcr eine einzigartige Reise durch Kunst und Geschichte","robots":{"index":"index","follow":"follow","max-snippet":"max-snippet:-1","max-image-preview":"max-image-preview:large","max-video-preview":"max-video-preview:-1"},"canonical":"https:\/\/www.geertjehansen.it\/de\/home\/die-touren\/","og_locale":"de_DE","og_type":"article","og_title":"Stadtf\u00fchrungen und Ausfl\u00fcge | Geertje Hansen | Stadtf\u00fchrerin Florenz","og_description":"F\u00fcr Familien, Gruppen und Personen angepasste F\u00fchrungen in Florenz, Siena, Pisa, Lucca und der Toskana. F\u00fcr eine einzigartige Reise durch Kunst und Geschichte","og_url":"https:\/\/www.geertjehansen.it\/de\/home\/die-touren\/","og_site_name":"Geertje Hansen","article_modified_time":"2021-05-17T10:35:28+00:00","og_image":[{"width":1000,"height":667,"url":"https:\/\/www.geertjehansen.it\/wp-content\/uploads\/2021\/03\/loggia-lanzi-firenze-tours-geertjehansen.jpg","type":"image\/jpeg"}],"twitter_card":"summary_large_image","twitter_misc":{"Gesch\u00e4tzte Lesezeit":"1\u00a0Minute"},"schema":{"@context":"https:\/\/schema.org","@graph":[{"@type":"WebPage","@id":"https:\/\/www.geertjehansen.it\/de\/home\/die-touren\/","url":"https:\/\/www.geertjehansen.it\/de\/home\/die-touren\/","name":"Stadtf\u00fchrungen und Ausfl\u00fcge | Geertje Hansen | Stadtf\u00fchrerin Florenz","isPartOf":{"@id":"https:\/\/www.geertjehansen.it\/de\/#website"},"primaryImageOfPage":{"@id":"https:\/\/www.geertjehansen.it\/de\/home\/die-touren\/#primaryimage"},"image":{"@id":"https:\/\/www.geertjehansen.it\/de\/home\/die-touren\/#primaryimage"},"thumbnailUrl":"https:\/\/www.geertjehansen.it\/wp-content\/uploads\/2021\/03\/loggia-lanzi-firenze-tours-geertjehansen.jpg","datePublished":"2021-03-29T12:43:41+00:00","dateModified":"2021-05-17T10:35:28+00:00","description":"F\u00fcr Familien, Gruppen und Personen angepasste F\u00fchrungen in Florenz, Siena, Pisa, Lucca und der Toskana. F\u00fcr eine einzigartige Reise durch Kunst und Geschichte","breadcrumb":{"@id":"https:\/\/www.geertjehansen.it\/de\/home\/die-touren\/#breadcrumb"},"inLanguage":"de","potentialAction":[{"@type":"ReadAction","target":["https:\/\/www.geertjehansen.it\/de\/home\/die-touren\/"]}]},{"@type":"ImageObject","inLanguage":"de","@id":"https:\/\/www.geertjehansen.it\/de\/home\/die-touren\/#primaryimage","url":"https:\/\/www.geertjehansen.it\/wp-content\/uploads\/2021\/03\/loggia-lanzi-firenze-tours-geertjehansen.jpg","contentUrl":"https:\/\/www.geertjehansen.it\/wp-content\/uploads\/2021\/03\/loggia-lanzi-firenze-tours-geertjehansen.jpg","width":1000,"height":667,"caption":"Toscana,Firenze,Loggia dei Lanzi."},{"@type":"BreadcrumbList","@id":"https:\/\/www.geertjehansen.it\/de\/home\/die-touren\/#breadcrumb","itemListElement":[{"@type":"ListItem","position":1,"name":"Home","item":"https:\/\/www.geertjehansen.it\/de\/"},{"@type":"ListItem","position":2,"name":"Home","item":"https:\/\/www.geertjehansen.it\/de\/"},{"@type":"ListItem","position":3,"name":"F\u00fchrungen &#038; Ausfl\u00fcge"}]},{"@type":"WebSite","@id":"https:\/\/www.geertjehansen.it\/de\/#website","url":"https:\/\/www.geertjehansen.it\/de\/","name":"Geertje Hansen","description":"Florence Tour Guide","publisher":{"@id":"https:\/\/www.geertjehansen.it\/de\/#organization"},"potentialAction":[{"@type":"SearchAction","target":{"@type":"EntryPoint","urlTemplate":"https:\/\/www.geertjehansen.it\/de\/?s={search_term_string}"},"query-input":{"@type":"PropertyValueSpecification","valueRequired":true,"valueName":"search_term_string"}}],"inLanguage":"de"},{"@type":"Organization","@id":"https:\/\/www.geertjehansen.it\/de\/#organization","name":"Geertje Hansen","url":"https:\/\/www.geertjehansen.it\/de\/","logo":{"@type":"ImageObject","inLanguage":"de","@id":"https:\/\/www.geertjehansen.it\/de\/#\/schema\/logo\/image\/","url":"https:\/\/www.geertjehansen.it\/wp-content\/uploads\/2021\/04\/geertje-hansen-logo.png","contentUrl":"https:\/\/www.geertjehansen.it\/wp-content\/uploads\/2021\/04\/geertje-hansen-logo.png","width":465,"height":136,"caption":"Geertje Hansen"},"image":{"@id":"https:\/\/www.geertjehansen.it\/de\/#\/schema\/logo\/image\/"}}]}},"_links":{"self":[{"href":"https:\/\/www.geertjehansen.it\/de\/wp-json\/wp\/v2\/pages\/218","targetHints":{"allow":["GET"]}}],"collection":[{"href":"https:\/\/www.geertjehansen.it\/de\/wp-json\/wp\/v2\/pages"}],"about":[{"href":"https:\/\/www.geertjehansen.it\/de\/wp-json\/wp\/v2\/types\/page"}],"author":[{"embeddable":true,"href":"https:\/\/www.geertjehansen.it\/de\/wp-json\/wp\/v2\/users\/1"}],"replies":[{"embeddable":true,"href":"https:\/\/www.geertjehansen.it\/de\/wp-json\/wp\/v2\/comments?post=218"}],"version-history":[{"count":2,"href":"https:\/\/www.geertjehansen.it\/de\/wp-json\/wp\/v2\/pages\/218\/revisions"}],"predecessor-version":[{"id":800,"href":"https:\/\/www.geertjehansen.it\/de\/wp-json\/wp\/v2\/pages\/218\/revisions\/800"}],"up":[{"embeddable":true,"href":"https:\/\/www.geertjehansen.it\/de\/wp-json\/wp\/v2\/pages\/625"}],"wp:featuredmedia":[{"embeddable":true,"href":"https:\/\/www.geertjehansen.it\/de\/wp-json\/wp\/v2\/media\/294"}],"wp:attachment":[{"href":"https:\/\/www.geertjehansen.it\/de\/wp-json\/wp\/v2\/media?parent=218"}],"curies":[{"name":"wp","href":"https:\/\/api.w.org\/{rel}","templated":true}]}}