{"id":216,"date":"2021-03-29T14:41:26","date_gmt":"2021-03-29T12:41:26","guid":{"rendered":"http:\/\/www.geertjehansen.it\/?page_id=216"},"modified":"2021-05-17T12:22:58","modified_gmt":"2021-05-17T10:22:58","slug":"ueber-mich","status":"publish","type":"page","link":"https:\/\/www.geertjehansen.it\/de\/home\/ueber-mich\/","title":{"rendered":"\u00dcber mich"},"content":{"rendered":"\n<p>Ich bin in Deutschland geboren, wuchs allerdings zwischen Portugal und Italien auf\u2026..ich nehme an, dass ich deshalb auch nie eine Antwort auf die Frage: \u201cund woher kommst du?\u201d wusste\u2026.<\/p>\n\n\n\n<p>Praktisch bedeutet das, dass ich die l\u00e4ngste Zeit meines Lebens in Florenz verbracht habe, in der Stadt, die f\u00fcr mich einer der sch\u00f6nsten Orte der Welt ist, wo mein Zuhause ist, wo ich die Schule und Universit\u00e4t besucht habe, wo auch meine Kinder gro\u00df geworden sind, und wo ich immer wieder gerne durch die vertrauten Stra\u00dfen und Gassen bummele.<\/p>\n\n\n\n<p>Ich arbeite jetzt seit \u00fcber 20 Jahren in meinem Beruf als offizielle Stadtf\u00fchrerin f\u00fcr Florenz und die Toskana, aber trotz der vielen Jahre begeistern mich immer noch die unz\u00e4hligen Sch\u00f6nheiten, die dieses Land zu bieten hat. Es ist immer wieder eine Freude, meinen G\u00e4sten diese zu zeigen und dabei italienisches Lebensgef\u00fchl zu vermitteln.<\/p>\n\n\n\n<p>Ich hoffe nun, dass Sie neugierig geworden sind, mich auf einem meiner Spazierg\u00e4nge zu begleiten, um gemeinsam Italien und seine Bewohner kennen zu lernen.<\/p>\n","protected":false},"excerpt":{"rendered":"<p>Ich bin in Deutschland geboren, wuchs allerdings zwischen Portugal und Italien auf\u2026..ich nehme an, dass ich deshalb auch nie eine Antwort auf die Frage: \u201cund woher kommst du?\u201d wusste\u2026. Praktisch bedeutet das, dass ich die l\u00e4ngste Zeit meines Lebens in Florenz verbracht habe, in der Stadt, die f\u00fcr mich einer der sch\u00f6nsten Orte der Welt [&hellip;]<\/p>\n","protected":false},"author":1,"featured_media":642,"parent":625,"menu_order":85,"comment_status":"closed","ping_status":"closed","template":"","meta":{"_acf_changed":false,"footnotes":""},"class_list":["post-216","page","type-page","status-publish","has-post-thumbnail","hentry"],"acf":[],"yoast_head":"<!-- This site is optimized with the Yoast SEO plugin v24.9 - https:\/\/yoast.com\/wordpress\/plugins\/seo\/ -->\n<title>\u00dcber mich | Geertje Hansen | Stadtf\u00fchrerin Florenz<\/title>\n<meta name=\"description\" content=\"Ich hei\u00dfe Geertje und arbeite seit \u00fcber 20 Jahren als offizielle Stadtf\u00fchrerin in Italien. Ich hoffe, dass Sie mich auf einem meiner Spazierg\u00e4nge begleiten m\u00f6chten, um gemeinsam Florenz kennen zu lernen.\" \/>\n<meta name=\"robots\" content=\"index, follow, max-snippet:-1, max-image-preview:large, max-video-preview:-1\" \/>\n<link rel=\"canonical\" href=\"https:\/\/www.geertjehansen.it\/de\/home\/ueber-mich\/\" \/>\n<meta property=\"og:locale\" content=\"de_DE\" \/>\n<meta property=\"og:type\" content=\"article\" \/>\n<meta property=\"og:title\" content=\"\u00dcber mich | Geertje Hansen | Stadtf\u00fchrerin Florenz\" \/>\n<meta property=\"og:description\" content=\"Ich hei\u00dfe Geertje und arbeite seit \u00fcber 20 Jahren als offizielle Stadtf\u00fchrerin in Italien. Ich hoffe, dass Sie mich auf einem meiner Spazierg\u00e4nge begleiten m\u00f6chten, um gemeinsam Florenz kennen zu lernen.\" \/>\n<meta property=\"og:url\" content=\"https:\/\/www.geertjehansen.it\/de\/home\/ueber-mich\/\" \/>\n<meta property=\"og:site_name\" content=\"Geertje Hansen\" \/>\n<meta property=\"article:modified_time\" content=\"2021-05-17T10:22:58+00:00\" \/>\n<meta property=\"og:image\" content=\"https:\/\/www.geertjehansen.it\/wp-content\/uploads\/2021\/04\/geertje-hansen-ico-e1618335897754-1.jpg\" \/>\n\t<meta property=\"og:image:width\" content=\"670\" \/>\n\t<meta property=\"og:image:height\" content=\"720\" \/>\n\t<meta property=\"og:image:type\" content=\"image\/jpeg\" \/>\n<meta name=\"twitter:card\" content=\"summary_large_image\" \/>\n<meta name=\"twitter:label1\" content=\"Gesch\u00e4tzte Lesezeit\" \/>\n\t<meta name=\"twitter:data1\" content=\"1\u00a0Minute\" \/>\n<script type=\"application\/ld+json\" class=\"yoast-schema-graph\">{\"@context\":\"https:\/\/schema.org\",\"@graph\":[{\"@type\":\"WebPage\",\"@id\":\"https:\/\/www.geertjehansen.it\/de\/home\/ueber-mich\/\",\"url\":\"https:\/\/www.geertjehansen.it\/de\/home\/ueber-mich\/\",\"name\":\"\u00dcber mich | Geertje Hansen | Stadtf\u00fchrerin Florenz\",\"isPartOf\":{\"@id\":\"https:\/\/www.geertjehansen.it\/de\/#website\"},\"primaryImageOfPage\":{\"@id\":\"https:\/\/www.geertjehansen.it\/de\/home\/ueber-mich\/#primaryimage\"},\"image\":{\"@id\":\"https:\/\/www.geertjehansen.it\/de\/home\/ueber-mich\/#primaryimage\"},\"thumbnailUrl\":\"https:\/\/www.geertjehansen.it\/wp-content\/uploads\/2021\/04\/geertje-hansen-ico-e1618335897754-1.jpg\",\"datePublished\":\"2021-03-29T12:41:26+00:00\",\"dateModified\":\"2021-05-17T10:22:58+00:00\",\"description\":\"Ich hei\u00dfe Geertje und arbeite seit \u00fcber 20 Jahren als offizielle Stadtf\u00fchrerin in Italien. Ich hoffe, dass Sie mich auf einem meiner Spazierg\u00e4nge begleiten m\u00f6chten, um gemeinsam Florenz kennen zu lernen.\",\"breadcrumb\":{\"@id\":\"https:\/\/www.geertjehansen.it\/de\/home\/ueber-mich\/#breadcrumb\"},\"inLanguage\":\"de\",\"potentialAction\":[{\"@type\":\"ReadAction\",\"target\":[\"https:\/\/www.geertjehansen.it\/de\/home\/ueber-mich\/\"]}]},{\"@type\":\"ImageObject\",\"inLanguage\":\"de\",\"@id\":\"https:\/\/www.geertjehansen.it\/de\/home\/ueber-mich\/#primaryimage\",\"url\":\"https:\/\/www.geertjehansen.it\/wp-content\/uploads\/2021\/04\/geertje-hansen-ico-e1618335897754-1.jpg\",\"contentUrl\":\"https:\/\/www.geertjehansen.it\/wp-content\/uploads\/2021\/04\/geertje-hansen-ico-e1618335897754-1.jpg\",\"width\":670,\"height\":720,\"caption\":\"Geertje Hansen, Licensed tour guide for Florence & Tuscany\"},{\"@type\":\"BreadcrumbList\",\"@id\":\"https:\/\/www.geertjehansen.it\/de\/home\/ueber-mich\/#breadcrumb\",\"itemListElement\":[{\"@type\":\"ListItem\",\"position\":1,\"name\":\"Home\",\"item\":\"https:\/\/www.geertjehansen.it\/de\/\"},{\"@type\":\"ListItem\",\"position\":2,\"name\":\"Home\",\"item\":\"https:\/\/www.geertjehansen.it\/de\/\"},{\"@type\":\"ListItem\",\"position\":3,\"name\":\"\u00dcber mich\"}]},{\"@type\":\"WebSite\",\"@id\":\"https:\/\/www.geertjehansen.it\/de\/#website\",\"url\":\"https:\/\/www.geertjehansen.it\/de\/\",\"name\":\"Geertje Hansen\",\"description\":\"Florence Tour Guide\",\"publisher\":{\"@id\":\"https:\/\/www.geertjehansen.it\/de\/#organization\"},\"potentialAction\":[{\"@type\":\"SearchAction\",\"target\":{\"@type\":\"EntryPoint\",\"urlTemplate\":\"https:\/\/www.geertjehansen.it\/de\/?s={search_term_string}\"},\"query-input\":{\"@type\":\"PropertyValueSpecification\",\"valueRequired\":true,\"valueName\":\"search_term_string\"}}],\"inLanguage\":\"de\"},{\"@type\":\"Organization\",\"@id\":\"https:\/\/www.geertjehansen.it\/de\/#organization\",\"name\":\"Geertje Hansen\",\"url\":\"https:\/\/www.geertjehansen.it\/de\/\",\"logo\":{\"@type\":\"ImageObject\",\"inLanguage\":\"de\",\"@id\":\"https:\/\/www.geertjehansen.it\/de\/#\/schema\/logo\/image\/\",\"url\":\"https:\/\/www.geertjehansen.it\/wp-content\/uploads\/2021\/04\/geertje-hansen-logo.png\",\"contentUrl\":\"https:\/\/www.geertjehansen.it\/wp-content\/uploads\/2021\/04\/geertje-hansen-logo.png\",\"width\":465,\"height\":136,\"caption\":\"Geertje Hansen\"},\"image\":{\"@id\":\"https:\/\/www.geertjehansen.it\/de\/#\/schema\/logo\/image\/\"}}]}<\/script>\n<!-- \/ Yoast SEO plugin. -->","yoast_head_json":{"title":"\u00dcber mich | Geertje Hansen | Stadtf\u00fchrerin Florenz","description":"Ich hei\u00dfe Geertje und arbeite seit \u00fcber 20 Jahren als offizielle Stadtf\u00fchrerin in Italien. Ich hoffe, dass Sie mich auf einem meiner Spazierg\u00e4nge begleiten m\u00f6chten, um gemeinsam Florenz kennen zu lernen.","robots":{"index":"index","follow":"follow","max-snippet":"max-snippet:-1","max-image-preview":"max-image-preview:large","max-video-preview":"max-video-preview:-1"},"canonical":"https:\/\/www.geertjehansen.it\/de\/home\/ueber-mich\/","og_locale":"de_DE","og_type":"article","og_title":"\u00dcber mich | Geertje Hansen | Stadtf\u00fchrerin Florenz","og_description":"Ich hei\u00dfe Geertje und arbeite seit \u00fcber 20 Jahren als offizielle Stadtf\u00fchrerin in Italien. Ich hoffe, dass Sie mich auf einem meiner Spazierg\u00e4nge begleiten m\u00f6chten, um gemeinsam Florenz kennen zu lernen.","og_url":"https:\/\/www.geertjehansen.it\/de\/home\/ueber-mich\/","og_site_name":"Geertje Hansen","article_modified_time":"2021-05-17T10:22:58+00:00","og_image":[{"width":670,"height":720,"url":"https:\/\/www.geertjehansen.it\/wp-content\/uploads\/2021\/04\/geertje-hansen-ico-e1618335897754-1.jpg","type":"image\/jpeg"}],"twitter_card":"summary_large_image","twitter_misc":{"Gesch\u00e4tzte Lesezeit":"1\u00a0Minute"},"schema":{"@context":"https:\/\/schema.org","@graph":[{"@type":"WebPage","@id":"https:\/\/www.geertjehansen.it\/de\/home\/ueber-mich\/","url":"https:\/\/www.geertjehansen.it\/de\/home\/ueber-mich\/","name":"\u00dcber mich | Geertje Hansen | Stadtf\u00fchrerin Florenz","isPartOf":{"@id":"https:\/\/www.geertjehansen.it\/de\/#website"},"primaryImageOfPage":{"@id":"https:\/\/www.geertjehansen.it\/de\/home\/ueber-mich\/#primaryimage"},"image":{"@id":"https:\/\/www.geertjehansen.it\/de\/home\/ueber-mich\/#primaryimage"},"thumbnailUrl":"https:\/\/www.geertjehansen.it\/wp-content\/uploads\/2021\/04\/geertje-hansen-ico-e1618335897754-1.jpg","datePublished":"2021-03-29T12:41:26+00:00","dateModified":"2021-05-17T10:22:58+00:00","description":"Ich hei\u00dfe Geertje und arbeite seit \u00fcber 20 Jahren als offizielle Stadtf\u00fchrerin in Italien. Ich hoffe, dass Sie mich auf einem meiner Spazierg\u00e4nge begleiten m\u00f6chten, um gemeinsam Florenz kennen zu lernen.","breadcrumb":{"@id":"https:\/\/www.geertjehansen.it\/de\/home\/ueber-mich\/#breadcrumb"},"inLanguage":"de","potentialAction":[{"@type":"ReadAction","target":["https:\/\/www.geertjehansen.it\/de\/home\/ueber-mich\/"]}]},{"@type":"ImageObject","inLanguage":"de","@id":"https:\/\/www.geertjehansen.it\/de\/home\/ueber-mich\/#primaryimage","url":"https:\/\/www.geertjehansen.it\/wp-content\/uploads\/2021\/04\/geertje-hansen-ico-e1618335897754-1.jpg","contentUrl":"https:\/\/www.geertjehansen.it\/wp-content\/uploads\/2021\/04\/geertje-hansen-ico-e1618335897754-1.jpg","width":670,"height":720,"caption":"Geertje Hansen, Licensed tour guide for Florence & Tuscany"},{"@type":"BreadcrumbList","@id":"https:\/\/www.geertjehansen.it\/de\/home\/ueber-mich\/#breadcrumb","itemListElement":[{"@type":"ListItem","position":1,"name":"Home","item":"https:\/\/www.geertjehansen.it\/de\/"},{"@type":"ListItem","position":2,"name":"Home","item":"https:\/\/www.geertjehansen.it\/de\/"},{"@type":"ListItem","position":3,"name":"\u00dcber mich"}]},{"@type":"WebSite","@id":"https:\/\/www.geertjehansen.it\/de\/#website","url":"https:\/\/www.geertjehansen.it\/de\/","name":"Geertje Hansen","description":"Florence Tour Guide","publisher":{"@id":"https:\/\/www.geertjehansen.it\/de\/#organization"},"potentialAction":[{"@type":"SearchAction","target":{"@type":"EntryPoint","urlTemplate":"https:\/\/www.geertjehansen.it\/de\/?s={search_term_string}"},"query-input":{"@type":"PropertyValueSpecification","valueRequired":true,"valueName":"search_term_string"}}],"inLanguage":"de"},{"@type":"Organization","@id":"https:\/\/www.geertjehansen.it\/de\/#organization","name":"Geertje Hansen","url":"https:\/\/www.geertjehansen.it\/de\/","logo":{"@type":"ImageObject","inLanguage":"de","@id":"https:\/\/www.geertjehansen.it\/de\/#\/schema\/logo\/image\/","url":"https:\/\/www.geertjehansen.it\/wp-content\/uploads\/2021\/04\/geertje-hansen-logo.png","contentUrl":"https:\/\/www.geertjehansen.it\/wp-content\/uploads\/2021\/04\/geertje-hansen-logo.png","width":465,"height":136,"caption":"Geertje Hansen"},"image":{"@id":"https:\/\/www.geertjehansen.it\/de\/#\/schema\/logo\/image\/"}}]}},"_links":{"self":[{"href":"https:\/\/www.geertjehansen.it\/de\/wp-json\/wp\/v2\/pages\/216","targetHints":{"allow":["GET"]}}],"collection":[{"href":"https:\/\/www.geertjehansen.it\/de\/wp-json\/wp\/v2\/pages"}],"about":[{"href":"https:\/\/www.geertjehansen.it\/de\/wp-json\/wp\/v2\/types\/page"}],"author":[{"embeddable":true,"href":"https:\/\/www.geertjehansen.it\/de\/wp-json\/wp\/v2\/users\/1"}],"replies":[{"embeddable":true,"href":"https:\/\/www.geertjehansen.it\/de\/wp-json\/wp\/v2\/comments?post=216"}],"version-history":[{"count":3,"href":"https:\/\/www.geertjehansen.it\/de\/wp-json\/wp\/v2\/pages\/216\/revisions"}],"predecessor-version":[{"id":798,"href":"https:\/\/www.geertjehansen.it\/de\/wp-json\/wp\/v2\/pages\/216\/revisions\/798"}],"up":[{"embeddable":true,"href":"https:\/\/www.geertjehansen.it\/de\/wp-json\/wp\/v2\/pages\/625"}],"wp:featuredmedia":[{"embeddable":true,"href":"https:\/\/www.geertjehansen.it\/de\/wp-json\/wp\/v2\/media\/642"}],"wp:attachment":[{"href":"https:\/\/www.geertjehansen.it\/de\/wp-json\/wp\/v2\/media?parent=216"}],"curies":[{"name":"wp","href":"https:\/\/api.w.org\/{rel}","templated":true}]}}